{"id":3811,"date":"2021-03-09T15:41:42","date_gmt":"2021-03-09T14:41:42","guid":{"rendered":"https:\/\/quantumtec.org\/for-experts\/"},"modified":"2023-01-03T13:03:20","modified_gmt":"2023-01-03T12:03:20","slug":"for-experts","status":"publish","type":"page","link":"https:\/\/quantumtec.org\/en\/for-experts\/","title":{"rendered":"For experts"},"content":{"rendered":"<div data-label=\"Digital Excellene Club\" data-id=\"features--1\" data-export-id=\"features-13\" data-category=\"features\" class=\"features-13 content-section content-section-spacing\" id=\"digital-excellene-club-1\" style=\"background-color: rgb(245, 250, 253);\"><div class=\"gridContainer\"> <div class=\"row text-center\"><div class=\"section-title-col\" data-type=\"column\"> <h2 class=\"\"><span style=\"font-weight: 300;\">Only for the best:<\/span> The <span style=\"font-weight: 600;\">Digital Excellence Club<\/span><\/h2> <p class=\"lead\">Apply in our network\n<br><b>Advantages<\/b> \n<br>Our first point of contact when it comes to filling open projects or positions is our network. This consists of selected IT experts in the areas of product, UX, development and Agile methods.<\/p><\/div> <\/div> <div class=\"row spaced-cols\" data-type=\"row\"> <div class=\"col col-sm-6 col-md-3 space-bottom\"> <i class=\"fa icon fa-check-circle bordered round large color1\"><\/i>  <p class=\"\"><br>\n<span style=\"color: rgb(0, 141, 20); font-weight: 700;\">\u2713<\/span> Benefit from being among the first when it comes to new projects and positions.<\/p> <\/div> <div class=\"col col-sm-6 col-md-3 space-bottom\"><i class=\"fa icon fa-globe bordered round large color1\"><\/i>  <p class=\"\">\n<br><span style=\"font-weight: 700; color: rgb(0, 141, 20);\">\u2713<\/span> Exchange ideas with like-minded people, expand your network.\n<br><br><span style=\"font-weight: 700; color: rgb(0, 141, 20);\">\u2713<\/span> Develop yourself on an international level with the opportunity to work at our nearshoring locations.<\/p> <\/div> <div class=\"col col-sm-6 col-md-3 space-bottom\"><i class=\"fa icon fa-certificate bordered round large color1\"><\/i>  <p class=\"\">\n<br><span style=\"font-weight: 600; color: rgb(0, 141, 20);\">\u2713<\/span> You have more than five years of experience as a developer\/Scrum Master\/Productler or Uxler.\n<br><br><span style=\"font-weight: 600; color: rgb(0, 141, 20);\">\u2713<\/span> You have worked in at least one company with more than 50 employees.\n<br><br><span style=\"font-weight: 600; color: rgb(0, 141, 20);\">\u2713<\/span> Your place of residence and\/or work is in Germany, Austria or Switzerland.<\/p> <\/div>  <div class=\"col col-sm-6 col-md-3 space-bottom\"> <i class=\"fa icon fa-angellist bordered round large color1\"><\/i>  <p class=\"\"><br><span style=\"font-weight: 600; color: rgb(0, 141, 20);\">\u2713<\/span> You are German and English speaking, a third language is an advantage.<br><br>\n<span style=\"font-weight: 600; color: rgb(0, 141, 20);\">\u2713<\/span> You are recommended by a DEC member or nominate two colleagues to act as a reference for you.<\/p> <\/div><\/div><\/div> <\/div><div data-label=\"Cta\" data-id=\"cta--2\" data-export-id=\"cta-centered-bg-section\" data-category=\"cta\" data-section-ov=\"1\" class=\"cta-centered-bg-section content-section content-section-spacing-medium white-text content-relative\" data-parallax-depth=\"20\" id=\"cta-2\" style=\"background-color: rgb(245, 250, 253); background-image: url(\"https:\/\/quantumtec.org\/wp-content\/uploads\/2022\/05\/il-vagabiondo-0YofAnn_UJk-unsplash-scaled.jpg\"); background-size: cover; background-position: center top;\"><div class=\"gridContainer\"> <div class=\"row text-center\"><div data-type=\"column\" class=\"\"> <h2 class=\"\">Make a request!  <span class=\"font-300\">Arrange call back<\/span><\/h2> <a class=\"button big color1\" href=\"https:\/\/quantumtec.org\/call-back\" target=\"lightbox\" data-cp-link=\"1\" data-icon=\"\" rel=\"noopener\">LOSING NOW<\/a><\/div> <\/div><\/div> <div class=\"section-separator-bottom\">\n    <svg xmlns=\"http:\/\/www.w3.org\/2000\/svg\" viewbox=\"0 0 1000 100\" preserveaspectratio=\"none\" data-separator-name=\"mountains\" class=\"section-separator-bottom\">\n\t<path class=\"svg-white-bg\" opacity=\"0.33\" d=\"M473,67.3c-203.9,88.3-263.1-34-320.3,0C66,119.1,0,59.7,0,59.7V0h1000v59.7 c0,0-62.1,26.1-94.9,29.3c-32.8,3.3-62.8-12.3-75.8-22.1C806,49.6,745.3,8.7,694.9,4.7S492.4,59,473,67.3z\"><\/path>\n\t<path class=\"svg-white-bg\" opacity=\"0.66\" d=\"M734,67.3c-45.5,0-77.2-23.2-129.1-39.1c-28.6-8.7-150.3-10.1-254,39.1 s-91.7-34.4-149.2,0C115.7,118.3,0,39.8,0,39.8V0h1000v36.5c0,0-28.2-18.5-92.1-18.5C810.2,18.1,775.7,67.3,734,67.3z\"><\/path>\n\t<path class=\"svg-white-bg\" d=\"M766.1,28.9c-200-57.5-266,65.5-395.1,19.5C242,1.8,242,5.4,184.8,20.6C128,35.8,132.3,44.9,89.9,52.5C28.6,63.7,0,0,0,0 h1000c0,0-9.9,40.9-83.6,48.1S829.6,47,766.1,28.9z\"><\/path>\n<\/svg>\n<\/div><\/div><div data-label=\"Community\" data-id=\"content--7\" data-export-id=\"content-12\" data-category=\"content\" class=\"content-12 content-section content-section-spacing\" id=\"community\" style=\"background-color: rgb(52, 58, 64); background-image: none;\">\n<div class=\"\">\n<div class=\"row text-center\">\n<div class=\"section-title-col\" data-type=\"column\">\n<h2 class=\"\"><span style=\"color: rgb(249, 249, 250); font-family: Poppins, arial, helvetica, sans-serif;\">More community less mediation<\/span><\/h2>\n<p class=\"lead\"><span style=\"color: rgb(255, 255, 255); font-family: Poppins, arial, helvetica, sans-serif;\">After 20 years of experience in IT, we know where the shoe pinches or which client\/employer suits you.<\/span><\/p>\n\n<\/div>\n<\/div>\n<div class=\"row center-xs middle-xs\">\n<div class=\"col-sm-9\" data-type=\"column\"><\/div>\n<\/div>\n<\/div>\n<\/div><div data-label=\"join us\" data-id=\"overlappable--1\" data-export-id=\"overlappable-4\" data-category=\"overlappable\" class=\"overlappable-4 content-section content-section-spacing content-relative\" data-overlap=\"true\" id=\"join-us\" style=\"background-color: rgb(255, 255, 255);\">\n<div class=\"\">\n<div data-type=\"row\" class=\"row spaced-cols text-center\">\n<div class=\"col-xs-12 col-sm-4 col-padding\"> <i class=\"fa icon shadow-large-black aligncenter fa-handshake-o large color6\"><\/i>\n<div data-type=\"column\" class=\"\">\n<h5 class=\"\">SERIES MEDIATION<\/h5>\n<p class=\"\"><span style=\"font-family: Poppins, arial, helvetica, sans-serif; font-weight: 300;\">Once in our network, we value long-term relationships. Accordingly, our cooperation does not end with a placement as a freelancer or in a permanent position.<\/span><br><span style=\"font-family: Poppins, arial, helvetica, sans-serif; font-weight: 300;\">\nAfterwards, it is also important to us what happens next for you, whether you feel comfortable and when you are looking for a follow-up project.<\/span><\/p>\n\n<\/div>\n<\/div>\n<div class=\"col-xs-12 col-sm-4 col-padding\"> <i class=\"fa icon shadow-large-black aligncenter fa-graduation-cap large color6\"><\/i>\n<div data-type=\"column\" class=\"\">\n<h5 class=\"\"><span style=\"font-family: Poppins, arial, helvetica, sans-serif;\">DRIVEN BY EXPERTS<\/span><\/h5>\n<p class=\"\"><span style=\"font-family: Poppins, arial, helvetica, sans-serif; font-weight: 300;\">We come from a digital product development background. In the last 20 years, we have been able to gain experience there as freelancers and as permanent employees alike and know what is important for a project to be successful for both sides.  <\/span><\/p>\nThe same applies to the placement of permanent professionals. Here, too, we carefully match clients with our candidates. True to the motto &#8220;class instead of mass&#8221;.\n\n<\/div>\n<\/div>\n<div class=\"col-xs-12 col-sm-4 col-padding\"> <i class=\"fa icon shadow-large-black aligncenter fa-globe large color6\"><\/i>\n<div data-type=\"column\" class=\"\">\n<h5 class=\"\">INTERNATIONAL<\/h5>\n<p class=\"\"><span style=\"font-family: Poppins, arial, helvetica, sans-serif; font-weight: 300;\">Again and again we look for<\/span><br><span style=\"font-family: Poppins, arial, helvetica, sans-serif; font-weight: 300;\">\nColleagues who travel with us. For our location in M\u00e1laga, we regularly need communication professionals to help us communicate business requirements or methodologies between the DACH regions and Southern Spain.<\/span><\/p>\nHere we are mainly looking for the roles of Product Owner, Scrum Master and UX Designer.\n\n<\/div>\n<\/div>\n<\/div>\n<\/div>\n<\/div><div data-label=\"Cta\" data-id=\"cta--1\" data-export-id=\"cta-centered-section-grid\" data-category=\"cta\" class=\"cta-centered-section-grid content-section content-section-spacing-medium bg-color1 white-text\" id=\"cta-1\" style=\"background-image: none; background-color: rgb(52, 58, 64);\">\n<div class=\"gridContainer\">\n<div class=\"row text-center\">\n<div class=\"col-xs-12 col-sm-10 col-sm-offset-1 col-md-8 col-md-offset-2\" data-type=\"column\">\n<h2 class=\"\"><span style=\"font-family: Poppins, arial, helvetica, sans-serif;\">Become part of QUANTUM!\n<\/span><\/h2>\n<a class=\"button big color-white\" href=\"https:\/\/quantumtec.org\/call-back\" target=\"lightbox\" data-cp-link=\"1\" data-icon=\"\" rel=\"noopener\">ARRANGE CALL BACK<\/a>\n\n<\/div>\n<\/div>\n<\/div>\n<\/div><div data-label=\"Contact Muenchen\" data-id=\"contact--1\" data-export-id=\"contact-6\" data-category=\"contact\" class=\"contact-5 content-section content-section-spacing\" id=\"contact-muenchen\" style=\"background-color: rgb(255, 255, 255); background-image: none;\">\n<div class=\"\">\n<div class=\"row text-center\">\n<div class=\"section-title-col\" data-type=\"column\">\n<h2 class=\"\">Contact us<\/h2>\n<p class=\"lead\">You are available soon, interested in the Digital Excellence Club or just want to get to know us? We look forward to hearing from you!<\/p>\n\n<\/div>\n<\/div>\n<div class=\"row middle-sm\">\n<div class=\"col-xs-12 col-sm-6 image-holder space-bottom-xs\">\n<div data-content-shortcode=\"mesmerize_maps address=\"Schellingstrasse 109a, 80798 M\u00fcnchen\" zoom=\"65\"\" data-editable=\"true\" class=\"shadow-medium\">        <div class=\"mesmerize-google-maps\" style=\"width:100%\">\n            <iframe style=\"width:100%; height:100%;min-height:inherit;display:block;\" src=\"https:\/\/maps.google.com\/maps?q=Schellingstrasse%20109a,%2080798%20M\u00fcnchen&#038;z=14&#038;output=embed&#038;iwloc=near\"><\/iframe>\n        <\/div>\n    <\/div>\n<\/div>\n<div class=\"col-xs-12 col-sm-6\">\n<div class=\"row middle-sm\">\n<div data-type=\"column\" class=\"col-xs-12 space-bottom-small\"><\/div>\n<\/div>\n<div class=\"row middle-sm\" data-type=\"row\">\n<div class=\"col-xs-12 space-bottom-small\">\n<div class=\"row\">\n<div data-type=\"column\" class=\"col-xs-12 col-sm-fit label-col\"><\/div>\n<div data-type=\"column\" class=\"col-xs-12 col-sm\">\n<h1 class=\"\">Munich, Bavaria<\/h1>\n<p class=\"\">Schellingstra\u00dfe 109 a,&nbsp;80798 Munich, Germany<\/p>\n\n<\/div>\n<\/div>\n<\/div>\n<div class=\"col-xs-12 space-bottom-small\">\n<div class=\"row\">\n<div data-type=\"column\" class=\"col-xs-12 col-sm-fit label-col\">\n<h5 class=\"\">Phone:<\/h5>\n<p class=\"\">Mail:<\/p>\n\n<\/div>\n<div data-type=\"column\" class=\"col-xs-12 col-sm\">\n<p class=\"\">  49 89 21 53 44 97<\/p>\n<p class=\"\">info@quantumtec.org<\/p>\n\n<\/div>\n<\/div>\n<\/div>\n<\/div>\n<\/div>\n<\/div>\n<\/div>\n<\/div><div data-label=\"Contact Malaga\" data-id=\"contact--2\" data-export-id=\"contact-6\" data-category=\"contact\" class=\"contact-5 content-section content-section-spacing\" id=\"contact-malaga\" style=\"background-color: rgb(245, 250, 253);\">\n<div class=\"\">\n<div class=\"row text-center\">\n<div class=\"section-title-col\" data-type=\"column\"><\/div>\n<\/div>\n<div class=\"row middle-sm\">\n<div class=\"col-xs-12 col-sm-6 image-holder space-bottom-xs\">\n<div data-content-shortcode=\"mesmerize_maps address=\"C\/ Marqu\u00e9s de Larios, 4, 29005, M\u00e1laga Espa\u00f1a\" zoom=\"65\"\" data-editable=\"true\" class=\"shadow-medium\">        <div class=\"mesmerize-google-maps\" style=\"width:100%\">\n            <iframe style=\"width:100%; height:100%;min-height:inherit;display:block;\" src=\"https:\/\/maps.google.com\/maps?q=C\/%20Marqu\u00e9s%20de%20Larios,%204,%2029005,%20M\u00e1laga%20Espa\u00f1a&#038;z=14&#038;output=embed&#038;iwloc=near\"><\/iframe>\n        <\/div>\n    <\/div>\n<\/div>\n<div class=\"col-xs-12 col-sm-6\">\n<div class=\"row middle-sm\">\n<div data-type=\"column\" class=\"col-xs-12 space-bottom-small\"><\/div>\n<\/div>\n<div class=\"row middle-sm\" data-type=\"row\">\n<div class=\"col-xs-12 space-bottom-small\">\n<div class=\"row\">\n<div data-type=\"column\" class=\"col-xs-12 col-sm-fit label-col\"><\/div>\n<div data-type=\"column\" class=\"col-xs-12 col-sm\">\n<h1 class=\"\">M\u00e1laga, Andalusia<\/h1>\n<p class=\"\">C\/ Marqu\u00e9s de Larios, 4, 29005, M\u00e1laga\n\nEspa\u00f1a<\/p>\n\n<\/div>\n<\/div>\n<\/div>\n<div class=\"col-xs-12 space-bottom-small\">\n<div class=\"row\">\n<div data-type=\"column\" class=\"col-xs-12 col-sm-fit label-col\">\n<h5 class=\"\">Phone:<\/h5>\n<\/div>\n<div data-type=\"column\" class=\"col-xs-12 col-sm\">\n<p class=\"\">  34 951 23 15 21<\/p>\n\n<\/div>\n<\/div>\n<\/div>\n<\/div>\n<\/div>\n<\/div>\n<\/div>\n<\/div><div data-label=\"Contact Wuerzburg\" data-id=\"contact--3\" data-export-id=\"contact-6\" data-category=\"contact\" class=\"contact-5 content-section content-section-spacing\" id=\"contact-wuerzburg\" style=\"background-color: rgb(255, 255, 255);\">\n<div class=\"\">\n<div class=\"row text-center\">\n<div class=\"section-title-col\" data-type=\"column\"><\/div>\n<\/div>\n<div class=\"row middle-sm\">\n<div class=\"col-xs-12 col-sm-6 image-holder space-bottom-xs\">\n<div data-content-shortcode=\"mesmerize_maps address=\"Hofstra\u00dfe 10, 97070 W\u00fcrzburg\" zoom=\"65\"\" data-editable=\"true\" class=\"shadow-medium\">        <div class=\"mesmerize-google-maps\" style=\"width:100%\">\n            <iframe style=\"width:100%; height:100%;min-height:inherit;display:block;\" src=\"https:\/\/maps.google.com\/maps?q=Hofstra\u00dfe%2010,%2097070%20W\u00fcrzburg&#038;z=14&#038;output=embed&#038;iwloc=near\"><\/iframe>\n        <\/div>\n    <\/div>\n<\/div>\n<div class=\"col-xs-12 col-sm-6\">\n<div class=\"row middle-sm\">\n<div data-type=\"column\" class=\"col-xs-12 space-bottom-small\"><\/div>\n<\/div>\n<div class=\"row middle-sm\" data-type=\"row\">\n<div class=\"col-xs-12 space-bottom-small\">\n<div class=\"row\">\n<div data-type=\"column\" class=\"col-xs-12 col-sm-fit label-col\"><\/div>\n<div data-type=\"column\" class=\"col-xs-12 col-sm\">\n<h1 class=\"\">W\u00fcrzburg, Bavaria<\/h1>\n<p class=\"\"><span><b>Destination I<\/b><br>Hofstra\u00dfe<\/span> <span>10<\/span>\n<br>97070 W\u00fcrzburg<br><span>\n  \n\n  <br>\n  <b>Destination II<\/b>\n<\/span>Leighton Street 3\n<br>97074 W\u00fcrzburg\n<br>Skyline Hill Center (Center for Digital Innovation)<\/p>\n\n<\/div>\n<\/div>\n<\/div>\n<\/div>\n<\/div>\n<\/div>\n<\/div>\n<\/div>","protected":false},"excerpt":{"rendered":"<p>Only for the best: The Digital Excellence Club Apply in our network Advantages Our first point of contact when it comes to filling open projects or positions is our network. This consists of selected IT experts in the areas of product, UX, development and Agile methods. \u2713 Benefit from being among the first when it&hellip; <br \/> <a class=\"read-more\" href=\"https:\/\/quantumtec.org\/en\/for-experts\/\">Read more<\/a><\/p>\n","protected":false},"author":1,"featured_media":0,"parent":0,"menu_order":10,"comment_status":"closed","ping_status":"closed","template":"pro\/page-templates\/full-width-page.php","meta":{"footnotes":""},"class_list":["post-3811","page","type-page","status-publish","hentry"],"_links":{"self":[{"href":"https:\/\/quantumtec.org\/en\/wp-json\/wp\/v2\/pages\/3811","targetHints":{"allow":["GET"]}}],"collection":[{"href":"https:\/\/quantumtec.org\/en\/wp-json\/wp\/v2\/pages"}],"about":[{"href":"https:\/\/quantumtec.org\/en\/wp-json\/wp\/v2\/types\/page"}],"author":[{"embeddable":true,"href":"https:\/\/quantumtec.org\/en\/wp-json\/wp\/v2\/users\/1"}],"replies":[{"embeddable":true,"href":"https:\/\/quantumtec.org\/en\/wp-json\/wp\/v2\/comments?post=3811"}],"version-history":[{"count":13,"href":"https:\/\/quantumtec.org\/en\/wp-json\/wp\/v2\/pages\/3811\/revisions"}],"predecessor-version":[{"id":6270,"href":"https:\/\/quantumtec.org\/en\/wp-json\/wp\/v2\/pages\/3811\/revisions\/6270"}],"wp:attachment":[{"href":"https:\/\/quantumtec.org\/en\/wp-json\/wp\/v2\/media?parent=3811"}],"curies":[{"name":"wp","href":"https:\/\/api.w.org\/{rel}","templated":true}]}}