{"id":3818,"date":"2020-12-16T19:32:45","date_gmt":"2020-12-16T18:32:45","guid":{"rendered":"https:\/\/quantumtec.org\/imprint\/"},"modified":"2024-11-01T13:52:36","modified_gmt":"2024-11-01T12:52:36","slug":"imprint","status":"publish","type":"page","link":"https:\/\/quantumtec.org\/en\/imprint\/","title":{"rendered":"Imprint"},"content":{"rendered":"<div data-label=\"Contact\" data-id=\"contact--2\" data-export-id=\"contact-3\" data-category=\"contact\" class=\"contact-3 content-section content-section-spacing content-relative\" id=\"contact-2\" style=\"background-color: rgb(245, 250, 253); background-size: cover; background-position: center top; background-image: url(\"https:\/\/quantumtec.org\/wp-content\/uploads\/2023\/02\/Bildschirm\u00adfoto-2023-02-14-um-18.07.40.png\");\"><div class=\"section-separator-top\">\n    <svg class=\"section-separator-top\" data-separator-name=\"triangle-asymmetrical-negative\" preserveaspectratio=\"none\" viewbox=\"0 0 1000 100\" xmlns=\"http:\/\/www.w3.org\/2000\/svg\">\n        <path class=\"svg-white-bg\" d=\"M737.9,94.7L0,0v100h1000V0L737.9,94.7z\"><\/path>\n    <\/svg>\n<\/div><div class=\"gridContainer\"> <div class=\"row\"><div class=\"col-xs-12 col-sm-6 col-sm-offset-6 col-md-5 col-md-offset-7 text-center\"> <div data-type=\"column\" class=\"card large-padding\"><h2 class=\"font-300\">Get in Touch<\/h2> <h4 class=\"font-300\">QUANTUM<\/h4> <p class=\"\">Schellingstr. 109a <br>80798 Munich<\/p> <p class=\"\">Phone: +49 89 21 52 74 40<\/p> <p class=\"\">Email: weloveit@quantumtec.org<\/p> <\/div> <\/div><\/div> <\/div><\/div><div data-label=\"About\" data-id=\"about--1\" data-export-id=\"about-10\" data-category=\"about\" class=\"about-10 content-section content-section-spacing\" id=\"about-1\" style=\"background-color: rgb(255, 255, 255);\"><div class=\"gridContainer\"> <div class=\"row middle-sm text-center\"><div class=\"col-sm-5 space-bottom-xs content-column\" data-type=\"column\"> <h5 class=\"\">MUNICH WUERZBURG M\u00c1LAGA<\/h5> <h2 class=\"\" style=\"text-align: left;\">QUANTUM International<\/h2> <p class=\"\" style=\"text-align: left;\"><span style=\"font-weight: 700;\">Service provider &#8211; Service provider<\/span><br>\n\n<br><br><b>QUANTUM International GmbH &amp; Co. KG<\/b><br>Managing Director: Burkhard S\u00fcssenguth <br><br>Schellingstr. 109a<br> 80798 Munich<br> Germany   <br><br>Munich Registry Court<br> HRA 114306<br> VAT ID: DE344668251<br><br>Authorized representatives<br> Authorized representative: QUANTUM International GmbH &amp; Co. KG<br> Managing Director: Burkhard S\u00fcssenguth  <br><br> <span><span> Personally liable partner<\/span><\/span><br>QUANTUM Management GmbH<br> Schellingstr. 109a<br> 80798 Munich<br><br>Register Court Munich<br> HRB 266374<br><br>Managing Director<br> Burkhard S\u00fcssenguth <br><br><b>QUANTUM TECH LABS GmbH <\/b>HRB 16517 <br>Sales tax ID: DE322858982<br><br>Hofstra\u00dfe<br> 97070 W\u00fcrzburg<br> Germany  <br><br>  Managing Director: <br>Burkhard S\u00fcssenguth<br><br><b>EDOOly <\/b>A trademark of QUANTUM TECH LABS GmbH <br>Trademark no.: 30 2024 232 748<br> File number: 30 2024 232 748.0<br><br><b>Office Spain<\/b><br> Phone: 34 951 23 15 21<br> C\/ Marqu\u00e9s de Larios, 4 29008, M\u00e1laga<br> Espa\u00f1a  <br><br>\n<span style=\"font-weight: 600;\">Contact options<\/span><br> E-mail address: info@q-m.io<br>\n\n<br><span style=\"font-weight: 600;\">Company details<\/span><br> Professional indemnity insurance<br> Allianz Versicherungs AG<br> 10900 Berlin<br><br><span style=\"font-weight: 600;\">Online dispute resolution (OS)<\/span><br> Online dispute resolution: The European Commission provides a platform for online dispute resolution (ODR), which you can find at https:\/\/ec.europa.eu\/consumers\/odr\/. Consumers have the possibility to use this platform for the settlement of their disputes.<br>\n\n<br><span style=\"font-weight: 600;\">Liability and proprietary notices<\/span><br> Disclaimer: The contents of this online offer have been compiled carefully and to the best of our current knowledge, but are for information purposes only and have no legally binding effect, unless it is legally binding information (e.g. the imprint, the privacy policy, terms and conditions or mandatory instructions for consumers). We reserve the right to change or delete the contents completely or partially, as far as contractual obligations remain unaffected. All offers are subject to change and non-binding.<br>\n\n<br><span style=\"font-weight: 600;\">Links to external websites<\/span>: The content of external websites to which we refer directly or indirectly is outside our area of responsibility and we do not adopt it as our own. The provider of the linked websites is solely liable for all content and in particular for damages arising from the use of the information available on the linked websites.  <br><br>\n<span style=\"font-weight: 600;\">Copyrights and trademark rights<\/span>: All content presented on this website, such as texts, photographs, graphics, brands and trademarks are protected by the respective property rights (copyrights, trademark rights). The use, reproduction, etc. are subject to our rights or the rights of the respective authors or rights administrators.<br> Information on legal violations: If you notice any legal infringements on our website, please inform us of them. We will remove illegal content and links immediately after becoming aware of them.<br>\n\n<br><span style=\"font-weight: 600;\">Image credits<\/span><br> Image sources and copyright notices:<br> Shutterstock, Istockphoto.com, <a data-mce-href=\"https:\/\/unsplash.com\/\" href=\"https:\/\/unsplash.com\" target=\"_blank\" rel=\"noopener\" data-mce-selected=\"inline-boundary\" data-cp-link=\"1\" class=\"\">unsplash<\/a>, own images<br> Nearshore: Thanks a million to <a data-mce-href=\"https:\/\/www.firstworkplaces.com\/malaga\/larios\/coworking.html\" href=\"https:\/\/www.firstworkplaces.com\/malaga\/larios\/coworking.html\" target=\"_blank\" rel=\"noopener\" data-mce-selected=\"inline-boundary\" data-cp-link=\"1\" class=\"\">Larios First Workplaces<\/a>, <a data-mce-href=\"https:\/\/www.zdi-mainfranken.de\/\" href=\"https:\/\/www.zdi-mainfranken.de\" target=\"_blank\" rel=\"noopener\" data-mce-selected=\"inline-boundary\" data-cp-link=\"1\" class=\"\">ZDI W\u00fcrzburg<\/a><\/p> <\/div> <div class=\"col-sm-7 flexbox middle-xs center-xs space-bottom-xs\"><div class=\"overlay-box middle-xs center-xs flexbox\"> <div class=\"overlay-box-offset offset-border shadow-medium border-color1 hide-xs\"><\/div> <img decoding=\"async\" class=\"shadow-large lazy-loaded\" data-size=\"485x705\" src=\"https:\/\/quantumtec.org\/wp-content\/uploads\/2023\/02\/cropped-564154_img_1870.jpg\" data-lazy-type=\"image\" data-src=\"https:\/\/quantumtec.org\/wp-content\/uploads\/2023\/02\/cropped-564154_img_1870.jpg\" title=\"Skyline Hill Center\" alt=\"Skyline Hill Center\"><\/div> <\/div><\/div> <\/div><\/div>","protected":false},"excerpt":{"rendered":"<p>Get in Touch QUANTUM Schellingstr. 109a 80798 Munich Phone: +49 89 21 52 74 40 Email: weloveit@quantumtec.org MUNICH WUERZBURG M\u00c1LAGA QUANTUM International Service provider &#8211; Service provider QUANTUM International GmbH &amp; Co. KGManaging Director: Burkhard S\u00fcssenguth Schellingstr. 109a 80798 Munich Germany Munich Registry Court HRA 114306 VAT ID: DE344668251Authorized representatives Authorized representative: QUANTUM International GmbH&hellip; <br \/> <a class=\"read-more\" href=\"https:\/\/quantumtec.org\/en\/imprint\/\">Read more<\/a><\/p>\n","protected":false},"author":1,"featured_media":0,"parent":0,"menu_order":26,"comment_status":"closed","ping_status":"open","template":"pro\/page-templates\/full-width-page.php","meta":{"footnotes":""},"class_list":["post-3818","page","type-page","status-publish","hentry"],"_links":{"self":[{"href":"https:\/\/quantumtec.org\/en\/wp-json\/wp\/v2\/pages\/3818","targetHints":{"allow":["GET"]}}],"collection":[{"href":"https:\/\/quantumtec.org\/en\/wp-json\/wp\/v2\/pages"}],"about":[{"href":"https:\/\/quantumtec.org\/en\/wp-json\/wp\/v2\/types\/page"}],"author":[{"embeddable":true,"href":"https:\/\/quantumtec.org\/en\/wp-json\/wp\/v2\/users\/1"}],"replies":[{"embeddable":true,"href":"https:\/\/quantumtec.org\/en\/wp-json\/wp\/v2\/comments?post=3818"}],"version-history":[{"count":15,"href":"https:\/\/quantumtec.org\/en\/wp-json\/wp\/v2\/pages\/3818\/revisions"}],"predecessor-version":[{"id":9279,"href":"https:\/\/quantumtec.org\/en\/wp-json\/wp\/v2\/pages\/3818\/revisions\/9279"}],"wp:attachment":[{"href":"https:\/\/quantumtec.org\/en\/wp-json\/wp\/v2\/media?parent=3818"}],"curies":[{"name":"wp","href":"https:\/\/api.w.org\/{rel}","templated":true}]}}