{"id":9479,"date":"2025-05-08T17:16:41","date_gmt":"2025-05-08T15:16:41","guid":{"rendered":"https:\/\/quantumtec.org\/contact\/"},"modified":"2025-05-08T17:16:41","modified_gmt":"2025-05-08T15:16:41","slug":"contact","status":"publish","type":"page","link":"https:\/\/quantumtec.org\/en\/contact\/","title":{"rendered":"Contact"},"content":{"rendered":"<div data-label=\"Wir \u00fcbernehmen alle Schritte f\u00fcr Sie \u2013 schnell, rechtssicher und zuverl\u00e4ssig\" data-id=\"cta--1\" data-export-id=\"cta-blue-section\" data-category=\"cta\" class=\"cta-blue-section content-section content-section-spacing-medium bg-color1 white-text\" id=\"wir-uebernehmen-alle-schritte-fuer-sie-schnell-rechtssicher-und-zuverlaessig\" style=\"background-image: none; background-color: rgb(52, 58, 64);\"><div class=\"gridContainer\"> <div class=\"row middle-xs\"><div class=\"col-sm-8 space-bottom-xs\" data-type=\"column\">  <div data-editable=\"true\" data-name=\"ope-custom-content-shortcode\" data-content-shortcode=\"gravityform id=\"8\" title=\"true\"\" class=\"\"><script type=\"text\/javascript\">var gform;gform||(document.addEventListener(\"gform_main_scripts_loaded\",function(){gform.scriptsLoaded=!0}),window.addEventListener(\"DOMContentLoaded\",function(){gform.domLoaded=!0}),gform={domLoaded:!1,scriptsLoaded:!1,initializeOnLoaded:function(o){gform.domLoaded&&gform.scriptsLoaded?o():!gform.domLoaded&&gform.scriptsLoaded?window.addEventListener(\"DOMContentLoaded\",o):document.addEventListener(\"gform_main_scripts_loaded\",o)},hooks:{action:{},filter:{}},addAction:function(o,n,r,t){gform.addHook(\"action\",o,n,r,t)},addFilter:function(o,n,r,t){gform.addHook(\"filter\",o,n,r,t)},doAction:function(o){gform.doHook(\"action\",o,arguments)},applyFilters:function(o){return gform.doHook(\"filter\",o,arguments)},removeAction:function(o,n){gform.removeHook(\"action\",o,n)},removeFilter:function(o,n,r){gform.removeHook(\"filter\",o,n,r)},addHook:function(o,n,r,t,i){null==gform.hooks[o][n]&&(gform.hooks[o][n]=[]);var e=gform.hooks[o][n];null==i&&(i=n+\"_\"+e.length),gform.hooks[o][n].push({tag:i,callable:r,priority:t=null==t?10:t})},doHook:function(n,o,r){var t;if(r=Array.prototype.slice.call(r,1),null!=gform.hooks[n][o]&&((o=gform.hooks[n][o]).sort(function(o,n){return o.priority-n.priority}),o.forEach(function(o){\"function\"!=typeof(t=o.callable)&&(t=window[t]),\"action\"==n?t.apply(null,r):r[0]=t.apply(null,r)})),\"filter\"==n)return r[0]},removeHook:function(o,n,t,i){var r;null!=gform.hooks[o][n]&&(r=(r=gform.hooks[o][n]).filter(function(o,n,r){return!!(null!=i&&i!=o.tag||null!=t&&t!=o.priority)}),gform.hooks[o][n]=r)}});<\/script>\n                <div class='gf_browser_gecko gform_wrapper gravity-theme gform-theme--no-framework' data-form-theme='gravity-theme' data-form-index='0' id='gform_wrapper_8' style='display:none'>\n                        <div class='gform_heading'>\n                            <h2 class=\"gform_title\">Kontaktieren Sie uns<\/h2>\n                            <p class='gform_description'>Sie m\u00f6chten qualifizierte Fachkr\u00e4fte f\u00fcr Ihre Einrichtung gewinnen? Senden Sie uns eine kurze Anfrage \u2013 wir melden uns zeitnah bei Ihnen f\u00fcr ein unverbindliches Erstgespr\u00e4ch.<\/p>\n                        <\/div><form method='post' enctype='multipart\/form-data'  id='gform_8'  action='\/en\/wp-json\/wp\/v2\/pages\/9479' data-formid='8' novalidate>\n                        <div class='gform-body gform_body'><div id='gform_fields_8' class='gform_fields top_label form_sublabel_above description_below validation_below'><div id=\"field_8_15\" class=\"gfield gfield--type-section gsection field_sublabel_above gfield--has-description field_description_below field_validation_below gfield_visibility_hidden\"  data-js-reload=\"field_8_15\" ><div class='admin-hidden-markup'><i class='gform-icon gform-icon--hidden'><\/i><span>Hidden<\/span><\/div><h3 class=\"gsection_title\">N\u00e4chste Schritte: Ein E-Mail-Add-on synchronisieren<\/h3><div class='gsection_description' id='gfield_description_8_15'>Um das Beste aus deinem Formular herauszuholen, empfehlen wir dir, es mit einem E-Mail-Add-on zu synchronisieren. Um mehr \u00fcber deine E-Mail-Add-on-Optionen zu erfahren, besuche die folgende Seite (https:\/\/www.gravityforms.com\/the-8-best-email-plugins-for-wordpress-in-2020\/). Wichtig: L\u00f6sche diesen Tipp, bevor du das Formular ver\u00f6ffentlichst.<\/div><\/div><div id=\"field_8_7\" class=\"gfield gfield--type-section gsection field_sublabel_above gfield--no-description field_description_below field_validation_below gfield_visibility_visible\"  data-js-reload=\"field_8_7\" ><h3 class=\"gsection_title\">\u00dcber dich<\/h3><\/div><fieldset id=\"field_8_1\" class=\"gfield gfield--type-name gfield_contains_required field_sublabel_above gfield--no-description field_description_below field_validation_below gfield_visibility_visible\"  data-js-reload=\"field_8_1\" ><legend class='gfield_label gform-field-label gfield_label_before_complex' >Dein Name<span class=\"gfield_required\"><span class=\"gfield_required gfield_required_text\">(Required)<\/span><\/span><\/legend><div class='ginput_complex ginput_container ginput_container--name no_prefix has_first_name no_middle_name has_last_name no_suffix gf_name_has_2 ginput_container_name gform-grid-row' id='input_8_1'>\n                            \n                            <span id='input_8_1_3_container' class='name_first gform-grid-col gform-grid-col--size-auto' >\n                                                    <label for='input_8_1_3' class='gform-field-label gform-field-label--type-sub '>First<\/label>\n                                                    <input type='text' name='input_1.3' id='input_8_1_3' value=''   aria-required='true'    autocomplete=\"given-name\" \/>\n                                                <\/span>\n                            \n                            <span id='input_8_1_6_container' class='name_last gform-grid-col gform-grid-col--size-auto' >\n                                                            <label for='input_8_1_6' class='gform-field-label gform-field-label--type-sub '>Last<\/label>\n                                                            <input type='text' name='input_1.6' id='input_8_1_6' value=''   aria-required='true'    autocomplete=\"family-name\" \/>\n                                                        <\/span>\n                            \n                        <\/div><\/fieldset><fieldset id=\"field_8_4\" class=\"gfield gfield--type-address field_sublabel_above gfield--no-description field_description_below field_validation_below gfield_visibility_visible\"  data-js-reload=\"field_8_4\" ><legend class='gfield_label gform-field-label gfield_label_before_complex' >Deine Adresse<\/legend>    \n                    <div class='ginput_complex ginput_container has_street has_street2 has_city has_zip has_country ginput_container_address gform-grid-row' id='input_8_4' >\n                         <span class='ginput_full address_line_1 ginput_address_line_1 gform-grid-col' id='input_8_4_1_container' >\n                                        <label for='input_8_4_1' id='input_8_4_1_label' class='gform-field-label gform-field-label--type-sub '>Street Address<\/label>\n                                        <input type='text' name='input_4.1' id='input_8_4_1' value=''    aria-required='false'   autocomplete=\"address-line1\" \/>\n                                   <\/span><span class='ginput_full address_line_2 ginput_address_line_2 gform-grid-col' id='input_8_4_2_container' >\n                                        <label for='input_8_4_2' id='input_8_4_2_label' class='gform-field-label gform-field-label--type-sub '>Address Line 2<\/label>\n                                        <input type='text' name='input_4.2' id='input_8_4_2' value=''    autocomplete=\"address-line2\" aria-required='false'   \/>\n                                    <\/span><span class='ginput_left address_city ginput_address_city gform-grid-col' id='input_8_4_3_container' >\n                                    <label for='input_8_4_3' id='input_8_4_3_label' class='gform-field-label gform-field-label--type-sub '>City<\/label>\n                                    <input type='text' name='input_4.3' id='input_8_4_3' value=''    aria-required='false'   autocomplete=\"address-level2\" \/>\n                                 <\/span><input type='hidden' class='gform_hidden' name='input_4.4' id='input_8_4_4' value='Virginia'\/><span class='ginput_right address_zip ginput_address_zip gform-grid-col' id='input_8_4_5_container' >\n                                    <label for='input_8_4_5' id='input_8_4_5_label' class='gform-field-label gform-field-label--type-sub '>ZIP Code<\/label>\n                                    <input type='text' name='input_4.5' id='input_8_4_5' value=''    aria-required='false'   autocomplete=\"postal-code\" \/>\n                                <\/span><input type='hidden' class='gform_hidden' name='input_4.6' id='input_8_4_6' value='United States' \/>\n                    <div class='gf_clear gf_clear_complex'><\/div>\n                <\/div><\/fieldset><div id=\"field_8_10\" class=\"gfield gfield--type-section gsection field_sublabel_above gfield--has-description field_description_below field_validation_below gfield_visibility_visible\"  data-js-reload=\"field_8_10\" ><h3 class=\"gsection_title\">Wie k\u00f6nnen wir dich erreichen?<\/h3><div class='gsection_description' id='gfield_description_8_10'>Wir w\u00fcrden uns gerne mit dir unterhalten. Wie k\u00f6nnen wir dich kontaktieren?<\/div><\/div><div id=\"field_8_11\" class=\"gfield gfield--type-select field_sublabel_above gfield--no-description field_description_below field_validation_below gfield_visibility_visible\"  data-js-reload=\"field_8_11\" ><label class='gfield_label gform-field-label' for='input_8_11'>Bevorzugte Kontaktmethode<\/label><div class='ginput_container ginput_container_select'><select name='input_11' id='input_8_11' class='medium gfield_select'     aria-invalid=\"false\" ><option value='Email' >E-Mail<\/option><option value='Phone' >Telefon<\/option><\/select><\/div><\/div><fieldset id=\"field_8_2\" class=\"gfield gfield--type-email gfield_contains_required field_sublabel_above gfield--no-description field_description_below field_validation_below gfield_visibility_visible\"  data-js-reload=\"field_8_2\" ><legend class='gfield_label gform-field-label gfield_label_before_complex' >Deine E-Mail-Adresse<span class=\"gfield_required\"><span class=\"gfield_required gfield_required_text\">(Required)<\/span><\/span><\/legend><div class='ginput_complex ginput_container ginput_container_email gform-grid-row' id='input_8_2_container'>\n                                <span id='input_8_2_1_container' class='ginput_left gform-grid-col gform-grid-col--size-auto'>\n                                    <label for='input_8_2' class='gform-field-label gform-field-label--type-sub '>Email Address<\/label>\n                                    <input class='' type='email' name='input_2' id='input_8_2' value=''    aria-required=\"true\" aria-invalid=\"false\"  autocomplete=\"email\"\/>\n                                <\/span>\n                                <span id='input_8_2_2_container' class='ginput_right gform-grid-col gform-grid-col--size-auto'>\n                                    <label for='input_8_2_2' class='gform-field-label gform-field-label--type-sub '>Confirm Email Address<\/label>\n                                    <input class='' type='email' name='input_2_2' id='input_8_2_2' value=''    aria-required=\"true\" aria-invalid=\"false\"  autocomplete=\"email\"\/>\n                                <\/span>\n                                <div class='gf_clear gf_clear_complex'><\/div>\n                            <\/div><\/fieldset><div id=\"field_8_5\" class=\"gfield gfield--type-phone gfield_contains_required field_sublabel_above gfield--no-description field_description_below field_validation_below gfield_visibility_visible\"  data-js-reload=\"field_8_5\" ><label class='gfield_label gform-field-label' for='input_8_5'>Deine Telefonnummer<span class=\"gfield_required\"><span class=\"gfield_required gfield_required_text\">(Required)<\/span><\/span><\/label><div class='ginput_container ginput_container_phone'><input name='input_5' id='input_8_5' type='tel' value='' class='medium'   aria-required=\"true\" aria-invalid=\"false\"  autocomplete=\"tel\" \/><\/div><\/div><div id=\"field_8_12\" class=\"gfield gfield--type-select gfield_contains_required field_sublabel_above gfield--no-description field_description_below field_validation_below gfield_visibility_visible\"  data-js-reload=\"field_8_12\" ><label class='gfield_label gform-field-label' for='input_8_12'>Beste Zeit, dich anzurufen<span class=\"gfield_required\"><span class=\"gfield_required gfield_required_text\">(Required)<\/span><\/span><\/label><div class='ginput_container ginput_container_select'><select name='input_12' id='input_8_12' class='medium gfield_select'    aria-required=\"true\" aria-invalid=\"false\" ><option value='' selected='selected'>Zeit ausw\u00e4hlen<\/option><option value='12:00 am' >12:00<\/option><option value='12:30 am' >12:30<\/option><option value='1:00 am' >1:00<\/option><option value='1:30 am' >1:30<\/option><option value='2:00 am' >2:00<\/option><option value='2:30 am' >2:30<\/option><option value='3:00 am' >3:00<\/option><option value='3:30 am' >3:30<\/option><option value='4:00 am' >4:00<\/option><option value='4:30 am' >4:30<\/option><option value='5:00 am' >5:00<\/option><option value='5:30 am' >5:30<\/option><option value='6:00 am' >6:00<\/option><option value='6:30 am' >6:30<\/option><option value='7:00 am' >7:00<\/option><option value='7:30 am' >7:30<\/option><option value='8:00 am' >8:00<\/option><option value='8:30 am' >8:30<\/option><option value='9:00 am' >9:00<\/option><option value='9:30 am' >9:30<\/option><option value='10:00 am' >10:00<\/option><option value='10:30 am' >10:30<\/option><option value='11:00 am' >11:00<\/option><option value='11:30 am' >11:30<\/option><option value='12:00 pm' >12:00<\/option><option value='12:30 pm' >12:30<\/option><option value='1:00 pm' >13:00<\/option><option value='1:30 pm' >13:30<\/option><option value='2:00 pm' >14:00<\/option><option value='2:30 pm' >14:30<\/option><option value='3:00 pm' >15:00<\/option><option value='3:30 pm' >15:30<\/option><option value='4:00 pm' >16:00<\/option><option value='4:30 pm' >16:30<\/option><option value='5:00 pm' >17:00<\/option><option value='5:30 pm' >17:30<\/option><option value='6:00 pm' >18:00<\/option><option value='6:30 pm' >18:30<\/option><option value='7:00 pm' >19:00<\/option><option value='7:30 pm' >19:30<\/option><option value='8:00 pm' >20:00<\/option><option value='8:30 pm' >20:30<\/option><option value='9:00 pm' >21:00<\/option><option value='9:30 pm' >21:30<\/option><option value='10:00 pm' >22:00<\/option><option value='10:30 pm' >22:30<\/option><option value='11:00 pm' >23:00<\/option><option value='11:30 pm' >23:30<\/option><\/select><\/div><\/div><div id=\"field_8_8\" class=\"gfield gfield--type-section gsection field_sublabel_above gfield--has-description field_description_below field_validation_below gfield_visibility_visible\"  data-js-reload=\"field_8_8\" ><h3 class=\"gsection_title\">Was besch\u00e4ftigt dich?<\/h3><div class='gsection_description' id='gfield_description_8_8'>Bitte lass uns wissen, was du auf dem Herzen hast. Hast du eine Frage an uns? Dann frag einfach.<\/div><\/div><div id=\"field_8_3\" class=\"gfield gfield--type-textarea gfield_contains_required field_sublabel_above gfield--no-description field_description_below field_validation_below gfield_visibility_visible\"  data-js-reload=\"field_8_3\" ><label class='gfield_label gform-field-label' for='input_8_3'>Deine Kommentare\/Fragen<span class=\"gfield_required\"><span class=\"gfield_required gfield_required_text\">(Required)<\/span><\/span><\/label><div class='ginput_container ginput_container_textarea'><textarea name='input_3' id='input_8_3' class='textarea medium'     aria-required=\"true\" aria-invalid=\"false\"   rows='10' cols='50'><\/textarea><\/div><\/div><div id=\"field_8_16\" class=\"gfield gfield--type-honeypot gform_validation_container field_sublabel_above gfield--has-description field_description_below field_validation_below gfield_visibility_visible\"  data-js-reload=\"field_8_16\" ><label class='gfield_label gform-field-label' for='input_8_16'>Email<\/label><div class='ginput_container'><input name='input_16' id='input_8_16' type='text' value='' autocomplete='new-password'\/><\/div><div class='gfield_description' id='gfield_description_8_16'>This field is for validation purposes and should be left unchanged.<\/div><\/div><\/div><\/div>\n        <div class='gform_footer top_label'> <input type='submit' id='gform_submit_button_8' class='gform_button button' value='Absenden'  onclick='if(window[\"gf_submitting_8\"]){return false;}  if( !jQuery(\"#gform_8\")[0].checkValidity || jQuery(\"#gform_8\")[0].checkValidity()){window[\"gf_submitting_8\"]=true;}  ' onkeypress='if( event.keyCode == 13 ){ if(window[\"gf_submitting_8\"]){return false;} if( !jQuery(\"#gform_8\")[0].checkValidity || jQuery(\"#gform_8\")[0].checkValidity()){window[\"gf_submitting_8\"]=true;}  jQuery(\"#gform_8\").trigger(\"submit\",[true]); }' \/> \n            <input type='hidden' class='gform_hidden' name='is_submit_8' value='1' \/>\n            <input type='hidden' class='gform_hidden' name='gform_submit' value='8' \/>\n            \n            <input type='hidden' class='gform_hidden' name='gform_unique_id' value='' \/>\n            <input type='hidden' class='gform_hidden' name='state_8' value='WyJbXSIsIjE1ZGM0MzFlYThlYmYxZmNmZTM0ZTAwNDFmYTNkZjM1Il0=' \/>\n            <input type='hidden' class='gform_hidden' name='gform_target_page_number_8' id='gform_target_page_number_8' value='0' \/>\n            <input type='hidden' class='gform_hidden' name='gform_source_page_number_8' id='gform_source_page_number_8' value='1' \/>\n            <input type='hidden' name='gform_field_values' value='' \/>\n            \n        <\/div>\n                        <\/form>\n                        <\/div><script type=\"text\/javascript\">\n\/* <![CDATA[ *\/\n gform.initializeOnLoaded( function() {gformInitSpinner( 8, 'https:\/\/quantumtec.org\/wp-content\/plugins\/gravityforms\/images\/spinner.svg', true );jQuery('#gform_ajax_frame_8').on('load',function(){var contents = jQuery(this).contents().find('*').html();var is_postback = contents.indexOf('GF_AJAX_POSTBACK') >= 0;if(!is_postback){return;}var form_content = jQuery(this).contents().find('#gform_wrapper_8');var is_confirmation = jQuery(this).contents().find('#gform_confirmation_wrapper_8').length > 0;var is_redirect = contents.indexOf('gformRedirect(){') >= 0;var is_form = form_content.length > 0 && ! is_redirect && ! is_confirmation;var mt = parseInt(jQuery('html').css('margin-top'), 10) + parseInt(jQuery('body').css('margin-top'), 10) + 100;if(is_form){form_content.find('form').css('opacity', 0);jQuery('#gform_wrapper_8').html(form_content.html());if(form_content.hasClass('gform_validation_error')){jQuery('#gform_wrapper_8').addClass('gform_validation_error');} else {jQuery('#gform_wrapper_8').removeClass('gform_validation_error');}setTimeout( function() { \/* delay the scroll by 50 milliseconds to fix a bug in chrome *\/  }, 50 );if(window['gformInitDatepicker']) {gformInitDatepicker();}if(window['gformInitPriceFields']) {gformInitPriceFields();}var current_page = jQuery('#gform_source_page_number_8').val();gformInitSpinner( 8, 'https:\/\/quantumtec.org\/wp-content\/plugins\/gravityforms\/images\/spinner.svg', true );jQuery(document).trigger('gform_page_loaded', [8, current_page]);window['gf_submitting_8'] = false;}else if(!is_redirect){var confirmation_content = jQuery(this).contents().find('.GF_AJAX_POSTBACK').html();if(!confirmation_content){confirmation_content = contents;}jQuery('#gform_wrapper_8').replaceWith(confirmation_content);jQuery(document).trigger('gform_confirmation_loaded', [8]);window['gf_submitting_8'] = false;wp.a11y.speak(jQuery('#gform_confirmation_message_8').text());}else{jQuery('#gform_8').append(contents);if(window['gformRedirect']) {gformRedirect();}}jQuery(document).trigger(\"gform_pre_post_render\", [{ formId: \"8\", currentPage: \"current_page\", abort: function() { this.preventDefault(); } }]);                if (event && event.defaultPrevented) {                return;         }        const gformWrapperDiv = document.getElementById( \"gform_wrapper_8\" );        if ( gformWrapperDiv ) {            const visibilitySpan = document.createElement( \"span\" );            visibilitySpan.id = \"gform_visibility_test_8\";            gformWrapperDiv.insertAdjacentElement( \"afterend\", visibilitySpan );        }        const visibilityTestDiv = document.getElementById( \"gform_visibility_test_8\" );        let postRenderFired = false;                function triggerPostRender() {            if ( postRenderFired ) {                return;            }            postRenderFired = true;            jQuery( document ).trigger( 'gform_post_render', [8, current_page] );            gform.utils.trigger( { event: 'gform\/postRender', native: false, data: { formId: 8, currentPage: current_page } } );            if ( visibilityTestDiv ) {                visibilityTestDiv.parentNode.removeChild( visibilityTestDiv );            }        }        function debounce( func, wait, immediate ) {            var timeout;            return function() {                var context = this, args = arguments;                var later = function() {                    timeout = null;                    if ( !immediate ) func.apply( context, args );                };                var callNow = immediate && !timeout;                clearTimeout( timeout );                timeout = setTimeout( later, wait );                if ( callNow ) func.apply( context, args );            };        }        const debouncedTriggerPostRender = debounce( function() {            triggerPostRender();        }, 200 );        if ( visibilityTestDiv && visibilityTestDiv.offsetParent === null ) {            const observer = new MutationObserver( ( mutations ) => {                mutations.forEach( ( mutation ) => {                    if ( mutation.type === 'attributes' && visibilityTestDiv.offsetParent !== null ) {                        debouncedTriggerPostRender();                        observer.disconnect();                    }                });            });            observer.observe( document.body, {                attributes: true,                childList: false,                subtree: true,                attributeFilter: [ 'style', 'class' ],            });        } else {            triggerPostRender();        }    } );} ); \n\/* ]]> *\/\n<\/script>\n<\/div><\/div> <div class=\"col-sm-4 end-sm\" data-type=\"column\"> <\/div> <\/div><\/div> <\/div>","protected":false},"excerpt":{"rendered":"","protected":false},"author":13,"featured_media":0,"parent":0,"menu_order":13,"comment_status":"closed","ping_status":"closed","template":"pro\/page-templates\/full-width-page.php","meta":{"footnotes":""},"class_list":["post-9479","page","type-page","status-publish","hentry"],"_links":{"self":[{"href":"https:\/\/quantumtec.org\/en\/wp-json\/wp\/v2\/pages\/9479","targetHints":{"allow":["GET"]}}],"collection":[{"href":"https:\/\/quantumtec.org\/en\/wp-json\/wp\/v2\/pages"}],"about":[{"href":"https:\/\/quantumtec.org\/en\/wp-json\/wp\/v2\/types\/page"}],"author":[{"embeddable":true,"href":"https:\/\/quantumtec.org\/en\/wp-json\/wp\/v2\/users\/13"}],"replies":[{"embeddable":true,"href":"https:\/\/quantumtec.org\/en\/wp-json\/wp\/v2\/comments?post=9479"}],"version-history":[{"count":0,"href":"https:\/\/quantumtec.org\/en\/wp-json\/wp\/v2\/pages\/9479\/revisions"}],"wp:attachment":[{"href":"https:\/\/quantumtec.org\/en\/wp-json\/wp\/v2\/media?parent=9479"}],"curies":[{"name":"wp","href":"https:\/\/api.w.org\/{rel}","templated":true}]}}