{"id":3708,"date":"2022-03-01T14:52:32","date_gmt":"2022-03-01T14:52:32","guid":{"rendered":"https:\/\/quantumtec.org\/checkin-quantum-internacional-malaga\/"},"modified":"2022-04-15T08:11:58","modified_gmt":"2022-04-15T08:11:58","slug":"checkin-quantum-internacional-malaga","status":"publish","type":"page","link":"https:\/\/quantumtec.org\/es\/prueba-lp-2\/checkin-quantum-internacional-malaga\/","title":{"rendered":"Checkin QUANTUM Internacional M\u00e1laga"},"content":{"rendered":"<div data-label=\"Enter your data\" data-id=\"cta--1\" data-export-id=\"cta-centered-section-grid\" data-category=\"cta\" class=\"cta-centered-section-grid content-section content-section-spacing-medium bg-color1 white-text content-relative\" id=\"enter-your-data\"><div class=\"section-separator-top\">\n    <svg xmlns=\"http:\/\/www.w3.org\/2000\/svg\" preserveaspectratio=\"none\" viewbox=\"0 0 1000 100\" data-separator-name=\"tilt-flipped\" class=\"section-separator-top\">\n  <path id=\"path2\" d=\"M 1000,0 H 0 v 100 z\" class=\"svg-white-bg\"><\/path>\n<\/svg>\n<\/div><div class=\"\"> <div class=\"row text-center\"><div class=\"col-xs-12 col-sm-10 col-sm-offset-1 col-md-8 col-md-offset-2\" data-type=\"column\"> <h2 class=\"\">Bienvenido.  \n<br><span class=\"font-300\">\u00a1Nos entusiasma que formes parte de QUANTUM!<\/span><\/h2> <p class=\"\">Por favor, ay\u00fadanos a registrarte con las autoridades rellenando el siguiente formulario (disponible en ingl\u00e9s y espa\u00f1ol). Si tiene alguna duda, p\u00f3ngase en contacto con nosotros, estaremos encantados de ayudarle.<\/p> <a class=\"button big color2\" href=\"https:\/\/forms.gle\/9SYSCBNX4PixdpqQ7\" target=\"_self\" data-cp-link=\"1\" data-icon=\"\" rel=\"noopener\">INTRODUZCA SUS FECHAS AQU\u00cd<\/a><\/div> <\/div><\/div> <div class=\"section-separator-bottom\">\n    <svg class=\"section-separator-bottom\" data-separator-name=\"triangle-asymmetrical-negative\" preserveaspectratio=\"none\" viewbox=\"0 0 1000 100\" xmlns=\"http:\/\/www.w3.org\/2000\/svg\">\n        <path class=\"svg-white-bg\" d=\"M737.9,94.7L0,0v100h1000V0L737.9,94.7z\"><\/path>\n    <\/svg>\n<\/div><\/div>","protected":false},"excerpt":{"rendered":"<p>Bienvenido. \u00a1Nos entusiasma que formes parte de QUANTUM! Por favor, ay\u00fadanos a registrarte con las autoridades rellenando el siguiente formulario (disponible en ingl\u00e9s y espa\u00f1ol). Si tiene alguna duda, p\u00f3ngase en contacto con nosotros, estaremos encantados de ayudarle. INTRODUZCA SUS FECHAS AQU\u00cd<\/p>\n","protected":false},"author":1,"featured_media":0,"parent":4459,"menu_order":2,"comment_status":"closed","ping_status":"closed","template":"pro\/page-templates\/boxed-page-with-small-header.php","meta":{"footnotes":""},"class_list":["post-3708","page","type-page","status-publish","hentry"],"_links":{"self":[{"href":"https:\/\/quantumtec.org\/es\/wp-json\/wp\/v2\/pages\/3708","targetHints":{"allow":["GET"]}}],"collection":[{"href":"https:\/\/quantumtec.org\/es\/wp-json\/wp\/v2\/pages"}],"about":[{"href":"https:\/\/quantumtec.org\/es\/wp-json\/wp\/v2\/types\/page"}],"author":[{"embeddable":true,"href":"https:\/\/quantumtec.org\/es\/wp-json\/wp\/v2\/users\/1"}],"replies":[{"embeddable":true,"href":"https:\/\/quantumtec.org\/es\/wp-json\/wp\/v2\/comments?post=3708"}],"version-history":[{"count":2,"href":"https:\/\/quantumtec.org\/es\/wp-json\/wp\/v2\/pages\/3708\/revisions"}],"predecessor-version":[{"id":3967,"href":"https:\/\/quantumtec.org\/es\/wp-json\/wp\/v2\/pages\/3708\/revisions\/3967"}],"up":[{"embeddable":true,"href":"https:\/\/quantumtec.org\/es\/wp-json\/wp\/v2\/pages\/4459"}],"wp:attachment":[{"href":"https:\/\/quantumtec.org\/es\/wp-json\/wp\/v2\/media?parent=3708"}],"curies":[{"name":"wp","href":"https:\/\/api.w.org\/{rel}","templated":true}]}}