{"id":3730,"date":"2022-03-18T16:42:43","date_gmt":"2022-03-18T16:42:43","guid":{"rendered":"https:\/\/quantumtec.org\/para-los-candidatos-sobre-quantum\/"},"modified":"2022-04-03T12:22:39","modified_gmt":"2022-04-03T12:22:39","slug":"para-los-candidatos-sobre-quantum","status":"publish","type":"page","link":"https:\/\/quantumtec.org\/es\/prueba-lp-2\/para-los-candidatos-sobre-quantum\/","title":{"rendered":"Para los candidatos: Sobre QUANTUM"},"content":{"rendered":"<div data-label=\"Value Pillars\" data-id=\"pricing--1\" data-export-id=\"pricing-5\" data-category=\"pricing\" data-featured-class=\"pricing-featured\" class=\"pricing-5 content-section content-section-spacing\" id=\"value-pillars\" style=\"background-color: rgb(245, 250, 253);\"><div class=\"gridContainer\"> <div class=\"row\"><div data-type=\"column\" class=\"section-title-col\"> <h2 class=\"\">\u00a1Bienvenido a QUANTUM!<\/h2> <p class=\"lead\">Con sus sedes en M\u00e1laga\/Espa\u00f1a, M\u00fanich\/Alemania y W\u00fcrzburg\/Baviera, QUANTUM te ofrece oportunidades de trabajo internacional altamente especializado.<\/p><p class=\"\" style=\"text-align: left;\">Nuestra base de clientes est\u00e1 formada por conocidas empresas situadas en Alemania, Austria y Suiza, que est\u00e1n en fuerte expansi\u00f3n en el \u00e1mbito de la tecnolog\u00eda y la inform\u00e1tica.\n<br><br>\nNuestra sede espa\u00f1ola, la \u00abQUANTUM International M\u00e1laga S.L\u00bb y la hermana alemana de \u00abQUANTUM International GmbH &amp; Co. KG\u00bb forman una unidad y re\u00fanen a clientes apasionantes con excelentes expertos de forma permanente.\n<br><br><br>\nEl modelo est\u00e1 probado y comprobado: Equipado con un s\u00f3lido contrato de trabajo espa\u00f1ol, que por supuesto tiene en cuenta todas las ventajas de la legislaci\u00f3n laboral espa\u00f1ola, puedes ponerte en marcha para nuestros clientes. De este modo, te integras plena y permanentemente en los equipos del cliente, en su mayor\u00eda \u00e1giles, convirti\u00e9ndote en una valiosa pieza de trabajo a distancia en la estructura del cliente.<br>\n<\/p><p class=\"lead\">QUANTUM es en s\u00ed misma una organizaci\u00f3n de trabajo \u00e1gil: vivimos los valores de la equidad, la transparencia y la cooperaci\u00f3n a nivel de los ojos. Nos consideramos un socio y un \u00abfacilitador\u00bb para ti como futuro empleado nuestro.<\/p><\/div> <\/div> <div data-type=\"row\" class=\"row spaced-cols\"> <div class=\"col-xs-12 col-sm-4 text-center pricing-featured\"> <div data-default=\"shadow-small\" data-featured=\"shadow-large\" data-type=\"column\" class=\"card shadow-large\"> <h3 class=\"font-300 upper\">INTERNACIONAL<\/h3> <h3 class=\"h1\">CONECTAR<\/h3> <p data-default=\"color1\" data-featured=\"color2\" class=\"small color2\"><span style=\"color: rgb(150, 150, 150);\">Conectamos a los expertos independientemente de su nacionalidad, origen o ubicaci\u00f3n.  \n<br><br>Hacemos especial hincapi\u00e9 en cosas como:\n<\/span><\/p> <ul class=\"unstyled checked decoration-color1 black text-center\"><li>EDUCACI\u00d3N<\/li><li>EXPERIENCIA<\/li><li>AJUSTE CULTURAL<\/li><li>PERSONALIDAD<\/li><\/ul> <\/div> <\/div> <div class=\"col-xs-12 col-sm-4 text-center pricing-featured\"> <div data-default=\"shadow-small\" data-featured=\"shadow-large\" data-type=\"column\" class=\"card shadow-large\"> <h3 class=\"font-300 upper\">100%<\/h3> <h3 class=\"h1\">INTEGRADO<\/h3> <p data-default=\"color1\" data-featured=\"color2\" class=\"small color2\"><span style=\"color: rgb(150, 150, 150);\">Se le presentar\u00e1 plenamente la empresa, ser\u00e1 una parte valorada del equipo y podr\u00e1 establecer relaciones a largo plazo.<\/span>\n<br><br>\n<br><\/p> <ul class=\"unstyled checked decoration-color1 black text-center\"><li>LARGA DURACI\u00d3N<\/li><li>BUENAS RELACIONES<\/li><li>TIEMPO DE EVOLUCI\u00d3N<\/li><\/ul> <\/div> <\/div> <div class=\"col-xs-12 col-sm-4 text-center pricing-featured\"> <div data-default=\"shadow-small\" data-featured=\"shadow-large\" data-type=\"column\" class=\"card shadow-large\"> <h3 class=\"font-300 upper\">COMUNIDAD<\/h3> <h3 class=\"h1\">DIGITAL<\/h3> <p data-default=\"color1\" data-featured=\"color2\" class=\"small color2\"><span style=\"color: rgb(150, 150, 150);\">Hemos creado un lugar donde puedes desarrollarte sin l\u00edmites.<br>Le apoyamos, colaboramos y asesoramos a usted y a nuestros clientes.<\/span><\/p> <ul class=\"unstyled checked decoration-color1 black text-center\"><li>SOCIAL<\/li><li>FAIR<\/li><li>SOSTENIBLE<\/li><li>A NIVEL DE LOS OJOS<\/li><\/ul> <\/div> <\/div><\/div> <\/div><\/div><div data-label=\"QUANTUM Vision\" data-id=\"content--1\" data-export-id=\"content-8\" data-category=\"content\" class=\"content-8 content-section content-section-spacing\" id=\"quantum-vision\" style=\"background-color: rgb(255, 255, 255);\"><div class=\"gridContainer\"> <div class=\"row middle-sm\"><div class=\"col-sm-6 space-bottom-xs space-top-xs\" data-type=\"column\"> <img decoding=\"async\" class=\"shadow-large lazy-loaded\" src=\"https:\/\/quantumtec.org\/wp-content\/uploads\/2021\/08\/cropped-cropped-cropped-cropped-openbook_handshake_quantum.jpg\" data-lazy-type=\"image\" data-src=\"https:\/\/quantumtec.org\/wp-content\/uploads\/2021\/08\/cropped-cropped-cropped-cropped-openbook_handshake_quantum.jpg\" title=\"cropped-cropped-cropped-cropped-openbook_handshake_quantum.jpg\" alt=\"\"><\/div> <div class=\"col-sm-6\" data-type=\"column\"><h2 class=\"\">Nuestra visi\u00f3n<\/h2> <p class=\"\">Adem\u00e1s de nuestra visi\u00f3n de crear una comunidad \u00e1gil y excelente de expertos en TI, para los que somos un socio constante y un mediador fiable a trav\u00e9s de nuestras soluciones y servicios de valor a\u00f1adido, ahora vamos un paso m\u00e1s all\u00e1 al vivir nosotros mismos de forma coherente los valores \u00e1giles.\n<br><br>\nDe este modo, nuestros clientes se benefician de que nuestros colegas no s\u00f3lo conocen este m\u00e9todo del \u00ablibro de texto\u00bb, sino que son profesionales en su aplicaci\u00f3n.<\/p> <\/div> <\/div><\/div> <\/div><div data-label=\"QUANTUM Services\" data-id=\"content--2\" data-export-id=\"content-19\" data-category=\"content\" class=\"content-19 content-section content-section-spacing white-text\" id=\"quantum-services\"><div class=\"\"> <div class=\"row\"><div data-type=\"column\" class=\"col-sm-6 content-col text-center content-section-spacing shadow\"> <i class=\"fa icon fa-space-shuttle big color1\"><\/i> <h2 class=\"font-300\">Todos los servicios del Grupo QUANTUM<\/h2> <p class=\"black\" style=\"text-align: left;\">Con sus sedes en M\u00fanich, W\u00fcrzburg y en M\u00e1laga (Espa\u00f1a), Quantum ofrece a las empresas profesionales de TI un servicio altamente especializado. Te ayudamos a implantar con \u00e9xito proyectos digitales con equipos \u00e1giles de forma r\u00e1pida, sencilla y al m\u00e1s alto nivel metodol\u00f3gico y tecnol\u00f3gico.<\/p> <p class=\"\" style=\"text-align: left;\">Son muchas las variables que permiten abordar individualmente los requisitos espec\u00edficos. Te beneficias de nuestros muchos a\u00f1os de experiencia en cuanto a la tecnolog\u00eda a utilizar, la elecci\u00f3n correcta de los lugares de implantaci\u00f3n, teniendo en cuenta el presupuesto previsto y los hitos del proyecto.\n<br><br>\nPara ti, como cliente, actuamos como un socio experimentado con m\u00e1s de 20 a\u00f1os de experiencia en el desarrollo \u00e1gil de software como empresa de consultor\u00eda que te sit\u00faa a ti y a tus usuarios en el centro de nuestro pensamiento. Abarcamos desde la colocaci\u00f3n de trabajadores aut\u00f3nomos individuales hasta la puesta en marcha de equipos completos.\n<br><br>\nLa comprensi\u00f3n com\u00fan de tus necesidades est\u00e1 en el centro de lo que hacemos: Muchos testimonios de clientes aprecian esta misma caracter\u00edstica sobre nosotros: Venimos del desarrollo de productos digitales y hemos sido capaces de construir una s\u00f3lida red de expertos probados a lo largo de muchos a\u00f1os. Esta es la base de nuestro \u00e9xito, ya que hemos podido trabajar estrechamente con empresas y expertos por igual y hemos llegado a conocer bien los retos y objetivos de ambas partes. Nuestro \u00abClub de Excelencia Digital\u00bb est\u00e1 unido a estas experiencias y conexiones crecidas. Aqu\u00ed reunimos a la cr\u00e8me de la cr\u00e8me de los desarrolladores de productos alemanes, que son seleccionados seg\u00fan ambiciosas especificaciones e invitados a convertirse en miembros de este c\u00edrculo. Aqu\u00ed es donde empezamos nuestra b\u00fasqueda cuando se trata de encontrar recursos libres, ya que podemos estar seguros de encontrar candidatos adecuados all\u00ed. Libremente seg\u00fan el lema \u00abla gente buena conoce a la gente buena\u00bb.\n<br><br>\nDe la misma manera org\u00e1nica se estableci\u00f3 nuestra filial \u00abQuantum International M\u00e1laga S.L.\u00bb en el \u00abM\u00e1laga Valley\u00bb. Tras muy buenas experiencias con equipos de desarrollo all\u00ed, decidimos establecer nuestra propia sede. Estamos en muy buena compa\u00f1\u00eda aqu\u00ed, al lado de empresas como Google, Accenture e IBM, que tambi\u00e9n operan sitios de desarrollo all\u00ed debido a las muy buenas condiciones.\n<br><br>\nLlevamos m\u00e1s de 10 a\u00f1os viviendo el enfoque \u00e1gil. Nuestros expertos experimentados te apoyan en el establecimiento del m\u00e9todo Scrum, Kanban y en enfoques escalados como SAFe, Nexus o LeSS.<\/p> <\/div> <div class=\"col-sm-5 flexbox-strech center-xs middle-xs no-gutter-col\"><div class=\"flexbox middle-xs center-xs right-img\" data-bg=\"image\" style=\"background-image: url(\"https:\/\/quantumtec.org\/wp-content\/uploads\/2020\/12\/cropped-cropped-cropped-emre-aliriz-2rhz3Nuq12c-unsplash-scaled-2-4.jpg\");\"><\/div><\/div> <\/div><\/div> <\/div><div data-label=\"Features\" data-id=\"features--1\" data-export-id=\"features-5\" data-category=\"features\" class=\"features-5 content-section-spacing\" id=\"features-1\" style=\"background-color: rgb(245, 250, 253);\"><div class=\"gridContainer\"> <div class=\"row text-center\"><div class=\"section-title-col\" data-type=\"column\"> <h2 class=\"\">Tu proceso de contrataci\u00f3n<\/h2> <p class=\"lead\">Aqu\u00ed puedes ver el proceso de contrataci\u00f3n normalizado. Representa las pautas de contacto<br>\nel emparejamiento con el cliente y las entrevistas<\/p><\/div> <\/div> <div class=\"row text-center\" data-type=\"row\"> <div class=\"col-xs-12 col-sm-4 col-md-4 col-padding-small\"> <div class=\"number-container\"> <div class=\"link-line left bg-color1\"><\/div> <p class=\"number border-color1 color1\"><span>1<\/span><\/p> <div class=\"link-line right bg-color1\"><\/div><\/div> <div data-type=\"column\" class=\"\"><h5 class=\"\">ENVIAR CV<\/h5> <p class=\"\"><\/p><h5 class=\"\" style=\"outline-color: rgb(204, 204, 204); outline-style: solid;\">Env\u00eda tu CV y presenta tu solicitud con nosotros.<\/h5><\/div> <\/div> <div class=\"col-xs-12 col-sm-4 col-md-4 col-padding-small\"> <div class=\"number-container\"> <div class=\"link-line left bg-color1\"><\/div> <p class=\"number border-color1 color1\"><span>2<\/span><\/p> <div class=\"link-line right bg-color1\"><\/div><\/div> <div data-type=\"column\" class=\"\"><h5 class=\"\">VERIFICACI\u00d3N<\/h5> <p class=\"text-center\">Comprobaremos tu CV, mantendremos una primera entrevista breve contigo y te presentaremos al cliente.\n<br><br>\nDespu\u00e9s organizaremos de 1 a 3 entrevistas contigo y con nuestros clientes. Participaremos y te guiaremos durante todo el proceso.<\/p><\/div><\/div> <div class=\"col-xs-12 col-sm-4 col-md-4 col-padding-small\"><div class=\"number-container\"> <div class=\"link-line left bg-color1\"><\/div> <p class=\"number border-color1 color1\"><span>3<\/span><\/p> <div class=\"link-line right bg-color1\"><\/div><\/div> <div data-type=\"column\" class=\"\"><h5 class=\"\">COMENZAR<\/h5> <p class=\"text-center\">Una vez que el cliente se haya decidido por ti y tengamos claros todos los aspectos contractuales, recibir\u00e1s tu contrato permanente y te incorporar\u00e1s al equipo del cliente.<\/p><\/div> <\/div><\/div> <\/div><\/div><div data-label=\"Jobs\" data-id=\"cta--1\" data-export-id=\"cta-centered-section-grid\" data-category=\"cta\" class=\"cta-centered-section-grid content-section content-section-spacing-medium bg-color1 white-text content-relative\" id=\"jobs-1\" style=\"background-image: none; background-color: rgb(255, 255, 255);\"><div class=\"\"> <div class=\"row text-center\"><div class=\"col-xs-12 col-sm-10 col-sm-offset-1 col-md-8 col-md-offset-2\" data-type=\"column\"> <h2 class=\"\"><span style=\"color: rgb(60, 66, 79);\">\u00a1Pasa a la acci\u00f3n!  <span class=\"font-300\">Comprueba todas las oportunidades:<\/span><\/span><\/h2>  <a class=\"button big color2\" href=\"https:\/\/quantumtec.org\/carrera\/?lang=es\" target=\"_self\" data-cp-link=\"1\" data-icon=\"\" rel=\"noopener\">TODOS LOS PUESTOS ABIERTOS<\/a><\/div> <\/div><\/div> <\/div>","protected":false},"excerpt":{"rendered":"<p>\u00a1Bienvenido a QUANTUM! Con sus sedes en M\u00e1laga\/Espa\u00f1a, M\u00fanich\/Alemania y W\u00fcrzburg\/Baviera, QUANTUM te ofrece oportunidades de trabajo internacional altamente especializado.Nuestra base de clientes est\u00e1 formada por conocidas empresas situadas en Alemania, Austria y Suiza, que est\u00e1n en fuerte expansi\u00f3n en el \u00e1mbito de la tecnolog\u00eda y la inform\u00e1tica. Nuestra sede espa\u00f1ola, la \u00abQUANTUM International M\u00e1laga&hellip; <br \/> <a class=\"read-more\" href=\"https:\/\/quantumtec.org\/es\/prueba-lp-2\/para-los-candidatos-sobre-quantum\/\">Read more<\/a><\/p>\n","protected":false},"author":1,"featured_media":0,"parent":4459,"menu_order":1,"comment_status":"closed","ping_status":"closed","template":"pro\/page-templates\/full-width-page.php","meta":{"footnotes":""},"class_list":["post-3730","page","type-page","status-publish","hentry"],"_links":{"self":[{"href":"https:\/\/quantumtec.org\/es\/wp-json\/wp\/v2\/pages\/3730","targetHints":{"allow":["GET"]}}],"collection":[{"href":"https:\/\/quantumtec.org\/es\/wp-json\/wp\/v2\/pages"}],"about":[{"href":"https:\/\/quantumtec.org\/es\/wp-json\/wp\/v2\/types\/page"}],"author":[{"embeddable":true,"href":"https:\/\/quantumtec.org\/es\/wp-json\/wp\/v2\/users\/1"}],"replies":[{"embeddable":true,"href":"https:\/\/quantumtec.org\/es\/wp-json\/wp\/v2\/comments?post=3730"}],"version-history":[{"count":1,"href":"https:\/\/quantumtec.org\/es\/wp-json\/wp\/v2\/pages\/3730\/revisions"}],"predecessor-version":[{"id":3736,"href":"https:\/\/quantumtec.org\/es\/wp-json\/wp\/v2\/pages\/3730\/revisions\/3736"}],"up":[{"embeddable":true,"href":"https:\/\/quantumtec.org\/es\/wp-json\/wp\/v2\/pages\/4459"}],"wp:attachment":[{"href":"https:\/\/quantumtec.org\/es\/wp-json\/wp\/v2\/media?parent=3730"}],"curies":[{"name":"wp","href":"https:\/\/api.w.org\/{rel}","templated":true}]}}