{"id":3785,"date":"2021-03-10T08:23:23","date_gmt":"2021-03-10T07:23:23","guid":{"rendered":"https:\/\/quantumtec.org\/autonomo\/"},"modified":"2022-09-01T12:16:23","modified_gmt":"2022-09-01T10:16:23","slug":"autonomo","status":"publish","type":"page","link":"https:\/\/quantumtec.org\/es\/autonomo\/","title":{"rendered":"Aut\u00f3nomo"},"content":{"rendered":"<div data-label=\"Freelancer\" data-id=\"about--1\" data-export-id=\"about-9\" data-category=\"about\" class=\"about-9 content-section content-section-spacing\" id=\"freelancer\" style=\"background-color: rgb(245, 250, 253);\"><div class=\"gridContainer\"> <div class=\"row middle-sm text-center\"><div class=\"col-sm-5 space-bottom-xs content-column content-right-sm\" data-type=\"column\"> <h5 class=\"\"><span style=\"font-family: Poppins, arial, helvetica, sans-serif;\">NUESTRA RED EUROPEA  \n<br>RED DE AUT\u00d3NOMOS<\/span><\/h5> <h2 class=\"\"><span style=\"font-family: Poppins, arial, helvetica, sans-serif;\">Aut\u00f3nomo<\/span><\/h2> <p class=\"\">Nosotros mismos hemos trabajado con la mayor\u00eda de nuestros expertos y podemos ponerlos en sus proyectos con plena convicci\u00f3n.<br>\nNo s\u00f3lo nos fijamos en las cualificaciones profesionales y en un CV convincente, sino tambi\u00e9n en cualidades como la lealtad, la solidaridad con la empresa utilizada y la r\u00e1pida incorporaci\u00f3n al nuevo cliente. Estas son las cualidades que componen a nuestros mejores aut\u00f3nomos.\n<br><br>\nAs\u00ed es como trabajamos con usted: En una reuni\u00f3n de an\u00e1lisis, registramos sus requisitos para el candidato. Por lo general, ya disponemos de trabajadores aut\u00f3nomos adecuados y podemos proporcionarle el CV del candidato en un paso posterior.<br>\nDespu\u00e9s de las entrevistas en l\u00ednea o personales, aclaramos la disponibilidad y entonces su candidato deseado ya puede empezar. Disponemos de todos los roles de un equipo \u00e1gil cl\u00e1sico, seg\u00fan las necesidades en Alemania, Austria y Suiza, o de especialistas de Espa\u00f1a, M\u00e1laga.<\/p> <\/div> <div class=\"col-sm-7 flexbox flexbox middle-xs center-xs space-bottom-xs\"><div class=\"overlay-box flexbox middle-xs center-xs overlay-holder \"> <div class=\"overlay-box-offset offset-background shadow-medium bg-color2 hide-xs\"><\/div> <img decoding=\"async\" class=\"flexbox shadow-large img1 lazy-loaded\" src=\"https:\/\/quantumtec.org\/wp-content\/uploads\/2021\/03\/cropped-Bildschirmfoto-2021-03-09-um-15.14.42.png\" data-lazy-type=\"image\" data-src=\"https:\/\/quantumtec.org\/wp-content\/uploads\/2021\/03\/cropped-Bildschirmfoto-2021-03-09-um-15.14.42.png\" data-size=\"600x400\" title=\"cropped-Bildschirmfoto-2021-03-09-um-15.14.42.png\" alt=\"\"><\/div> <\/div><\/div> <\/div><\/div>","protected":false},"excerpt":{"rendered":"<p>NUESTRA RED EUROPEA RED DE AUT\u00d3NOMOS Aut\u00f3nomo Nosotros mismos hemos trabajado con la mayor\u00eda de nuestros expertos y podemos ponerlos en sus proyectos con plena convicci\u00f3n. No s\u00f3lo nos fijamos en las cualificaciones profesionales y en un CV convincente, sino tambi\u00e9n en cualidades como la lealtad, la solidaridad con la empresa utilizada y la r\u00e1pida&hellip; <br \/> <a class=\"read-more\" href=\"https:\/\/quantumtec.org\/es\/autonomo\/\">Read more<\/a><\/p>\n","protected":false},"author":1,"featured_media":0,"parent":0,"menu_order":31,"comment_status":"closed","ping_status":"closed","template":"pro\/page-templates\/full-width-page.php","meta":{"footnotes":""},"class_list":["post-3785","page","type-page","status-publish","hentry"],"_links":{"self":[{"href":"https:\/\/quantumtec.org\/es\/wp-json\/wp\/v2\/pages\/3785","targetHints":{"allow":["GET"]}}],"collection":[{"href":"https:\/\/quantumtec.org\/es\/wp-json\/wp\/v2\/pages"}],"about":[{"href":"https:\/\/quantumtec.org\/es\/wp-json\/wp\/v2\/types\/page"}],"author":[{"embeddable":true,"href":"https:\/\/quantumtec.org\/es\/wp-json\/wp\/v2\/users\/1"}],"replies":[{"embeddable":true,"href":"https:\/\/quantumtec.org\/es\/wp-json\/wp\/v2\/comments?post=3785"}],"version-history":[{"count":2,"href":"https:\/\/quantumtec.org\/es\/wp-json\/wp\/v2\/pages\/3785\/revisions"}],"predecessor-version":[{"id":5609,"href":"https:\/\/quantumtec.org\/es\/wp-json\/wp\/v2\/pages\/3785\/revisions\/5609"}],"wp:attachment":[{"href":"https:\/\/quantumtec.org\/es\/wp-json\/wp\/v2\/media?parent=3785"}],"curies":[{"name":"wp","href":"https:\/\/api.w.org\/{rel}","templated":true}]}}