{"id":3788,"date":"2021-05-10T19:05:11","date_gmt":"2021-05-10T17:05:11","guid":{"rendered":"https:\/\/quantumtec.org\/trabajo-agil\/"},"modified":"2022-12-05T22:09:34","modified_gmt":"2022-12-05T21:09:34","slug":"trabajo-agil","status":"publish","type":"page","link":"https:\/\/quantumtec.org\/es\/trabajo-agil\/","title":{"rendered":"Trabajo \u00e1gil"},"content":{"rendered":"<div data-label=\"agile\" data-id=\"content--1\" data-export-id=\"content-9\" data-category=\"content\" class=\"content-9 content-section content-section-spacing\" id=\"agile\" style=\"background-color: rgb(255, 255, 255);\"><div class=\"\"> <div class=\"row text-center\"><div class=\"section-title-col\" data-type=\"column\"> <h2 class=\"\">Trabajo \u00e1gil en una empresa que no es de desarrollo<\/h2> <p class=\"lead\">QUANTUM trabaja de forma \u00e1gil, especialmente en \u00e1reas que no forman parte del cl\u00e1sico  \n<br>desarrollo de software o productos.<\/p><p class=\"\" style=\"text-align: left;\"><span style=\"font-weight: 700;\"><span style=\"font-style: italic;\">Scrum, KanBan, ScrumBan<\/span>&#8230; \u00a1lo que sea!  \n<\/span><br><br>El trabajo \u00e1gil acompa\u00f1a ahora a la mayor\u00eda de las empresas de TI, ya que se ha convertido en una herramienta est\u00e1ndar dentro de la industria del software en todo el mundo en los \u00faltimos diez a\u00f1os.\n<br><br>\nEn contraposici\u00f3n a los m\u00e9todos \u00abcl\u00e1sicos\u00bb, como el proceso en cascada, los m\u00e9todos \u00e1giles no asumen un producto final planificado, sino un enfoque iterativo. Aqu\u00ed, m\u00e1s bien, se aborda el resultado final. En los peque\u00f1os pasos del proyecto, llamados iteraciones o Sprints de Scrum, se intenta reducir la complejidad simplificando el esfuerzo de planificaci\u00f3n mediante un intervalo de tiempo m\u00e1s corto. Al final de este intervalo, se reflexiona sobre lo que es bueno, lo que es menos bueno o lo que hay que mejorar. De este modo, el equipo est\u00e1 constantemente inmerso en el llamado proceso de construir-medir-aprender, que busca constantemente mejorar sus propias acciones.\n<br><br>\nComo consultor\u00eda de personal, QUANTUM integra a toda la empresa en un enfoque \u00e1gil: adem\u00e1s de los principios de la&nbsp;El <a data-mce-href=\"https:\/\/agilemanifesto.org\/iso\/de\/manifesto.html\" href=\"https:\/\/agilemanifesto.org\/iso\/de\/manifesto.html\" target=\"_blank\" rel=\"noopener\" data-mce-selected=\"inline-boundary\" data-cp-link=\"1\" class=\"\">Manifiesto \u00c1gil<\/a>, que hemos adaptado un poco a nuestras particularidades, los <a data-mce-href=\"https:\/\/www.thescrummaster.co.uk\/scrum\/the-five-scrum-events\/\" href=\"https:\/\/www.thescrummaster.co.uk\/scrum\/the-five-scrum-events\" target=\"_blank\" rel=\"noopener\" data-mce-selected=\"inline-boundary\" data-cp-link=\"1\" class=\"\">Eventos Scrum<\/a> as\u00ed como los <a data-mce-href=\"https:\/\/www.scrumalliance.org\/learn-about-scrum\/scrum-elearning-series\/scrum-artifacts\" href=\"https:\/\/www.scrumalliance.org\/learn-about-scrum\/scrum-elearning-series\/scrum-artifacts\" target=\"_self\" data-mce-selected=\"inline-boundary\" data-cp-link=\"1\" rel=\"noopener\" class=\"\">artefactos<\/a>.<span id=\"_mce_caret\" data-mce-bogus=\"1\" data-mce-type=\"format-caret\">. Tambi\u00e9n las hemos modificado ligeramente -en un contexto no desarrollista- y las hemos adaptado a las necesidades.<\/span><br>\n<\/p><\/div> <\/div> <div class=\"row space-bottom text-center\" data-type=\"row\">   <div class=\"col-sm-4 col-padding-small\">  <\/div> <\/div> <div class=\"row center-xs middle-xs\"> <div class=\"col-sm-12\" data-type=\"column\">  <\/div><\/div> <\/div><\/div><div data-label=\"Latest-news\" data-id=\"latest_news--1\" data-export-id=\"blog-section\" data-category=\"latest_news\" class=\"blog-section blog-section-standard content-section content-section-spacing\" id=\"goals-focus\" style=\"background-color: rgb(245, 250, 253);\"><div class=\"gridContainer\"> <div class=\"row\"><div data-type=\"column\" class=\"section-title-col\"> <h2 class=\"\">\n<br>Definir objetivos, centrarse, reflexionar<\/h2> <p class=\"lead\" style=\"text-align: left;\">QUANTUM vive y transmite los valores que los expertos aportan a su empresa. Todos los empleados internos se convierten as\u00ed en verdaderos expertos en Agile.  \n<br>Viven la mentalidad \u00e1gil.<\/p><p class=\"\" style=\"text-align: left;\">Adem\u00e1s de la visi\u00f3n de crear una comunidad \u00e1gil y excelente de expertos en tecnolog\u00edas de la informaci\u00f3n, para los que somos un socio constante y un mediador fiable a trav\u00e9s de nuestras soluciones y servicios de valor a\u00f1adido, vamos un paso m\u00e1s all\u00e1 viviendo sistem\u00e1ticamente los valores \u00e1giles.\n<br><br>\nNuestros clientes se benefician de nuestros colegas que no s\u00f3lo conocen este m\u00e9todo del \u00ablibro de texto\u00bb, sino que son profesionales en su aplicaci\u00f3n. Debido a la diferencia en nuestra forma de jugar, asignando los roles de PO y scrum master a un colega diferente por iteraci\u00f3n, nuestro equipo est\u00e1 al tanto de los requisitos. En muchos sentidos, esto conlleva ventajas a la hora de entender c\u00f3mo desempe\u00f1ar las funciones.\n<br><br>\nNuestros mediadores comprueban que los candidatos no s\u00f3lo encajan en t\u00e9rminos de habilidades, sino tambi\u00e9n en t\u00e9rminos de la personalidad del experto.<\/p><\/div> <\/div> <div class=\"row\"> <div data-type=\"row\" data-dynamic-columns=\"handled\" data-content-shortcode=\"mesmerize_latest_news\">\t\t<div class=\"row center-sm content-left-sm\">\n\t\t\t\t\t<div id=\"post-7557\" class=\"col-sm-6 col-md-4 space-bottom space-bottom-xs\">\n\t\t\t\t<div class=\"post-content card y-move bordered\">\n\t\t\t\t\t<div class=\"post-thumbnail\">\n   <a href=\"https:\/\/quantumtec.org\/es\/quantum-international-gmbh-co-kg-ganador-con-transparencia-y-fuerza-innovadora\/\" class=\"post-list-item-thumb \">\n      <img loading=\"lazy\" decoding=\"async\" width=\"1024\" height=\"683\" src=\"https:\/\/quantumtec.org\/wp-content\/uploads\/2023\/11\/uwe-conrad-sTELSUm_0T4-unsplash-1024x683.jpg\" class=\"attachment-post-thumbnail size-post-thumbnail wp-post-image\" alt=\"QUANTUM International als Arbeitgeber der Zukunft ausgezeichnet\" srcset=\"https:\/\/quantumtec.org\/wp-content\/uploads\/2023\/11\/uwe-conrad-sTELSUm_0T4-unsplash-1024x683.jpg 1024w, https:\/\/quantumtec.org\/wp-content\/uploads\/2023\/11\/uwe-conrad-sTELSUm_0T4-unsplash-300x200.jpg 300w, https:\/\/quantumtec.org\/wp-content\/uploads\/2023\/11\/uwe-conrad-sTELSUm_0T4-unsplash-768x512.jpg 768w, https:\/\/quantumtec.org\/wp-content\/uploads\/2023\/11\/uwe-conrad-sTELSUm_0T4-unsplash-1536x1024.jpg 1536w, https:\/\/quantumtec.org\/wp-content\/uploads\/2023\/11\/uwe-conrad-sTELSUm_0T4-unsplash-2048x1365.jpg 2048w, https:\/\/quantumtec.org\/wp-content\/uploads\/2023\/11\/uwe-conrad-sTELSUm_0T4-unsplash-1620x1080.jpg 1620w\" sizes=\"auto, (max-width: 1024px) 100vw, 1024px\" \/>   <\/a>\n<\/div>\n\t\t\t\t\t<div class=\"col-padding col-padding-xs\">\n\t\t\t\t\t\t<h3 class=\"post-title space-bottom-small\">\n\t\t\t\t\t\t\t<a href=\"https:\/\/quantumtec.org\/es\/quantum-international-gmbh-co-kg-ganador-con-transparencia-y-fuerza-innovadora\/\" rel=\"bookmark\">\n\t\t\t\t\t\t\t\tQUANTUM International GmbH &amp; Co. KG: Ganador con transparencia y fuerza innovadora\t\t\t\t\t\t\t<\/a>\n\t\t\t\t\t\t<\/h3>\n\t\t\t\t\t\t<p>QUANTUM International GmbH &amp; Co. KG ha confirmado su posici\u00f3n de pionera en el sector al ser reconocida como \u00abEmpleador del futuro\u00bb.<\/p>\n<p>El Instituto Alem\u00e1n de Innovaci\u00f3n para la Sostenibilidad y la Digitalizaci\u00f3n (DIND) de Hamburgo ha reconocido a QUANTUM International GmbH &amp; Co. KG como \u00abEmpleador del futuro\u00bb.<\/p>\n\t\t\t\t\t\t<a class=\"read-more link\" href=\"https:\/\/quantumtec.org\/es\/quantum-international-gmbh-co-kg-ganador-con-transparencia-y-fuerza-innovadora\/\">\n\t\t\t\t\t\t\tRead more\t\t\t\t\t\t<\/a>\n\t\t\t\t\t<\/div>\n\t\t\t\t<\/div>\n\t\t\t<\/div>\n\t\t\t\t\t\t<div id=\"post-7106\" class=\"col-sm-6 col-md-4 space-bottom space-bottom-xs\">\n\t\t\t\t<div class=\"post-content card y-move bordered\">\n\t\t\t\t\t<div class=\"post-thumbnail\">\n   <a href=\"https:\/\/quantumtec.org\/es\/celebrating-the-magical-san-juan-festival-in-spain\/\" class=\"post-list-item-thumb \">\n      <img loading=\"lazy\" decoding=\"async\" width=\"1024\" height=\"681\" src=\"https:\/\/quantumtec.org\/wp-content\/uploads\/2023\/06\/kimson-doan-AZMmUy2qL6A-unsplash-3-1024x681.jpg\" class=\"attachment-post-thumbnail size-post-thumbnail wp-post-image\" alt=\"\" srcset=\"https:\/\/quantumtec.org\/wp-content\/uploads\/2023\/06\/kimson-doan-AZMmUy2qL6A-unsplash-3-1024x681.jpg 1024w, https:\/\/quantumtec.org\/wp-content\/uploads\/2023\/06\/kimson-doan-AZMmUy2qL6A-unsplash-3-300x200.jpg 300w, https:\/\/quantumtec.org\/wp-content\/uploads\/2023\/06\/kimson-doan-AZMmUy2qL6A-unsplash-3-768x511.jpg 768w, https:\/\/quantumtec.org\/wp-content\/uploads\/2023\/06\/kimson-doan-AZMmUy2qL6A-unsplash-3-1536x1022.jpg 1536w, https:\/\/quantumtec.org\/wp-content\/uploads\/2023\/06\/kimson-doan-AZMmUy2qL6A-unsplash-3-1624x1080.jpg 1624w, https:\/\/quantumtec.org\/wp-content\/uploads\/2023\/06\/kimson-doan-AZMmUy2qL6A-unsplash-3.jpg 1920w\" sizes=\"auto, (max-width: 1024px) 100vw, 1024px\" \/>   <\/a>\n<\/div>\n\t\t\t\t\t<div class=\"col-padding col-padding-xs\">\n\t\t\t\t\t\t<h3 class=\"post-title space-bottom-small\">\n\t\t\t\t\t\t\t<a href=\"https:\/\/quantumtec.org\/es\/celebrating-the-magical-san-juan-festival-in-spain\/\" rel=\"bookmark\">\n\t\t\t\t\t\t\t\tCelebraci\u00f3n de las M\u00e1gicas Fiestas de San Juan en Espa\u00f1a\t\t\t\t\t\t\t<\/a>\n\t\t\t\t\t\t<\/h3>\n\t\t\t\t\t\t<p>Sum\u00e9rjase en las m\u00e1gicas Fiestas de San Juan, en la costa espa\u00f1ola. Cuando se acerca la medianoche, se encienden hogueras y la gente salta sobre las llamas, s\u00edmbolo de purificaci\u00f3n y buena fortuna. Esta vibrante celebraci\u00f3n mezcla tradiciones ancestrales con jolgorio moderno, creando una experiencia inolvidable bajo el cielo estrellado.<\/p>\n\t\t\t\t\t\t<a class=\"read-more link\" href=\"https:\/\/quantumtec.org\/es\/celebrating-the-magical-san-juan-festival-in-spain\/\">\n\t\t\t\t\t\t\tRead more\t\t\t\t\t\t<\/a>\n\t\t\t\t\t<\/div>\n\t\t\t\t<\/div>\n\t\t\t<\/div>\n\t\t\t\t\t\t<div id=\"post-7094\" class=\"col-sm-6 col-md-4 space-bottom space-bottom-xs\">\n\t\t\t\t<div class=\"post-content card y-move bordered\">\n\t\t\t\t\t<div class=\"post-thumbnail\">\n   <a href=\"https:\/\/quantumtec.org\/es\/die-wichtigkeit-von-netzwerken-2\/\" class=\"post-list-item-thumb \">\n      <img loading=\"lazy\" decoding=\"async\" width=\"1024\" height=\"683\" src=\"https:\/\/quantumtec.org\/wp-content\/uploads\/2023\/07\/robynne-hu-HOrhCnQsxnQ-unsplash-1-1024x683.jpg\" class=\"attachment-post-thumbnail size-post-thumbnail wp-post-image\" alt=\"\" srcset=\"https:\/\/quantumtec.org\/wp-content\/uploads\/2023\/07\/robynne-hu-HOrhCnQsxnQ-unsplash-1-1024x683.jpg 1024w, https:\/\/quantumtec.org\/wp-content\/uploads\/2023\/07\/robynne-hu-HOrhCnQsxnQ-unsplash-1-300x200.jpg 300w, https:\/\/quantumtec.org\/wp-content\/uploads\/2023\/07\/robynne-hu-HOrhCnQsxnQ-unsplash-1-768x512.jpg 768w, https:\/\/quantumtec.org\/wp-content\/uploads\/2023\/07\/robynne-hu-HOrhCnQsxnQ-unsplash-1-1536x1025.jpg 1536w, https:\/\/quantumtec.org\/wp-content\/uploads\/2023\/07\/robynne-hu-HOrhCnQsxnQ-unsplash-1-1619x1080.jpg 1619w, https:\/\/quantumtec.org\/wp-content\/uploads\/2023\/07\/robynne-hu-HOrhCnQsxnQ-unsplash-1.jpg 1920w\" sizes=\"auto, (max-width: 1024px) 100vw, 1024px\" \/>   <\/a>\n<\/div>\n\t\t\t\t\t<div class=\"col-padding col-padding-xs\">\n\t\t\t\t\t\t<h3 class=\"post-title space-bottom-small\">\n\t\t\t\t\t\t\t<a href=\"https:\/\/quantumtec.org\/es\/die-wichtigkeit-von-netzwerken-2\/\" rel=\"bookmark\">\n\t\t\t\t\t\t\t\tLa importancia de las redes\t\t\t\t\t\t\t<\/a>\n\t\t\t\t\t\t<\/h3>\n\t\t\t\t\t\t<p>En tiempos de escasez de trabajadores cualificados, se necesitan planteamientos innovadores para satisfacer la demanda de profesionales de TI cualificados. Uno de estos enfoques es la creaci\u00f3n de la comunidad Digital Excellence Club, como en QUANTUM. Esta comunidad est\u00e1 formada por profesionales de TI experimentados y altamente cualificados que pueden intercambiar, trabajar en red y formarse entre s\u00ed. Pero, \u00bfqu\u00e9 valor a\u00f1adido tiene una comunidad de este tipo para clientes y candidatos?<\/p>\n\t\t\t\t\t\t<a class=\"read-more link\" href=\"https:\/\/quantumtec.org\/es\/die-wichtigkeit-von-netzwerken-2\/\">\n\t\t\t\t\t\t\tRead more\t\t\t\t\t\t<\/a>\n\t\t\t\t\t<\/div>\n\t\t\t\t<\/div>\n\t\t\t<\/div>\n\t\t\t\t<\/div>\n\t<\/div><\/div> <div class=\"row\"><div class=\"text-center\"> <a class=\"button color1\" shortcode=\"href:mesmerize_blog_link\" href=\"https:\/\/quantumtec.org\/blog\">VER TODAS LAS ENTRADAS DEL BLOG<\/a><\/div> <\/div><\/div><\/div>","protected":false},"excerpt":{"rendered":"<p>Trabajo \u00e1gil en una empresa que no es de desarrollo QUANTUM trabaja de forma \u00e1gil, especialmente en \u00e1reas que no forman parte del cl\u00e1sico desarrollo de software o productos.Scrum, KanBan, ScrumBan&#8230; \u00a1lo que sea! El trabajo \u00e1gil acompa\u00f1a ahora a la mayor\u00eda de las empresas de TI, ya que se ha convertido en una herramienta&hellip; <br \/> <a class=\"read-more\" href=\"https:\/\/quantumtec.org\/es\/die-wichtigkeit-von-netzwerken-2\/\">Read more<\/a><\/p>\n","protected":false},"author":1,"featured_media":0,"parent":0,"menu_order":3,"comment_status":"closed","ping_status":"closed","template":"pro\/page-templates\/full-width-page.php","meta":{"footnotes":""},"class_list":["post-3788","page","type-page","status-publish","hentry"],"_links":{"self":[{"href":"https:\/\/quantumtec.org\/es\/wp-json\/wp\/v2\/pages\/3788","targetHints":{"allow":["GET"]}}],"collection":[{"href":"https:\/\/quantumtec.org\/es\/wp-json\/wp\/v2\/pages"}],"about":[{"href":"https:\/\/quantumtec.org\/es\/wp-json\/wp\/v2\/types\/page"}],"author":[{"embeddable":true,"href":"https:\/\/quantumtec.org\/es\/wp-json\/wp\/v2\/users\/1"}],"replies":[{"embeddable":true,"href":"https:\/\/quantumtec.org\/es\/wp-json\/wp\/v2\/comments?post=3788"}],"version-history":[{"count":6,"href":"https:\/\/quantumtec.org\/es\/wp-json\/wp\/v2\/pages\/3788\/revisions"}],"predecessor-version":[{"id":6180,"href":"https:\/\/quantumtec.org\/es\/wp-json\/wp\/v2\/pages\/3788\/revisions\/6180"}],"wp:attachment":[{"href":"https:\/\/quantumtec.org\/es\/wp-json\/wp\/v2\/media?parent=3788"}],"curies":[{"name":"wp","href":"https:\/\/api.w.org\/{rel}","templated":true}]}}