{"id":3794,"date":"2021-03-09T12:14:53","date_gmt":"2021-03-09T11:14:53","guid":{"rendered":"https:\/\/quantumtec.org\/consultoria\/"},"modified":"2022-11-21T19:32:44","modified_gmt":"2022-11-21T18:32:44","slug":"consultoria","status":"publish","type":"page","link":"https:\/\/quantumtec.org\/es\/consultoria\/","title":{"rendered":"Centro digital"},"content":{"rendered":"<div data-label=\"hub services\" data-id=\"features--1\" data-export-id=\"features-16\" data-category=\"features\" class=\"features-16 content-section content-section-spacing\" id=\"hub-services\" style=\"background-color: rgb(255, 255, 255);\"><div class=\"\"> <div class=\"row text-center\"><div class=\"section-title-col\" data-type=\"column\"> <h2 class=\"\"><span style=\"font-family: Poppins, arial, helvetica, sans-serif;\">Servicios del centro digital<\/span><\/h2> <p class=\"lead\"><font face=\"Poppins, arial, helvetica, sans-serif\">PROYECTOS DE SOFTWARE SUBCONTRATADOS A QUANTUM<\/font><\/p><\/div> <\/div> <div class=\"row spaced-cols\" data-type=\"row\"> <div class=\"col-xs-12 col-sm-6 col-md-4 space-bottom\">  <div data-type=\"column\" class=\"col-padding-small col-padding-small-xs description-container\">  <p class=\"\"><\/p> <\/div> <\/div>  <div class=\"col-xs-12 col-sm-6 col-md-4 space-bottom\">  <div data-type=\"column\" class=\"col-padding-small col-padding-small-xs description-container\">   <\/div> <\/div><div class=\"col-xs-12 col-sm-6 col-md-4 space-bottom\">  <div data-type=\"column\" class=\"col-padding-small col-padding-small-xs description-container\">  <p class=\"\"><\/p> <\/div> <\/div><\/div> <\/div><\/div><div data-label=\"your supplier gateway\" data-id=\"cta--1\" data-export-id=\"cta-centered-section-grid\" data-category=\"cta\" class=\"cta-centered-section-grid content-section content-section-spacing-medium bg-color1 white-text\" id=\"your-supplier-gateway\" style=\"background-image: none; background-color: rgb(52, 58, 64);\"><div class=\"gridContainer\"> <div class=\"row text-center\"><div class=\"col-xs-12 col-sm-10 col-sm-offset-1 col-md-8 col-md-offset-2\" data-type=\"column\"> <h2 class=\"\">SU<span class=\"font-300\">PORTAL DE PROVEEDORES DE SOFTWARE<\/span>&nbsp;<span class=\"font-300\"><\/span><\/h2> <p class=\"\">A trav\u00e9s de nuestros \u00abDigital Hub Services\u00bb, ponemos a disposici\u00f3n de todos nuestros clientes que deseen subcontratar productos completos a contratistas externos nuestra red internacional de empleados fijos, nuestra reserva de aut\u00f3nomos y nuestros socios en el sur y el este de Europa, as\u00ed como en Extremo Oriente.<\/p> <\/div> <\/div><\/div> <\/div><div data-label=\"Counters\" data-id=\"counters--1\" data-export-id=\"counters-2\" data-category=\"counters\" class=\"counters-2 content-section content-section-spacing\" id=\"counters-1\" style=\"background-color: rgb(255, 255, 255);\"><div class=\"gridContainer\"> <div class=\"row text-center\"><div class=\"section-title-col\" data-type=\"column\"> <h2 class=\"\">Sus posibilidades<\/h2> <p class=\"lead\">Posibilidades ilimitadas para hacer realidad sus visiones &#8211;  \n<br>siempre a cargo de los expertos, equipos y socios de QUANTUM.<\/p><\/div> <\/div> <div class=\"row\" data-type=\"row\"> <div class=\"col-xs-12 col-sm-4 text-center space-bottom\"> <i class=\"fa icon fa-globe color1\"><\/i> <h3 class=\"font-400\" data-min=\"0\" data-max=\"18\" data-duration=\"2000\" data-prefix=\"\" data-suffix=\"+\" data-countup=\"true\" style=\"display: inline-block;\"><\/h3> <h5 class=\"upper color2\"><span style=\"color: rgb(52, 58, 64);\">Pa\u00edses&nbsp; con los mejores expertos<\/span><\/h5><p class=\"\">Pa\u00edses en los que QUANTUM mantiene activamente contactos y realiza pedidos por usted.&nbsp;<\/p><\/div> <div class=\"col-xs-12 col-sm-4 text-center space-bottom\"><i class=\"fa fa-smile-o icon color1\"><\/i> <h3 class=\"font-400\" data-min=\"0\" data-max=\"100000\" data-duration=\"2000\" data-prefix=\"\" data-suffix=\"+\" data-countup=\"true\" style=\"display: inline-block;\"><\/h3> <h5 class=\"upper color2\"><span style=\"color: rgb(52, 58, 64);\">Posibles combinaciones<\/span><\/h5><p class=\"\">Combinaciones de expertos que son posibles para los planes de su proyecto.<\/p><\/div> <div class=\"col-xs-12 col-sm-4 text-center space-bottom\"><i class=\"fa icon fa-clock-o color1\"><\/i> <h3 class=\"font-400\" data-min=\"0\" data-max=\"9\" data-duration=\"2000\" data-prefix=\"\" data-suffix=\"+\" data-countup=\"true\" style=\"display: inline-block;\"><\/h3> <h5 class=\"upper color2\"><span style=\"color: rgb(52, 58, 64);\">ZEzones<\/span><\/h5><p class=\"\">Zonas horarias en las que operan nuestros expertos, empleados y socios.<\/p><\/div> <\/div><\/div> <\/div><div data-label=\"process development\" data-id=\"overlappable--1\" data-export-id=\"overlappable-4\" data-category=\"overlappable\" class=\"overlappable-4 content-section content-section-spacing\" data-overlap=\"true\" id=\"process-development\" style=\"background-color: rgb(255, 255, 255);\"><div class=\"\"> <div data-type=\"row\" class=\"row spaced-cols text-center\"><div class=\"col-xs-12 col-sm-4 col-padding\"> <i class=\"fa icon shadow-large-black aligncenter fa-file-text-o reverse round large color1\"><\/i> <div data-type=\"column\" class=\"\"> <h5 class=\"\">BRIEFING<\/h5> <p class=\"\" style=\"text-align: left;\">Usted nos informa de sus necesidades y las discutimos juntos:\n<br><br><span style=\"font-weight: 600;\">&#8211; \u00bfQu\u00e9 hay que desarrollar?<\/span><br><span style=\"font-weight: 600;\">&#8211; \u00bfQu\u00e9 tecnolog\u00edas deben utilizarse?<\/span><br><span style=\"font-weight: 600;\">&#8211; \u00bfSe necesita un equipo completo o s\u00f3lo funciones individuales?<\/span><br><span style=\"font-weight: 600;\">&#8211; El nivel de su presupuesto<\/span><br><span style=\"font-weight: 600;\">&#8211; Qu\u00e9 est\u00e1 previsto para las versiones individuales&nbsp;<\/span><br><span style=\"font-weight: 600;\">&#8211; \u00bfD\u00f3nde quiere desarrollarse?<\/span><br><span style=\"font-weight: 600;\">&#8211; \u00bfQu\u00e9 idioma debe hablar su equipo?<\/span><\/p><\/div> <\/div> <div class=\"col-xs-12 col-sm-4 col-padding\"> <i class=\"fa icon shadow-large-black aligncenter fa-users reverse round large color1\"><\/i> <div data-type=\"column\" class=\"\"><h5 class=\"\">PROPUESTA DE CREACI\u00d3N<\/h5> <p class=\"\" style=\"text-align: left;\">Entramos en una fase de evaluaci\u00f3n y consulta de sus necesidades. Aqu\u00ed examinamos nuestra red en busca de posibles socios. Tenemos la ventaja decisiva de poder realizar una b\u00fasqueda amplia. Porque adem\u00e1s de nuestros colegas permanentes, tenemos miles de perfiles de aut\u00f3nomos en nuestra base de datos, as\u00ed como varios proveedores de servicios en el pa\u00eds y en el extranjero.&nbsp;\n<br><br>Preferimos expertos y proveedores con los que ya hemos adquirido experiencia para no tener que correr riesgos.&nbsp;\n<br><br><span style=\"font-weight: 600;\">\nVemos la ventaja para usted en el enfoque individual que podemos adoptar: A diferencia de otros proveedores de servicios en este campo, no tenemos un solo equipo para ocuparnos de la tarea: Tratamos su oferta de forma neutral y seleccionamos a los mejores expertos para su ejecuci\u00f3n.<\/span><br><br>Al final, habr\u00e1 una o varias propuestas con ofertas que desarrollar\u00e1n completamente su proyecto seg\u00fan sus especificaciones. Al final, usted puede elegir en qui\u00e9n depositar su confianza y hacer realidad su visi\u00f3n.<\/p><\/div> <\/div> <div class=\"col-xs-12 col-sm-4 col-padding\"> <i class=\"fa icon shadow-large-black aligncenter fa-gears reverse round large color1\"><\/i> <div data-type=\"column\" class=\"\"><h5 class=\"\">EJECUCI\u00d3N<\/h5> <p class=\"\" style=\"text-align: left;\">Una vez que se ha seleccionado un proveedor, un equipo o un grupo de expertos y se ha adjudicado el contrato, puede comenzar la implantaci\u00f3n.&nbsp;\n<br><br>Contractor es el QUANTUM para usted con la fiabilidad que nos caracteriza. Tanto si se ha negociado un precio fijo como si cobramos por sprints, insistimos en la mayor transparencia posible en cada paso en lo que respecta a la entrega de resultados.&nbsp;\n<br><br>Un asesor de nuestra empresa le atender\u00e1 durante todo el ciclo y podr\u00e1 ser consultado para recibir asesoramiento y apoyo.&nbsp;<\/p><a class=\"button big color1 outline\" href=\"https:\/\/quantumtec.org\/call-back\" target=\"_blank\" data-cp-link=\"1\" data-icon=\"\" rel=\"noopener\">Solicitar proyecto<\/a><\/div> <\/div><\/div> <\/div><\/div><div data-label=\"software agency\" data-id=\"gallery--1\" data-export-id=\"gallery-2\" data-category=\"gallery\" class=\"gallery-2 content-section content-section-spacing\" id=\"software-agency\" style=\"background-color: rgb(245, 250, 253);\"><div class=\"\"> <div class=\"row\"><div class=\"col-xs-12 full-no-padding\" data-editable=\"true\" data-content-shortcode=\"mesmerize_gallery id=\"mesmerize-gallery-2\" columns=\"3\" ids=\"1292,1291,1294\" lb=\"0\" masonry=\"0\" size=\"mesmerize-full-hd\" link=\"none\"  \"><div id='mesmerize-gallery-2' class='gallery-wrapper'><style type=\"text\/css\">\n                    @media only screen and (min-width: 768px) {\n                    [data-unique-id='mesmerize-gallery-2-69e8a86c635a8'] dl {\n                        float: left;\n                        width: 33.333333333333% !important;\n                        max-width:  33.333333333333% !important;\n                        min-width:  33.333333333333% !important;\n                    }\n\n                    [data-unique-id='mesmerize-gallery-2-69e8a86c635a8'] dl:nth-of-type(3n +1 ) {\n                      clear: both;\n                      }\n                    }\n                <\/style><div id='mesmerize-gallery-2' class='mesmerize-gallery-2-dls-wrapper gallery-items-wrapper materialis-gallery' data-unique-id='mesmerize-gallery-2-69e8a86c635a8'><dl class='gallery-item'>\n\t\t\t<dt class='gallery-icon landscape'>\n\t\t\t\t<img loading=\"lazy\" decoding=\"async\"  width=\"779\" height=\"615\" src=\"https:\/\/quantumtec.org\/wp-content\/uploads\/2021\/03\/Bildschirmfoto-2021-03-09-um-15.47.49.png\"  class='mesmerize-gallery-2-image' alt=\"\" srcset=\"https:\/\/quantumtec.org\/wp-content\/uploads\/2021\/03\/Bildschirmfoto-2021-03-09-um-15.47.49.png 779w, https:\/\/quantumtec.org\/wp-content\/uploads\/2021\/03\/Bildschirmfoto-2021-03-09-um-15.47.49-300x237.png 300w, https:\/\/quantumtec.org\/wp-content\/uploads\/2021\/03\/Bildschirmfoto-2021-03-09-um-15.47.49-768x606.png 768w\" sizes=\"auto, (max-width: 779px) 100vw, 779px\" \/>\n\t\t\t<\/dt><\/dl><dl class='gallery-item'>\n\t\t\t<dt class='gallery-icon landscape'>\n\t\t\t\t<img loading=\"lazy\" decoding=\"async\"  width=\"779\" height=\"615\" src=\"https:\/\/quantumtec.org\/wp-content\/uploads\/2021\/03\/Bildschirmfoto-2021-03-09-um-15.48.32.png\"  class='mesmerize-gallery-2-image' alt=\"\" srcset=\"https:\/\/quantumtec.org\/wp-content\/uploads\/2021\/03\/Bildschirmfoto-2021-03-09-um-15.48.32.png 779w, https:\/\/quantumtec.org\/wp-content\/uploads\/2021\/03\/Bildschirmfoto-2021-03-09-um-15.48.32-300x237.png 300w, https:\/\/quantumtec.org\/wp-content\/uploads\/2021\/03\/Bildschirmfoto-2021-03-09-um-15.48.32-768x606.png 768w\" sizes=\"auto, (max-width: 779px) 100vw, 779px\" \/>\n\t\t\t<\/dt><\/dl><dl class='gallery-item'>\n\t\t\t<dt class='gallery-icon landscape'>\n\t\t\t\t<img loading=\"lazy\" decoding=\"async\"  width=\"779\" height=\"615\" src=\"https:\/\/quantumtec.org\/wp-content\/uploads\/2021\/03\/Bildschirmfoto-2021-03-09-um-15.51.31.png\"  class='mesmerize-gallery-2-image' alt=\"\" srcset=\"https:\/\/quantumtec.org\/wp-content\/uploads\/2021\/03\/Bildschirmfoto-2021-03-09-um-15.51.31.png 779w, https:\/\/quantumtec.org\/wp-content\/uploads\/2021\/03\/Bildschirmfoto-2021-03-09-um-15.51.31-300x237.png 300w, https:\/\/quantumtec.org\/wp-content\/uploads\/2021\/03\/Bildschirmfoto-2021-03-09-um-15.51.31-768x606.png 768w\" sizes=\"auto, (max-width: 779px) 100vw, 779px\" \/>\n\t\t\t<\/dt><\/dl>\n\t\t<\/div>\n<script>(function($){window.MaterialisCaptionsGallery && window.MaterialisCaptionsGallery($('[data-unique-id=\"mesmerize-gallery-2-69e8a86c635a8\"]'))})(jQuery)<\/script><\/div><\/div><\/div> <\/div><\/div>","protected":false},"excerpt":{"rendered":"<p>Servicios del centro digital PROYECTOS DE SOFTWARE SUBCONTRATADOS A QUANTUM SUPORTAL DE PROVEEDORES DE SOFTWARE&nbsp; A trav\u00e9s de nuestros \u00abDigital Hub Services\u00bb, ponemos a disposici\u00f3n de todos nuestros clientes que deseen subcontratar productos completos a contratistas externos nuestra red internacional de empleados fijos, nuestra reserva de aut\u00f3nomos y nuestros socios en el sur y el&hellip; <br \/> <a class=\"read-more\" href=\"https:\/\/quantumtec.org\/es\/consultoria\/\">Read more<\/a><\/p>\n","protected":false},"author":1,"featured_media":0,"parent":0,"menu_order":30,"comment_status":"closed","ping_status":"closed","template":"pro\/page-templates\/full-width-page.php","meta":{"footnotes":""},"class_list":["post-3794","page","type-page","status-publish","hentry"],"_links":{"self":[{"href":"https:\/\/quantumtec.org\/es\/wp-json\/wp\/v2\/pages\/3794","targetHints":{"allow":["GET"]}}],"collection":[{"href":"https:\/\/quantumtec.org\/es\/wp-json\/wp\/v2\/pages"}],"about":[{"href":"https:\/\/quantumtec.org\/es\/wp-json\/wp\/v2\/types\/page"}],"author":[{"embeddable":true,"href":"https:\/\/quantumtec.org\/es\/wp-json\/wp\/v2\/users\/1"}],"replies":[{"embeddable":true,"href":"https:\/\/quantumtec.org\/es\/wp-json\/wp\/v2\/comments?post=3794"}],"version-history":[{"count":7,"href":"https:\/\/quantumtec.org\/es\/wp-json\/wp\/v2\/pages\/3794\/revisions"}],"predecessor-version":[{"id":5961,"href":"https:\/\/quantumtec.org\/es\/wp-json\/wp\/v2\/pages\/3794\/revisions\/5961"}],"wp:attachment":[{"href":"https:\/\/quantumtec.org\/es\/wp-json\/wp\/v2\/media?parent=3794"}],"curies":[{"name":"wp","href":"https:\/\/api.w.org\/{rel}","templated":true}]}}