{"id":3796,"date":"2020-12-16T19:32:45","date_gmt":"2020-12-16T18:32:45","guid":{"rendered":"https:\/\/quantumtec.org\/pie-de-imprenta\/"},"modified":"2024-11-01T13:52:36","modified_gmt":"2024-11-01T12:52:36","slug":"pie-de-imprenta","status":"publish","type":"page","link":"https:\/\/quantumtec.org\/es\/pie-de-imprenta\/","title":{"rendered":"Pie de imprenta"},"content":{"rendered":"<div data-label=\"Contact\" data-id=\"contact--2\" data-export-id=\"contact-3\" data-category=\"contact\" class=\"contact-3 content-section content-section-spacing content-relative\" id=\"contact-2\" style=\"background-color: rgb(245, 250, 253); background-size: cover; background-position: center top; background-image: url(\"https:\/\/quantumtec.org\/wp-content\/uploads\/2023\/02\/Bildschirm\u00adfoto-2023-02-14-um-18.07.40.png\");\"><div class=\"section-separator-top\">\n    <svg class=\"section-separator-top\" data-separator-name=\"triangle-asymmetrical-negative\" preserveaspectratio=\"none\" viewbox=\"0 0 1000 100\" xmlns=\"http:\/\/www.w3.org\/2000\/svg\">\n        <path class=\"svg-white-bg\" d=\"M737.9,94.7L0,0v100h1000V0L737.9,94.7z\"><\/path>\n    <\/svg>\n<\/div><div class=\"gridContainer\"> <div class=\"row\"><div class=\"col-xs-12 col-sm-6 col-sm-offset-6 col-md-5 col-md-offset-7 text-center\"> <div data-type=\"column\" class=\"card large-padding\"><h2 class=\"font-300\">Ponte en contacto<\/h2> <h4 class=\"font-300\">CU\u00c1NTICO<\/h4> <p class=\"\">Schellingstr. <br>109a 80798 M\u00fanich<\/p> <p class=\"\">Tel\u00e9fono: +49 89 21 52 74 40<\/p> <p class=\"\">Correo electr\u00f3nico: weloveit@quantumtec.org<\/p> <\/div> <\/div><\/div> <\/div><\/div><div data-label=\"About\" data-id=\"about--1\" data-export-id=\"about-10\" data-category=\"about\" class=\"about-10 content-section content-section-spacing\" id=\"about-1\" style=\"background-color: rgb(255, 255, 255);\"><div class=\"gridContainer\"> <div class=\"row middle-sm text-center\"><div class=\"col-sm-5 space-bottom-xs content-column\" data-type=\"column\"> <h5 class=\"\">M\u00daNICH WUERZBURGO M\u00c1LAGA<\/h5> <h2 class=\"\" style=\"text-align: left;\">QUANTUM Internacional<\/h2> <p class=\"\" style=\"text-align: left;\"><span style=\"font-weight: 700;\">Proveedor de servicios &#8211; Proveedor de servicios<\/span><br>\n\n<br><br><br> <br><br><br><br> Q<b>UANTUM International GmbH &amp; Co. KG<\/b> Director Gerente: Burkhard S\u00fcssenguth Schellingstr. 109a 80798 M\u00fanich Alemania  <br><br><br><br><br><br><br> Tribunal de Registro de M\u00fanich HRA 114306 CIF: DE344668251 Representantes autorizados Representante autorizado:<br> QUANTUM International GmbH &amp; Co. KG Director Gerente: Burkhard S\u00fcssenguth <br><br> <span><span> Socio personalmente responsable<\/span><\/span><br><br><br><br><br><br><br><br><br> QUANTUM Management GmbH Schellingstr. 109a 80798 M\u00fanich Tribunal de registro de M\u00fanich HRB 266374 Director gerente Burkhard S\u00fcssenguth <br><br><br><br><br><br><br> Q<b>UANTUM TECH LABS GmbH <\/b>HRB 16517 N\u00famero de identificaci\u00f3n fiscal: DE322858982 Hofstra\u00dfe 97070 W\u00fcrzburg Alemania <br><br> <br>Director General: Burkhard S\u00fcssenguth<br><br><br><br> E<b>DOOly <\/b>Una marca de QUANTUM TECH LABS GmbH Marca n\u00ba: 30 2024 232 748 N\u00famero de expediente: 30 2024 232 748.0<br><br><br><br><br> O<b>ficina Espa\u00f1a<\/b> Tel\u00e9fono: 34 951 23 15 21 C\/ Marqu\u00e9s de Larios, 4 29008, M\u00e1laga Espa\u00f1a <br><br>\n<br> O<span style=\"font-weight: 600;\">pciones de contacto<\/span> Direcci\u00f3n de correo electr\u00f3nico: info@q-m.io<br>\n\n<br><br><br><br> D<span style=\"font-weight: 600;\">atos de la empresa<\/span> Seguro de responsabilidad civil profesional Allianz Versicherungs AG 10900 Berl\u00edn<br><br><br> Resoluci\u00f3n de <span style=\"font-weight: 600;\">litigios<\/span> en l\u00ednea (RLL) Resoluci\u00f3n de litigios en l\u00ednea: La Comisi\u00f3n Europea proporciona una plataforma para la resoluci\u00f3n de litigios en l\u00ednea (RLL), que puedes encontrar en https:\/\/ec.europa.eu\/consumers\/odr\/. Los consumidores tienen la posibilidad de utilizar esta plataforma para la resoluci\u00f3n de sus litigios.<br>\n\n<br><br> I<span style=\"font-weight: 600;\">nformaci\u00f3n sobre responsabilidad y derechos de propiedad<\/span> Cl\u00e1usula de exenci\u00f3n de responsabilidad: El contenido de esta oferta online se ha elaborado cuidadosamente y de acuerdo con nuestro estado actual de conocimientos, pero s\u00f3lo tiene fines informativos y carece de efectos jur\u00eddicamente vinculantes, a menos que se trate de informaci\u00f3n jur\u00eddicamente vinculante (por ejemplo, el pie de imprenta, la declaraci\u00f3n de protecci\u00f3n de datos, las condiciones generales o las instrucciones obligatorias para los consumidores). Nos reservamos el derecho de modificar o eliminar el contenido total o parcialmente, siempre que las obligaciones contractuales no se vean afectadas. Todas las ofertas est\u00e1n sujetas a cambios y no son vinculantes.<br>\n\n<br><span style=\"font-weight: 600;\">Enlaces a sitios web externos<\/span>: El contenido de los sitios web externos a los que remitimos directa o indirectamente est\u00e1 fuera de nuestro \u00e1mbito de responsabilidad y no lo adoptamos como propio. El proveedor de los sitios web enlazados es el \u00fanico responsable de todos los contenidos y, en particular, de los da\u00f1os derivados del uso de la informaci\u00f3n disponible en los sitios web enlazados.  <br><br>\n<span style=\"font-weight: 600;\">Derechos de autor y<\/span> derechos de marca: Todo el contenido mostrado en este sitio web, como textos, fotograf\u00edas, gr\u00e1ficos, marcas y marcas registradas, est\u00e1 protegido por los respectivos derechos de propiedad (derechos de autor, derechos de marca registrada). El uso, reproducci\u00f3n, etc. est\u00e1n sujetos a nuestros derechos o a los derechos del respectivo autor o administrador de derechos.<br> Informaci\u00f3n sobre infracciones legales: Si observas alguna infracci\u00f3n legal en nuestro sitio web, inf\u00f3rmanos de ella. Eliminaremos los contenidos y enlaces ilegales inmediatamente despu\u00e9s de tener conocimiento de ellos.<br>\n\n<br><br> C<span style=\"font-weight: 600;\">r\u00e9ditos de las im\u00e1genes<\/span> Fuentes de las im\u00e1genes y avisos de copyright:<br><br> Shutterstock, Istockphoto.com, <a data-mce-href=\"https:\/\/unsplash.com\/\" href=\"https:\/\/unsplash.com\" target=\"_blank\" rel=\"noopener\" data-mce-selected=\"inline-boundary\" data-cp-link=\"1\" class=\"\">unsplash<\/a>, im\u00e1genes propias Nearshore: Un mill\u00f3n de gracias a <a data-mce-href=\"https:\/\/www.firstworkplaces.com\/malaga\/larios\/coworking.html\" href=\"https:\/\/www.firstworkplaces.com\/malaga\/larios\/coworking.html\" target=\"_blank\" rel=\"noopener\" data-mce-selected=\"inline-boundary\" data-cp-link=\"1\" class=\"\">Larios First Workplaces<\/a>, <a data-mce-href=\"https:\/\/www.zdi-mainfranken.de\/\" href=\"https:\/\/www.zdi-mainfranken.de\" target=\"_blank\" rel=\"noopener\" data-mce-selected=\"inline-boundary\" data-cp-link=\"1\" class=\"\">ZDI W\u00fcrzburg<\/a><\/p> <\/div> <div class=\"col-sm-7 flexbox middle-xs center-xs space-bottom-xs\"><div class=\"overlay-box middle-xs center-xs flexbox\"> <div class=\"overlay-box-offset offset-border shadow-medium border-color1 hide-xs\"><\/div> <img decoding=\"async\" class=\"shadow-large lazy-loaded\" data-size=\"485x705\" src=\"https:\/\/quantumtec.org\/wp-content\/uploads\/2023\/02\/cropped-564154_img_1870.jpg\" data-lazy-type=\"image\" data-src=\"https:\/\/quantumtec.org\/wp-content\/uploads\/2023\/02\/cropped-564154_img_1870.jpg\" title=\"Centro Skyline Hill\" alt=\"Centro Skyline Hill\"><\/div> <\/div><\/div> <\/div><\/div>","protected":false},"excerpt":{"rendered":"<p>Ponte en contacto CU\u00c1NTICO Schellingstr. 109a 80798 M\u00fanich Tel\u00e9fono: +49 89 21 52 74 40 Correo electr\u00f3nico: weloveit@quantumtec.org M\u00daNICH WUERZBURGO M\u00c1LAGA QUANTUM Internacional Proveedor de servicios &#8211; Proveedor de servicios QUANTUM International GmbH &amp; Co. KG Director Gerente: Burkhard S\u00fcssenguth Schellingstr. 109a 80798 M\u00fanich Alemania Tribunal de Registro de M\u00fanich HRA 114306 CIF: DE344668251 Representantes&hellip; <br \/> <a class=\"read-more\" href=\"https:\/\/quantumtec.org\/es\/pie-de-imprenta\/\">Read more<\/a><\/p>\n","protected":false},"author":1,"featured_media":0,"parent":0,"menu_order":26,"comment_status":"closed","ping_status":"open","template":"pro\/page-templates\/full-width-page.php","meta":{"footnotes":""},"class_list":["post-3796","page","type-page","status-publish","hentry"],"_links":{"self":[{"href":"https:\/\/quantumtec.org\/es\/wp-json\/wp\/v2\/pages\/3796","targetHints":{"allow":["GET"]}}],"collection":[{"href":"https:\/\/quantumtec.org\/es\/wp-json\/wp\/v2\/pages"}],"about":[{"href":"https:\/\/quantumtec.org\/es\/wp-json\/wp\/v2\/types\/page"}],"author":[{"embeddable":true,"href":"https:\/\/quantumtec.org\/es\/wp-json\/wp\/v2\/users\/1"}],"replies":[{"embeddable":true,"href":"https:\/\/quantumtec.org\/es\/wp-json\/wp\/v2\/comments?post=3796"}],"version-history":[{"count":17,"href":"https:\/\/quantumtec.org\/es\/wp-json\/wp\/v2\/pages\/3796\/revisions"}],"predecessor-version":[{"id":9278,"href":"https:\/\/quantumtec.org\/es\/wp-json\/wp\/v2\/pages\/3796\/revisions\/9278"}],"wp:attachment":[{"href":"https:\/\/quantumtec.org\/es\/wp-json\/wp\/v2\/media?parent=3796"}],"curies":[{"name":"wp","href":"https:\/\/api.w.org\/{rel}","templated":true}]}}