{"id":3803,"date":"2021-03-09T14:18:55","date_gmt":"2021-03-09T14:18:55","guid":{"rendered":"https:\/\/quantumtec.org\/busqueda-directa\/"},"modified":"2021-03-09T14:18:55","modified_gmt":"2021-03-09T14:18:55","slug":"busqueda-directa","status":"publish","type":"page","link":"https:\/\/quantumtec.org\/es\/busqueda-directa\/","title":{"rendered":"B\u00fasqueda directa"},"content":{"rendered":"<div data-label=\"Counters\" data-id=\"counters--1\" data-export-id=\"counters-1\" data-category=\"counters\" class=\"counters-1 content-section content-section-spacing\" id=\"counters-1\" style=\"background-color: rgb(255, 255, 255);\"><div class=\"gridContainer\"> <div class=\"row text-center\"><div class=\"section-title-col\" data-type=\"column\"><h1 class=\"\"><span style=\"font-family: Poppins, arial, helvetica, sans-serif;\">B\u00fasqueda directa<\/span><\/h1>  <h4 class=\"\"><span style=\"font-family: Poppins, arial, helvetica, sans-serif; font-weight: 400;\">M\u00e1s r\u00e1pido hacia el \u00e9xito con Quantum Direct Search &amp; Headhunting<\/span><\/h4><\/div> <\/div> <div class=\"row spaced-cols\" data-type=\"row\" data-fixed=\"true\"> <div class=\"col-xs-12 col-sm-4 space-bottom-small col-padding-xs col-md-6\"> <div class=\"circle-counter color1\"> <svg class=\"circle-svg\" viewbox=\"0 0 100 100\"> <circle r=\"48\" stroke-linecap=\"round\" cx=\"50\" cy=\"50\" fill=\"transparent\" stroke-dasharray=\"301.6\" stroke-dashoffset=\"301.6px\"\/> <circle class=\"circle-bar\" r=\"48\" stroke-linecap=\"round\" cx=\"50\" cy=\"50\" fill=\"transparent\" stroke-dasharray=\"301.6\" stroke-dashoffset=\"301.6px\" style=\"stroke-dashoffset: 0px;\"\/><\/svg> <div class=\"circle-content\"><h2 class=\"font-100\" data-min=\"0\" data-max=\"124000\" data-stop=\"124000\" data-prefix=\"\" data-suffix=\"\" data-countup=\"true\" data-duration=\"2000\"><\/h2> <p>Puestos de trabajo abiertos en el \u00e1mbito de la inform\u00e1tica 2019  \n<br>en Alemania<\/p><\/div> <\/div><\/div> <div class=\"col-xs-12 col-sm-4 space-bottom-small col-padding-xs col-md-6\"><div class=\"circle-counter color2\"> <svg class=\"circle-svg\" viewbox=\"0 0 100 100\"><circle r=\"48\" stroke-linecap=\"round\" cx=\"50\" cy=\"50\" fill=\"transparent\" stroke-dasharray=\"301.6\" stroke-dashoffset=\"301.6px\"\/> <circle class=\"circle-bar\" r=\"48\" stroke-linecap=\"round\" cx=\"50\" cy=\"50\" fill=\"transparent\" stroke-dasharray=\"301.6\" stroke-dashoffset=\"301.6px\" style=\"stroke-dashoffset: 147.781px;\"\/><\/svg> <div class=\"circle-content\"><h2 class=\"font-100\" data-min=\"0\" data-max=\"100\" data-stop=\"51\" data-prefix=\"\" data-suffix=\"%\" data-countup=\"true\" data-duration=\"2000\"><\/h2> <p>Crecimiento en comparaci\u00f3n  \n<br>a 2018<\/p><\/div> <\/div><\/div>  <\/div><\/div> <\/div><div data-label=\"Content\" data-id=\"content--1\" data-export-id=\"content-12\" data-category=\"content\" class=\"content-12 content-section content-section-spacing\" id=\"content-1\" style=\"background-color: rgb(255, 255, 255);\"><div class=\"gridContainer\"><div data-section-title-area=\"true\" class=\"row text-center\">   <div class=\"section-title-col\" data-type=\"column\">              <p class=\"lead\">Sab\u00edas que en 2019 hubo 124.000 ofertas de empleo en el sector de las tecnolog\u00edas de la informaci\u00f3n y que  \n<br>no se ha podido encontrar ning\u00fan empleado adecuado?\n<br><br>\nSeg\u00fan <a data-mce-href=\"https:\/\/t3n.de\/news\/deutschland-fehlen-124000-1228377\/#:~:text=In%20Deutschla\" href=\"https:\/\/t3n.de\/news\/deutschland-fehlen-124000-1228377\/#:~:text=In%20Deutschla\" target=\"_self\" data-mce-selected=\"inline-boundary\" data-cp-link=\"1\" rel=\"noopener\">t3n.de<\/a>, este reto se est\u00e1 intensificando,  \n<br>las cifras muestran que ha habido un crecimiento del 51% en comparaci\u00f3n con el a\u00f1o anterior.<\/p>   <\/div><\/div>  <div class=\"row center-xs middle-xs\"> <div class=\"col-sm-9\" data-type=\"column\"> <\/div> <\/div><\/div> <\/div><div data-label=\"About\" data-id=\"about--1\" data-export-id=\"about-9\" data-category=\"about\" class=\"about-9 content-section content-section-spacing\" id=\"about-1\" style=\"background-color: rgb(245, 250, 253);\"><div class=\"gridContainer\"> <div class=\"row middle-sm text-center\"><div class=\"col-sm-5 space-bottom-xs content-column content-right-sm\" data-type=\"column\"> <h5 class=\"\"><span style=\"font-family: Poppins, arial, helvetica, sans-serif;\">B\u00daSQUEDA DIRECTA Y HEADHUNTING<\/span><\/h5> <h2 class=\"\">Vamos por ti  \n<br>en la b\u00fasqueda<\/h2> <p class=\"\"><span style=\"font-family: Poppins, arial, helvetica, sans-serif; font-weight: 300;\">Las empresas medianas se ven especialmente afectadas por ello, pero tambi\u00e9n las corporaciones que no tienen sus centros de desarrollo en las conurbaciones como Berl\u00edn, Hamburgo, M\u00fanich o Fr\u00e1ncfort. Esto se debe a que los trabajadores cualificados buscados se interesan, por un lado, por las empresas de las grandes ciudades y, por otro, por las empresas con gran atractivo, como los gigantes tecnol\u00f3gicos estadounidenses, los fabricantes de autom\u00f3viles o las start-ups de \u00e9xito.\n<\/span><br><span style=\"font-family: Poppins, arial, helvetica, sans-serif; font-weight: 300;\">\nSi quiere tener \u00e9xito en la captaci\u00f3n de nuevos apoyos, le recomendamos que abra nuevos caminos: Hace tiempo que nos dirigimos activamente a los empleados potenciales de forma regular, poni\u00e9ndonos en contacto con ellos a trav\u00e9s de las redes sociales, en persona o a trav\u00e9s de las redes.  \n<br><br>Esto nos da la oportunidad de discutir en persona con los candidatos los m\u00e9ritos de su empresa y los emocionantes proyectos que se avecinan, aumentando as\u00ed dr\u00e1sticamente las posibilidades de una entrevista.  \n<br><br>Una vez conseguidos, los empleados j\u00f3venes en particular se presentan como muy leales y comprometidos con la empresa.<\/span><br><span style=\"font-family: Poppins, arial, helvetica, sans-serif; font-weight: 300;\">\n\n<br>Si contrata este servicio con nosotros, acordaremos una tarifa basada en el \u00e9xito, lo que le da la seguridad de que s\u00f3lo se le presentar\u00e1n los candidatos m\u00e1s adecuados.<\/span><\/p> <\/div> <div class=\"col-sm-7 flexbox flexbox middle-xs center-xs space-bottom-xs\"><div class=\"overlay-box flexbox middle-xs center-xs overlay-holder \"> <div class=\"overlay-box-offset offset-background shadow-medium bg-color2 hide-xs\"><\/div> <img decoding=\"async\" class=\"flexbox shadow-large img1 lazy-loaded\" src=\"https:\/\/quantumtec.org\/wp-content\/uploads\/2021\/03\/cropped-Bildschirmfoto-2021-03-09-um-16.33.08.png\" data-lazy-type=\"image\" data-src=\"https:\/\/quantumtec.org\/wp-content\/uploads\/2021\/03\/cropped-Bildschirmfoto-2021-03-09-um-15.14.42.png\" data-size=\"600x400\" title=\"cropped-Bildschirmfoto-2021-03-09-um-16.33.08.png\" alt=\"\"><\/div> <\/div><\/div> <\/div><\/div>","protected":false},"excerpt":{"rendered":"<p>B\u00fasqueda directa M\u00e1s r\u00e1pido hacia el \u00e9xito con Quantum Direct Search &amp; Headhunting Puestos de trabajo abiertos en el \u00e1mbito de la inform\u00e1tica 2019 en Alemania Crecimiento en comparaci\u00f3n a 2018 Sab\u00edas que en 2019 hubo 124.000 ofertas de empleo en el sector de las tecnolog\u00edas de la informaci\u00f3n y que no se ha podido&hellip; <br \/> <a class=\"read-more\" href=\"https:\/\/quantumtec.org\/es\/busqueda-directa\/\">Read more<\/a><\/p>\n","protected":false},"author":1,"featured_media":0,"parent":0,"menu_order":34,"comment_status":"closed","ping_status":"closed","template":"pro\/page-templates\/full-width-page.php","meta":{"footnotes":""},"class_list":["post-3803","page","type-page","status-publish","hentry"],"_links":{"self":[{"href":"https:\/\/quantumtec.org\/es\/wp-json\/wp\/v2\/pages\/3803","targetHints":{"allow":["GET"]}}],"collection":[{"href":"https:\/\/quantumtec.org\/es\/wp-json\/wp\/v2\/pages"}],"about":[{"href":"https:\/\/quantumtec.org\/es\/wp-json\/wp\/v2\/types\/page"}],"author":[{"embeddable":true,"href":"https:\/\/quantumtec.org\/es\/wp-json\/wp\/v2\/users\/1"}],"replies":[{"embeddable":true,"href":"https:\/\/quantumtec.org\/es\/wp-json\/wp\/v2\/comments?post=3803"}],"version-history":[{"count":0,"href":"https:\/\/quantumtec.org\/es\/wp-json\/wp\/v2\/pages\/3803\/revisions"}],"wp:attachment":[{"href":"https:\/\/quantumtec.org\/es\/wp-json\/wp\/v2\/media?parent=3803"}],"curies":[{"name":"wp","href":"https:\/\/api.w.org\/{rel}","templated":true}]}}