{"id":3805,"date":"2021-03-08T10:25:42","date_gmt":"2021-03-08T09:25:42","guid":{"rendered":"https:\/\/quantumtec.org\/servicios\/"},"modified":"2022-10-25T14:43:17","modified_gmt":"2022-10-25T12:43:17","slug":"servicios","status":"publish","type":"page","link":"https:\/\/quantumtec.org\/es\/servicios\/","title":{"rendered":"Servicios"},"content":{"rendered":"<div data-label=\"Direct Search\" data-id=\"content--3\" data-export-id=\"content-7\" data-category=\"content\" class=\"content-7 content-section content-section-spacing\" id=\"direct-search\" style=\"background-color: rgb(255, 255, 255);\"><div class=\"gridContainer\"> <div class=\"row middle-sm\"><div class=\"col-sm-6 space-bottom-xs\" data-type=\"column\"> <p class=\"\">RENDIMIENTO<\/p><h2 class=\"\">Encontramos su nuevo empleado favorito<\/h2> <p class=\"\">Con sus sedes en M\u00fanich, W\u00fcrzburg y en M\u00e1laga, Espa\u00f1a, QUANTUM ofrece a las empresas profesionales de TI altamente especializados. Le apoyamos en la implantaci\u00f3n con \u00e9xito de proyectos digitales con equipos \u00e1giles de forma r\u00e1pida, sencilla y al m\u00e1s alto nivel metodol\u00f3gico y tecnol\u00f3gico.<br>\n\n<br>Las numerosas variables permiten responder individualmente a las necesidades espec\u00edficas. Se beneficiar\u00e1 de nuestros muchos a\u00f1os de experiencia en cuanto a la tecnolog\u00eda a utilizar y la elecci\u00f3n correcta de las ubicaciones, teniendo en cuenta el presupuesto previsto y los hitos del proyecto.<br>\n\n<br>Para usted, como cliente, actuamos como un socio experimentado con m\u00e1s de 20 a\u00f1os de pr\u00e1ctica en el desarrollo \u00e1gil de software. Como empresa de consultor\u00eda, ponemos a usted y a sus usuarios en el centro de nuestra reflexi\u00f3n. Abarcamos desde la colocaci\u00f3n de un solo aut\u00f3nomo hasta la puesta en marcha de equipos enteros.<br>\n\n<br>La comprensi\u00f3n compartida de sus necesidades est\u00e1 en el centro de todo lo que hacemos: muchos testimonios de clientes valoran esta misma caracter\u00edstica sobre nosotros. Venimos de un entorno de desarrollo de productos digitales y hemos podido crear una s\u00f3lida red de expertos de probada eficacia a lo largo de muchos a\u00f1os. Esta es la raz\u00f3n de nuestro \u00e9xito, ya que hemos podido trabajar estrechamente con empresas y expertos por igual y hemos llegado a conocer bien los retos y objetivos de ambas partes. Nuestro \u00abClub de Excelencia Digital\u00bb ha crecido a partir de estas experiencias y conexiones. Aqu\u00ed reunimos a la cr\u00e8me de la cr\u00e8me de los desarrolladores de productos alemanes, seleccionados seg\u00fan un ambicioso pliego de condiciones e invitados a convertirse en miembros. Aqu\u00ed es donde empezamos nuestra b\u00fasqueda cuando se trata de encontrar recursos gratuitos, ya que podemos estar seguros de encontrar candidatos adecuados all\u00ed.<br>\n\n<br>De la misma manera org\u00e1nica, nuestra filial \u00abQUANTUM International M\u00e1laga S.L.\u00bb se estableci\u00f3 en el \u00abM\u00e1laga Valley\u00bb. Tras muy buenas experiencias con equipos de desarrollo in situ, decidimos establecer nuestra propia sede. Junto con empresas como Google, Accenture e IBM, que tambi\u00e9n tienen centros de desarrollo all\u00ed debido a las \u00f3ptimas condiciones, estamos en buena compa\u00f1\u00eda.\n<br><br>\nLlevamos m\u00e1s de diez a\u00f1os viviendo el enfoque \u00e1gil. Nuestros expertos experimentados le apoyan en el establecimiento de los m\u00e9todos Scrum, Kanban y en los enfoques a escala como SAFe, Nexus o LeSS.<\/p> <\/div> <div class=\"col-sm-6\" data-type=\"column\"> <img decoding=\"async\" class=\"shadow-large lazy-loaded\" src=\"https:\/\/quantumtec.org\/wp-content\/uploads\/2020\/06\/cropped-cropped-you-x-ventures-ZJlfUi5rTDU-unsplash-scaled-1-1.jpg\" data-lazy-type=\"image\" data-src=\"https:\/\/quantumtec.org\/wp-content\/uploads\/2020\/06\/cropped-cropped-you-x-ventures-ZJlfUi5rTDU-unsplash-scaled-1-1.jpg\" title=\"cropped-Bildschirmfoto-2021-03-08-um-12.34.24-2.png\" alt=\"\"><\/div> <\/div><\/div> <\/div><div data-label=\"Freelancer finden\" data-id=\"content--2\" data-export-id=\"content-19\" data-category=\"content\" class=\"content-19 content-section content-section-spacing white-text\" id=\"freelancer-finden\"><div class=\"gridContainer\"> <div class=\"row\"><div data-type=\"column\" class=\"col-sm-6 content-col text-center content-section-spacing shadow\"> <p class=\"\" style=\"text-align: center;\">PARA TI<\/p><i class=\"fa icon fa-rocket big color6\"><\/i> <h2 class=\"font-300\">Encontramos los candidatos adecuados<\/h2> <p class=\"black\" style=\"text-align: left;\">Sus condiciones marco son importantes para nosotros. Porque tanto si quiere trabajar de forma r\u00e1pida y flexible con aut\u00f3nomos como si un modelo de externalizaci\u00f3n se adapta mejor a sus necesidades, encontraremos juntos el camino correcto. Usted se beneficia de nuestras posibilidades de contrataci\u00f3n, colocaci\u00f3n de consultores empleados, nearshoring en cooperaci\u00f3n con nuestra empresa hermana en M\u00e1laga, b\u00fasqueda directa (b\u00fasqueda y colocaci\u00f3n de personal permanente) y empleo temporal.<br>\n\n<br>Para garantizar un alto nivel de calidad, nos hemos especializado en algunas funciones. Podemos activarlos para usted en pocos d\u00edas, revisarlos junto con usted y luego incorporarlos.<\/p>  <\/div> <div class=\"col-sm-5 flexbox-strech center-xs middle-xs no-gutter-col\"><div class=\"flexbox middle-xs center-xs right-img\" data-bg=\"image\" style=\"background-image: url(\"https:\/\/quantumtec.org\/wp-content\/uploads\/2021\/03\/cropped-Bildschirmfoto-2021-03-08-um-12.37.54-1.png\");\"><\/div><\/div> <\/div><\/div> <\/div><div data-label=\"Ihre Me\" data-id=\"pricing--1\" data-export-id=\"pricing-5\" data-category=\"pricing\" data-featured-class=\"pricing-featured\" class=\"pricing-5 content-section content-section-spacing winter_neva content-relative\" id=\"ihre-moeglichkeiten\" style=\"background-size: cover; background-position: center top;\" data-section-ov=\"1\"><div class=\"\">  <div data-type=\"row\" class=\"row spaced-cols\"> <div class=\"col-xs-12 col-sm-4 text-center \"> <div data-default=\"shadow-small\" data-featured=\"shadow-large\" data-type=\"column\" class=\"card shadow-small\"> <h3 class=\"font-300 upper\">Consultor\u00eda<\/h3>   <ul class=\"unstyled checked decoration-color1 black text-center\"><\/ul> <p class=\"\" style=\"text-align: left;\"><span id=\"_mce_caret\" data-mce-bogus=\"1\" data-mce-type=\"format-caret\"><span style=\"font-family: Poppins, arial, helvetica, sans-serif; font-weight: 300;\">A menudo la primera pregunta es c\u00f3mo se debe reiniciar un proyecto. \u00bfQu\u00e9 recursos, tecnolog\u00edas y \u00abhabilidades blandas\u00bb necesita? Un an\u00e1lisis cuidadoso de las posibilidades existentes es el medio de elecci\u00f3n al principio.\n<br><br>\nEn el segundo paso, le asesoramos sobre la mejor manera de llevar a cabo el proyecto. Recurrimos a un panel de arquitectos de software, desarrolladores de productos y expertos del sector para dar estos primeros y cruciales pasos con usted.<\/span><\/span><br>\n<br><br>\n<br><br>\n<\/p><img decoding=\"async\" class=\"custom-image lazy-loaded\" src=\"https:\/\/quantumtec.org\/wp-content\/uploads\/2021\/03\/cropped-Bildschirmfoto-2021-03-08-um-13.00.59.png\" data-lazy-type=\"image\" data-src=\"https:\/\/quantumtec.org\/wp-content\/uploads\/2021\/03\/cropped-Bildschirmfoto-2021-03-08-um-13.00.59.png\" title=\"cropped-Bildschirmfoto-2021-03-08-um-13.00.59.png\" alt=\"\"><\/div> <\/div> <div class=\"col-xs-12 col-sm-4 text-center\"> <div data-default=\"shadow-small\" data-featured=\"shadow-large\" data-type=\"column\" class=\"card shadow-small\"> <h3 class=\"font-300 upper\">Desarrollador<\/h3>    <p class=\"\" style=\"text-align: left;\">Colocamos desarrolladoras en las \u00e1reas de desarrollo frontend, desarrollo backend, desarrollo fullstack, sitios web m\u00f3viles, apps iOS, apps Android, blockchain, DevOps, SecOps e Inteligencia Artificial. Por regla general, las personas que recomendamos tienen una experiencia profesional de al menos cinco a\u00f1os hasta perfiles superiores como jefe de equipo, jefe de y director de tecnolog\u00eda. Ofrecemos todas las funciones como aut\u00f3nomos, consultores externos y en modelos de deslocalizaci\u00f3n.<br>\n\n<br>Si lo desea, tambi\u00e9n podemos formar equipos de desarrollo completos. Otros perfiles y tecnolog\u00edas a petici\u00f3n.<br>\n<br><br>\n<br>\n<\/p><img decoding=\"async\" class=\"custom-image lazy-loaded\" src=\"https:\/\/quantumtec.org\/wp-content\/uploads\/2021\/03\/cropped-Bildschirmfoto-2021-03-08-um-13.02.32.png\" data-lazy-type=\"image\" data-src=\"https:\/\/quantumtec.org\/wp-content\/uploads\/2021\/03\/cropped-Bildschirmfoto-2021-03-08-um-13.02.32.png\" title=\"cropped-Bildschirmfoto-2021-03-08-um-13.02.32.png\" alt=\"\"><\/div> <\/div> <div class=\"col-xs-12 col-sm-4 text-center\"> <div data-default=\"shadow-small\" data-featured=\"shadow-large\" data-type=\"column\" class=\"card shadow-small\"> <h3 class=\"font-300 upper\">Scrum Master<\/h3>   <ul class=\"unstyled checked decoration-color1 black text-center\"><\/ul> <p class=\"\" style=\"text-align: left;\">Los Scrum Masters que ense\u00f1amos suelen ser los que en un equipo se aseguran de que las reglas funcionen sin problemas y de que todos los implicados lleguen a entender la teor\u00eda, las pr\u00e1cticas y los valores de Scrum.<br>\n\n<br>Nuestra red tambi\u00e9n incluye entrenadores y consultores de Scrum que apoyan al equipo en t\u00e9rminos de din\u00e1mica de grupo. La implementaci\u00f3n de Scrum suele variar mucho seg\u00fan la empresa. Debido a los diferentes miembros del equipo y a sus personalidades, se desarrollan diferentes manifestaciones del m\u00e9todo. Esto requiere que el experto tenga habilidades de comunicaci\u00f3n y empat\u00eda en las relaciones interpersonales.<\/p><img decoding=\"async\" class=\"custom-image lazy-loaded\" src=\"https:\/\/quantumtec.org\/wp-content\/uploads\/2021\/03\/cropped-Bildschirmfoto-2021-03-08-um-13.04.12.png\" data-lazy-type=\"image\" data-src=\"https:\/\/quantumtec.org\/wp-content\/uploads\/2021\/03\/cropped-Bildschirmfoto-2021-03-08-um-13.04.12.png\" title=\"cropped-Bildschirmfoto-2021-03-08-um-13.04.12.png\" alt=\"\"><\/div> <\/div><div class=\"col-xs-12 col-sm-4 text-center \"> <div data-default=\"shadow-small\" data-featured=\"shadow-large\" data-type=\"column\" class=\"card shadow-small\"> <h3 class=\"font-300 upper\">Propietario del producto<\/h3>    <p class=\"\" style=\"text-align: left;\"><span style=\"font-family: Poppins, arial, helvetica, sans-serif; font-weight: 300;\">Los propietarios de productos que colocamos son siempre personas con varios a\u00f1os de experiencia en este campo. Si lo desea, el cliente tambi\u00e9n puede asumir el papel de propietario del producto. La tarea m\u00e1s importante dentro de un equipo \u00e1gil es la representaci\u00f3n profesional de los intereses del cliente.<br>\n\n<br>Tambi\u00e9n buscamos y colocamos a los Product Leads, Chief Product Owners y Chief Product Officers.<br>\n<\/span><\/p><img decoding=\"async\" class=\"custom-image lazy-loaded\" src=\"https:\/\/quantumtec.org\/wp-content\/uploads\/2021\/03\/cropped-Bildschirmfoto-2021-03-08-um-13.05.46.png\" data-lazy-type=\"image\" data-src=\"https:\/\/quantumtec.org\/wp-content\/uploads\/2021\/03\/cropped-Bildschirmfoto-2021-03-08-um-13.05.46.png\" title=\"cropped-Bildschirmfoto-2021-03-08-um-13.05.46.png\" alt=\"\"><\/div> <\/div><div class=\"col-xs-12 col-sm-4 text-center\"> <div data-default=\"shadow-small\" data-featured=\"shadow-large\" data-type=\"column\" class=\"card shadow-small\"> <h3 class=\"font-300 upper\">Dise\u00f1ador de experiencia de usuario<\/h3>   <ul class=\"unstyled checked decoration-color1 black text-center\"><\/ul> <p class=\"\" style=\"text-align: left;\">Nuestros candidatos a dise\u00f1adores de UX son los que entienden al usuario en el proceso de desarrollo de software. Constituyen el v\u00ednculo entre el usuario, el propietario del producto y el equipo de desarrollo.<br>\n\n<br>Los buenos productos se centran en el usuario y se explican por s\u00ed mismos. El dise\u00f1ador de la experiencia del usuario analiza las siguientes cuestiones: \u00bfC\u00f3mo interact\u00faa un usuario con su producto? \u00bfQu\u00e9 funciones faltan o deben replantearse y cu\u00e1l es el grado de satisfacci\u00f3n de los usuarios con los servicios? El objetivo es inspirar a los usuarios con su producto a largo plazo.<br><br>\n<br><br>\n<\/p><img decoding=\"async\" class=\"custom-image lazy-loaded\" src=\"https:\/\/quantumtec.org\/wp-content\/uploads\/2021\/03\/cropped-Bildschirmfoto-2021-03-08-um-13.08.01.png\" data-lazy-type=\"image\" data-src=\"https:\/\/quantumtec.org\/wp-content\/uploads\/2021\/03\/cropped-Bildschirmfoto-2021-03-08-um-13.08.01.png\" title=\"cropped-Bildschirmfoto-2021-03-08-um-13.08.01.png\" alt=\"\"><\/div> <\/div><div class=\"col-xs-12 col-sm-4 text-center\"> <div data-default=\"shadow-small\" data-featured=\"shadow-large\" data-type=\"column\" class=\"card shadow-small\"> <h3 class=\"font-300 upper\">El enfoque \u00e1gil<\/h3>   <ul class=\"unstyled checked decoration-color1 black text-center\"><\/ul> <p class=\"\" style=\"text-align: left;\">Llevamos muchos a\u00f1os trabajando en entornos de desarrollo \u00e1giles y a lo largo de los a\u00f1os nos hemos dedicado por completo a esta metodolog\u00eda. Es irrelevante si se debe elegir un enfoque que utilice Scrum, Kanban, SAfe, leSS o Nexus.<br>\n\n<br>Encontraremos el apoyo adecuado para usted.<br><br>\n<br><br>\n<\/p><img decoding=\"async\" class=\"custom-image lazy-loaded\" src=\"https:\/\/quantumtec.org\/wp-content\/uploads\/2021\/03\/cropped-Bildschirmfoto-2021-03-08-um-13.09.59.png\" data-lazy-type=\"image\" data-src=\"https:\/\/quantumtec.org\/wp-content\/uploads\/2021\/03\/cropped-Bildschirmfoto-2021-03-08-um-13.09.59.png\" title=\"cropped-Bildschirmfoto-2021-03-08-um-13.09.59.png\" alt=\"\"><\/div> <\/div><\/div> <\/div><\/div><div data-label=\"Cta\" data-id=\"cta--1\" data-export-id=\"cta-blue-section\" data-category=\"cta\" class=\"cta-blue-section content-section content-section-spacing-medium bg-color1 white-text\" id=\"cta-1\" style=\"background-image: none; background-color: rgb(255, 255, 255);\"><div class=\"gridContainer\"> <div class=\"row middle-xs\"><div class=\"col-sm-8 space-bottom-xs\" data-type=\"column\">  <\/div> <div class=\"col-sm-4 end-sm\" data-type=\"column\"> <\/div> <\/div><\/div> <\/div>","protected":false},"excerpt":{"rendered":"<p>RENDIMIENTOEncontramos su nuevo empleado favorito Con sus sedes en M\u00fanich, W\u00fcrzburg y en M\u00e1laga, Espa\u00f1a, QUANTUM ofrece a las empresas profesionales de TI altamente especializados. Le apoyamos en la implantaci\u00f3n con \u00e9xito de proyectos digitales con equipos \u00e1giles de forma r\u00e1pida, sencilla y al m\u00e1s alto nivel metodol\u00f3gico y tecnol\u00f3gico. Las numerosas variables permiten responder&hellip; <br \/> <a class=\"read-more\" href=\"https:\/\/quantumtec.org\/es\/servicios\/\">Read more<\/a><\/p>\n","protected":false},"author":1,"featured_media":0,"parent":0,"menu_order":27,"comment_status":"closed","ping_status":"closed","template":"pro\/page-templates\/full-width-page.php","meta":{"footnotes":""},"class_list":["post-3805","page","type-page","status-publish","hentry"],"_links":{"self":[{"href":"https:\/\/quantumtec.org\/es\/wp-json\/wp\/v2\/pages\/3805","targetHints":{"allow":["GET"]}}],"collection":[{"href":"https:\/\/quantumtec.org\/es\/wp-json\/wp\/v2\/pages"}],"about":[{"href":"https:\/\/quantumtec.org\/es\/wp-json\/wp\/v2\/types\/page"}],"author":[{"embeddable":true,"href":"https:\/\/quantumtec.org\/es\/wp-json\/wp\/v2\/users\/1"}],"replies":[{"embeddable":true,"href":"https:\/\/quantumtec.org\/es\/wp-json\/wp\/v2\/comments?post=3805"}],"version-history":[{"count":3,"href":"https:\/\/quantumtec.org\/es\/wp-json\/wp\/v2\/pages\/3805\/revisions"}],"predecessor-version":[{"id":5852,"href":"https:\/\/quantumtec.org\/es\/wp-json\/wp\/v2\/pages\/3805\/revisions\/5852"}],"wp:attachment":[{"href":"https:\/\/quantumtec.org\/es\/wp-json\/wp\/v2\/media?parent=3805"}],"curies":[{"name":"wp","href":"https:\/\/api.w.org\/{rel}","templated":true}]}}