{"id":3806,"date":"2021-03-10T17:21:59","date_gmt":"2021-03-10T16:21:59","guid":{"rendered":"https:\/\/quantumtec.org\/sobre-nosotros\/"},"modified":"2022-09-01T12:40:05","modified_gmt":"2022-09-01T10:40:05","slug":"sobre-nosotros","status":"publish","type":"page","link":"https:\/\/quantumtec.org\/es\/sobre-nosotros\/","title":{"rendered":"Sobre nosotros"},"content":{"rendered":"<div data-label=\"Pricing\" data-id=\"pricing--1\" data-export-id=\"pricing-5\" data-category=\"pricing\" data-featured-class=\"pricing-featured\" class=\"pricing-5 content-section content-section-spacing\" id=\"pricing-1\" style=\"background-color: rgb(245, 250, 253);\"><div class=\"gridContainer\"> <div class=\"row\"><div data-type=\"column\" class=\"section-title-col\"> <h2 class=\"\">Nuestra visi\u00f3n<\/h2> <p class=\"lead\">QUANTUM, una comunidad internacional de creadores inform\u00e1ticos y digitales, tiene como objetivo conectar a expertos altamente cualificados y experimentados con empresas de todos los tama\u00f1os y sectores. Para ello, nos basamos en los siguientes pilares:<\/p><\/div> <\/div> <div data-type=\"row\" class=\"row spaced-cols\"> <div class=\"col-xs-12 col-sm-4 text-center \"> <div data-default=\"shadow-small\" data-featured=\"shadow-large\" data-type=\"column\" class=\"card shadow-small\"> <h3 class=\"font-300 upper\">INTERNACIONAL<\/h3> <h3 class=\"h1\">CONECTAR<\/h3> <p data-default=\"color1\" data-featured=\"color2\" class=\"small color1\"><span style=\"color: rgb(150, 150, 150);\">Conectamos a las expertas independientemente de su nacionalidad, origen o lugar de residencia. Hacemos especial hincapi\u00e9 en las siguientes caracter\u00edsticas:<\/span><\/p> <ul class=\"unstyled checked decoration-color1 black text-center\"><li>EDUCACI\u00d3N<\/li><li>EXPERIENCIA<\/li><li>AJUSTE CULTURAL<\/li><li>PERSONALIDAD<\/li><\/ul> <\/div> <\/div> <div class=\"col-xs-12 col-sm-4 text-center pricing-featured\"> <div data-default=\"shadow-small\" data-featured=\"shadow-large\" data-type=\"column\" class=\"card shadow-large\"> <h3 class=\"font-300 upper\">100%<\/h3> <h3 class=\"h1\">LIBRO ABIERTO<\/h3> <p data-default=\"color1\" data-featured=\"color2\" class=\"small color2\"><span style=\"color: rgb(150, 150, 150);\">El 15 % en aut\u00f3nomos. Ni m\u00e1s ni menos. Art\u00edculo. Nuestros socios tambi\u00e9n tienen plena transparencia en las dem\u00e1s disciplinas.<\/span><\/p> <ul class=\"unstyled checked decoration-color1 black text-center\"><li>TASAS ABIERTAS EN LA DESLOCALIZACI\u00d3N<\/li><li>TASAS ABIERTAS EN LA B\u00daSQUEDA DIRECTA<\/li><li>SIN COSTES OCULTOS<\/li><li>NO HAY NEGOCIACIONES DE PRECIOS<\/li><\/ul> <\/div> <\/div> <div class=\"col-xs-12 col-sm-4 text-center \"> <div data-default=\"shadow-small\" data-featured=\"shadow-large\" data-type=\"column\" class=\"card shadow-small\"> <h3 class=\"font-300 upper\">COMUNIDAD<\/h3> <h3 class=\"h1\">DIGITAL<\/h3> <p data-default=\"color1\" data-featured=\"color2\" class=\"small color1\"><span style=\"color: rgb(150, 150, 150);\">Hemos creado un espacio que permite a las expertas desarrollarse sin l\u00edmites. Apoyamos, colaboramos y asesoramos a nuestros candidatos y clientes.<\/span><\/p> <ul class=\"unstyled checked decoration-color1 black text-center\"><li>SOCIAL<\/li><li>FAIR<\/li><li>SOSTENIBLE<\/li><li>A LA ALTURA DE LOS OJOS<\/li><\/ul> <\/div> <\/div><\/div> <\/div><\/div>","protected":false},"excerpt":{"rendered":"<p>Nuestra visi\u00f3n QUANTUM, una comunidad internacional de creadores inform\u00e1ticos y digitales, tiene como objetivo conectar a expertos altamente cualificados y experimentados con empresas de todos los tama\u00f1os y sectores. Para ello, nos basamos en los siguientes pilares: INTERNACIONAL CONECTAR Conectamos a las expertas independientemente de su nacionalidad, origen o lugar de residencia. Hacemos especial hincapi\u00e9&hellip; <br \/> <a class=\"read-more\" href=\"https:\/\/quantumtec.org\/es\/sobre-nosotros\/\">Read more<\/a><\/p>\n","protected":false},"author":1,"featured_media":0,"parent":0,"menu_order":7,"comment_status":"closed","ping_status":"closed","template":"pro\/page-templates\/full-width-page.php","meta":{"footnotes":""},"class_list":["post-3806","page","type-page","status-publish","hentry"],"_links":{"self":[{"href":"https:\/\/quantumtec.org\/es\/wp-json\/wp\/v2\/pages\/3806","targetHints":{"allow":["GET"]}}],"collection":[{"href":"https:\/\/quantumtec.org\/es\/wp-json\/wp\/v2\/pages"}],"about":[{"href":"https:\/\/quantumtec.org\/es\/wp-json\/wp\/v2\/types\/page"}],"author":[{"embeddable":true,"href":"https:\/\/quantumtec.org\/es\/wp-json\/wp\/v2\/users\/1"}],"replies":[{"embeddable":true,"href":"https:\/\/quantumtec.org\/es\/wp-json\/wp\/v2\/comments?post=3806"}],"version-history":[{"count":2,"href":"https:\/\/quantumtec.org\/es\/wp-json\/wp\/v2\/pages\/3806\/revisions"}],"predecessor-version":[{"id":5637,"href":"https:\/\/quantumtec.org\/es\/wp-json\/wp\/v2\/pages\/3806\/revisions\/5637"}],"wp:attachment":[{"href":"https:\/\/quantumtec.org\/es\/wp-json\/wp\/v2\/media?parent=3806"}],"curies":[{"name":"wp","href":"https:\/\/api.w.org\/{rel}","templated":true}]}}