{"id":3808,"date":"2021-03-09T12:13:08","date_gmt":"2021-03-09T11:13:08","guid":{"rendered":"https:\/\/quantumtec.org\/clubes-de-excelencia-digital\/"},"modified":"2022-09-01T12:16:19","modified_gmt":"2022-09-01T10:16:19","slug":"clubes-de-excelencia-digital","status":"publish","type":"page","link":"https:\/\/quantumtec.org\/es\/clubes-de-excelencia-digital\/","title":{"rendered":"Clubes de Excelencia Digital"},"content":{"rendered":"<div data-label=\"Content\" data-id=\"content--6\" data-export-id=\"content-12\" data-category=\"content\" class=\"content-12 content-section content-section-spacing\" id=\"content-3\" style=\"background-color: rgb(245, 250, 253);\"><div class=\"gridContainer\"> <div class=\"row text-center\"><div class=\"section-title-col\" data-type=\"column\"> <h2 class=\"\"><span style=\"font-family: Poppins, arial, helvetica, sans-serif;\">Clubes de Excelencia Digital&nbsp;<\/span><\/h2> <p class=\"lead\"><font face=\"Poppins, arial, helvetica, sans-serif\">Recursos cualificados en Alemania y Espa\u00f1a<\/font><\/p><\/div> <\/div> <div class=\"row center-xs middle-xs\"> <div class=\"col-sm-9\" data-type=\"column\"> <p class=\"\" style=\"text-align: left;\">\n<br>Para la colocaci\u00f3n con \u00e9xito de recursos cualificados, hemos establecido nuestros selectos Clubes de Excelencia Digital en Alemania y M\u00e1laga. Quien consiga ser invitado all\u00ed ser\u00e1 el primer puerto de escala en nuestra b\u00fasqueda de nuevos recursos.\n<br><br>\nPor lo general, ya se encuentra un candidato adecuado en el c\u00edrculo de participantes, o recibimos valiosas recomendaciones de otros expertos de este grupo.\n<br><br><br>\nEl resultado es un sistema probado de oferta y demanda basado en la cooperaci\u00f3n y la experiencia existentes. Esto minimiza el riesgo de que los clientes y los candidatos no coincidan o no tengan las habilidades requeridas.\n<br><br><br>\nYa hemos trabajado con la mayor\u00eda de los miembros del club y hemos tenido buenas experiencias. Todo el personal que figura en nuestra lista cumple varios criterios relacionados con la experiencia profesional o incluso con el hecho de trabajar para empresas de renombre.<\/p><img decoding=\"async\" class=\"shadow-large lazy-loaded\" src=\"https:\/\/quantumtec.org\/wp-content\/uploads\/2021\/03\/cropped-Bildschirmfoto-2021-03-08-um-12.54.42.png\" data-lazy-type=\"image\" data-src=\"https:\/\/quantumtec.org\/wp-content\/uploads\/2021\/03\/cropped-Bildschirmfoto-2021-03-08-um-12.54.42.png\" title=\"cropped-Bildschirmfoto-2021-03-08-um-12.54.42.png\" alt=\"\"><\/div> <\/div><\/div> <\/div>","protected":false},"excerpt":{"rendered":"<p>Clubes de Excelencia Digital&nbsp; Recursos cualificados en Alemania y Espa\u00f1a Para la colocaci\u00f3n con \u00e9xito de recursos cualificados, hemos establecido nuestros selectos Clubes de Excelencia Digital en Alemania y M\u00e1laga. Quien consiga ser invitado all\u00ed ser\u00e1 el primer puerto de escala en nuestra b\u00fasqueda de nuevos recursos. Por lo general, ya se encuentra un candidato&hellip; <br \/> <a class=\"read-more\" href=\"https:\/\/quantumtec.org\/es\/clubes-de-excelencia-digital\/\">Read more<\/a><\/p>\n","protected":false},"author":1,"featured_media":0,"parent":0,"menu_order":29,"comment_status":"closed","ping_status":"closed","template":"pro\/page-templates\/full-width-page.php","meta":{"footnotes":""},"class_list":["post-3808","page","type-page","status-publish","hentry"],"_links":{"self":[{"href":"https:\/\/quantumtec.org\/es\/wp-json\/wp\/v2\/pages\/3808","targetHints":{"allow":["GET"]}}],"collection":[{"href":"https:\/\/quantumtec.org\/es\/wp-json\/wp\/v2\/pages"}],"about":[{"href":"https:\/\/quantumtec.org\/es\/wp-json\/wp\/v2\/types\/page"}],"author":[{"embeddable":true,"href":"https:\/\/quantumtec.org\/es\/wp-json\/wp\/v2\/users\/1"}],"replies":[{"embeddable":true,"href":"https:\/\/quantumtec.org\/es\/wp-json\/wp\/v2\/comments?post=3808"}],"version-history":[{"count":1,"href":"https:\/\/quantumtec.org\/es\/wp-json\/wp\/v2\/pages\/3808\/revisions"}],"predecessor-version":[{"id":5605,"href":"https:\/\/quantumtec.org\/es\/wp-json\/wp\/v2\/pages\/3808\/revisions\/5605"}],"wp:attachment":[{"href":"https:\/\/quantumtec.org\/es\/wp-json\/wp\/v2\/media?parent=3808"}],"curies":[{"name":"wp","href":"https:\/\/api.w.org\/{rel}","templated":true}]}}