{"id":3813,"date":"2021-01-08T13:15:02","date_gmt":"2021-01-08T12:15:02","guid":{"rendered":"https:\/\/quantumtec.org\/para-las-empresas\/"},"modified":"2022-10-25T14:43:20","modified_gmt":"2022-10-25T12:43:20","slug":"para-las-empresas","status":"publish","type":"page","link":"https:\/\/quantumtec.org\/es\/para-las-empresas\/","title":{"rendered":"Para las empresas"},"content":{"rendered":"<div data-label=\"Infos fuer unternehmen\" data-id=\"content--6\" data-export-id=\"content-12\" data-category=\"content\" class=\"content-12 content-section content-section-spacing\" id=\"infos-fuer-unternehmen\" style=\"background-color: rgb(245, 250, 253);\"><div class=\"gridContainer\"> <div class=\"row text-center\"><div class=\"section-title-col\" data-type=\"column\"> <h2 class=\"\">Informaci\u00f3n para las empresas<\/h2> <p class=\"lead\" style=\"text-align: center;\"><span style=\"font-family: Poppins, arial, helvetica, sans-serif; font-weight: 200;\">\u00bfConsultor\u00eda de personal, headhunter o consultor\u00eda de gesti\u00f3n? Todos estos t\u00e9rminos se aplican ciertamente a nosotros, pero seguimos centr\u00e1ndonos exclusivamente en el \u00e9xito de su proyecto. El modelo de contrato que utilicemos tiene una importancia secundaria para nosotros.<\/span><\/p><p class=\"\"><span style=\"font-family: Poppins, arial, helvetica, sans-serif; font-weight: 300;\">\u00bfConsultor\u00eda de personal, headhunting o agencia de colocaci\u00f3n? Combinamos estos conceptos en lo que hacemos, pero nos centramos exclusivamente en el \u00e9xito del proyecto. En 20 a\u00f1os de experiencia en proyectos \u00e1giles de TI, hemos aprendido que el \u00e9xito llega cuando se re\u00fane el grupo de personas adecuado. Algo grande puede salir de esto. Para nosotros es irrelevante si usted prefiere a sus colegas permanentes, a los aut\u00f3nomos o a los modelos de deslocalizaci\u00f3n.<\/span><span style=\"font-family: Poppins, arial, helvetica, sans-serif; font-weight: 300;\"><br><br>El&nbsp;<a data-mce-href=\"https:\/\/www.linkedin.com\/groups\/12378213\/\" href=\"https:\/\/www.linkedin.com\/groups\/12378213\" target=\"_blank\" rel=\"noopener\" data-mce-selected=\"inline-boundary\" data-cp-link=\"1\" class=\"\">El Club de Excelencia Digital de Alemania<\/a> es un punto de contacto para mujeres expertas en inform\u00e1tica que buscan nuevos retos. Los candidatos son siempre seleccionados e invitados seg\u00fan los criterios de admisi\u00f3n aplicables. De este modo, nos aseguramos de que s\u00f3lo se re\u00fanan en este grupo especialistas de probada eficacia y experiencia.<\/span>\n<br><br><span style=\"font-family: Poppins, arial, helvetica, sans-serif; font-weight: 300;\">Nosotros mismos procedemos del \u00e1mbito del desarrollo de productos digitales. Con nuestra experiencia en las \u00e1reas de experiencia de usuario y los roles como Scrum Coach, Product Owner, Chief Product Owner y Chief Product Officer, conocemos los retos de las empresas orientadas a la inform\u00e1tica. Transmitimos estos conocimientos a nuestros clientes. Juntos identificaremos qu\u00e9 candidatos tienen la experiencia suficiente y la estructura de personalidad adecuada para apoyarle con \u00e9xito a corto, medio o largo plazo. Si lo desea, tambi\u00e9n trabajamos con psic\u00f3logos que eval\u00faan la personalidad de los candidatos y garantizan el \u00abajuste cultural\u00bb.<\/span><\/p><\/div> <\/div> <div class=\"row center-xs middle-xs\"> <div class=\"col-sm-9\" data-type=\"column\"> <\/div> <\/div><\/div> <\/div><div data-label=\"Direct Search\" data-id=\"content--3\" data-export-id=\"content-7\" data-category=\"content\" class=\"content-7 content-section content-section-spacing\" id=\"direct-search\" style=\"background-color: rgb(255, 255, 255);\"><div class=\"gridContainer\"> <div class=\"row middle-sm\"><div class=\"col-sm-6 space-bottom-xs\" data-type=\"column\"> <p class=\"\"><span style=\"color: rgb(60, 66, 79);\">B\u00daSQUEDA DIRECTA<\/span><\/p><h2 class=\"\">Encuentre a su nuevo empleado favorito<\/h2> <p class=\"\"><span style=\"font-weight: 300;\">\u00bfQui\u00e9n no las conoce, las interminables listas de ofertas de trabajo abiertas? Y aunque las vacantes se anuncian en la p\u00e1gina web de la empresa durante mucho tiempo, a menudo no es posible acercarse a los empleados adecuados y contratarlos. Es una l\u00e1stima, porque a menudo el nuevo candidato deseado est\u00e1 realmente disponible y s\u00f3lo habr\u00eda que darle a conocer el puesto.<\/span><br><span style=\"font-weight: 300;\"><br>Aqu\u00ed es donde entramos nosotros y utilizamos nuestra profunda red de contactos en la industria de la inform\u00e1tica y la digitalizaci\u00f3n en toda Alemania, Austria y Suiza. Tambi\u00e9n actuamos en otros pa\u00edses europeos a petici\u00f3n de los interesados.<\/span><br><span style=\"font-weight: 300;\">\nEn el caso de un encargo de b\u00fasqueda, nos dirigimos espec\u00edficamente a las personas que mejor se ajustan al anuncio.<\/span><br><br><span id=\"_mce_caret\" data-mce-bogus=\"1\" data-mce-type=\"format-caret\"><span style=\"font-weight: 300;\">Gracias a nuestra propia experiencia pr\u00e1ctica, miramos a trav\u00e9s de las mismas gafas que nuestros clientes y podemos entender bien y tener en cuenta sus deseos y necesidades espec\u00edficas.\n<br><br>\nPreg\u00fantanos, lo haremos por ti.<\/span><\/span><\/p> <\/div> <div class=\"col-sm-6\" data-type=\"column\"> <img decoding=\"async\" class=\"shadow-large lazy-loaded\" src=\"https:\/\/quantumtec.org\/wp-content\/uploads\/2020\/06\/cropped-cropped-you-x-ventures-ZJlfUi5rTDU-unsplash-scaled-1-1.jpg\" data-lazy-type=\"image\" data-src=\"https:\/\/quantumtec.org\/wp-content\/uploads\/2020\/06\/cropped-cropped-you-x-ventures-ZJlfUi5rTDU-unsplash-scaled-1-1.jpg\" title=\"cropped-cropped-you-x-ventures-ZJlfUi5rTDU-unsplash-scaled-1-1.jpg\" alt=\"\"><\/div> <\/div><\/div> <\/div><div data-label=\"Freelancer finden\" data-id=\"content--2\" data-export-id=\"content-19\" data-category=\"content\" class=\"content-19 content-section content-section-spacing white-text\" id=\"freelancer-finden\"><div class=\"gridContainer\"> <div class=\"row\"><div data-type=\"column\" class=\"col-sm-6 content-col text-center content-section-spacing shadow\"> <p class=\"\" style=\"text-align: center;\"><span style=\"color: rgb(60, 66, 79);\">FREELANCING<\/span>\n<\/p><i class=\"fa icon fa-rocket big color6\"><\/i> <h2 class=\"font-300\">Encontramos los mejores aut\u00f3nomos para usted  \nen europa<\/h2> <p class=\"black\" style=\"text-align: left;\"><span style=\"font-weight: 300;\">Estamos orgullosos de haber creado una red europea de aut\u00f3nomos y profesionales de la inform\u00e1tica a lo largo de los a\u00f1os. Nosotros mismos ya hemos trabajado con la mayor\u00eda de los expertos y podemos ponerlos en sus proyectos con plena convicci\u00f3n.  <\/span><\/p> <p class=\"\" style=\"text-align: left;\"><span style=\"font-weight: 300;\">No s\u00f3lo nos fijamos en las cualificaciones profesionales y en un CV convincente, sino tambi\u00e9n en caracter\u00edsticas como la lealtad, la solidaridad con la futura empresa y la r\u00e1pida familiarizaci\u00f3n con el nuevo cliente. Todas estas son cualidades que hacen que un freelance sea el mejor.<\/span><\/p> <\/div> <div class=\"col-sm-5 flexbox-strech center-xs middle-xs no-gutter-col\"><div class=\"flexbox middle-xs center-xs right-img\" data-bg=\"image\" style=\"background-image: url(\"https:\/\/quantumtec.org\/wp-content\/uploads\/2020\/12\/cropped-cropped-humphrey-muleba-9MoQKZW0nGU-unsplash-scaled-1.jpg\");\"><\/div><\/div> <\/div><\/div> <\/div><div data-label=\"Projects\" data-id=\"content--5\" data-export-id=\"content-2\" data-category=\"content\" class=\"content-2 content-section content-section-spacing\" id=\"projects\" style=\"background-color: rgb(245, 250, 253);\"><div> <div class=\"row middle-xs\"><div class=\"col-sm-5 bg-image shadow-large-black\" data-bg=\"image\" style=\"background-image: url(\"https:\/\/quantumtec.org\/wp-content\/uploads\/2021\/01\/cropped-Unbenannte-Pra\u0308sentation.png\");\"><\/div> <div class=\"col-sm-7 full-col-left-padding full-col-right-padding\"> <div class=\"row\"> <div data-type=\"column\" class=\"space-bottom-small content-title-col\"> <h5 class=\"\">PROYECTOS<\/h5> <h2 class=\"\">Simplemente, ejecute los proyectos<\/h2> <p class=\"\">Encontramos a los mejores especialistas en TI, cuya experiencia, mentalidad y calidad superan las exigencias de las corporaciones, las medianas empresas y las principales empresas emergentes.<br>\nPermitimos a nuestros clientes crear equipos de TI de primera clase con rapidez y a un precio asequible y justo.<\/p><\/div> <\/div> <div class=\"row spaced-cols \" data-type=\"row\"> <div class=\"col-xs-6\" data-type=\"column\">  <p class=\"\">NEARSHORING \u00c0 LA QUANTUM\n<br><br>Por \u00abnearshoring\u00bb se entiende la externalizaci\u00f3n de funciones individuales o de proyectos completos. Preferimos este m\u00e9todo a la deslocalizaci\u00f3n, ya que podemos proceder de forma mucho m\u00e1s r\u00e1pida y rentable.\n<br><br>\nAqu\u00ed cooperamos con nuestro Tec-Hub en M\u00e1laga, QUANTUM International M\u00e1laga, que se encarga de la b\u00fasqueda local por nosotros. Nuestra empresa hermana alemana es el contacto para nuestros clientes.<\/p><\/div>    <div class=\"col-xs-6\" data-type=\"column\">  <p class=\"\">C\u00d3MO SE BENEFICIAN NUESTROS CLIENTES  \n<br><br>Un enorme potencial de ahorro con una mejor calidad.\n<br><br>\n  Ahorro de tiempo gracias a un ciclo de contrataci\u00f3n m\u00e1s r\u00e1pido en comparaci\u00f3n con la creaci\u00f3n y el mantenimiento de un desarrollo interno.\n<br><br>\nUn socio alem\u00e1n in situ que acompa\u00f1a todo el proceso.\n<br><br>\nEquipos abiertos, responsables y proactivos en Barcelona, M\u00e1laga y Madrid.<\/p><\/div><\/div><\/div> <\/div><\/div> <\/div><div data-label=\"Cta\" data-id=\"cta--3\" data-export-id=\"cta-centered-bg-section\" data-category=\"cta\" data-section-ov=\"1\" class=\"cta-centered-bg-section content-section content-section-spacing-medium white-text content-relative\" data-parallax-depth=\"20\" id=\"cta-3\" style=\"background-color: rgb(255, 255, 255); background-image: url(\"https:\/\/quantumtec.org\/wp-content\/uploads\/2020\/06\/cropped-austin-distel-mpN7xjKQ_Ns-unsplash-scaled.jpg\"); background-size: cover; background-position: center top;\"><div class=\"gridContainer\"> <div class=\"row text-center\"><div data-type=\"column\" class=\"\"> <h2 class=\"\">\u00a1Forma parte de la comunidad!  \n<br><span class=\"font-300\">\u00a1Preg\u00fantanos y empieza a cumplir tus objetivos!<\/span><\/h2> <a class=\"button big force-shadow color2\" href=\"https:\/\/quantumtec.org\/#kontakt\" target=\"_self\" data-cp-link=\"1\" data-icon=\"\" rel=\"noopener\">PREG\u00daNTANOS HOY  &gt;&gt;<\/a><\/div> <\/div><\/div> <div class=\"section-separator-bottom\">\n    <svg xmlns=\"http:\/\/www.w3.org\/2000\/svg\" viewbox=\"0 0 1000 100\" preserveaspectratio=\"none\" data-separator-name=\"triangle\" class=\"section-separator-bottom\">\n\t<path class=\"svg-white-bg\" d=\"M500,98.9L0,6.1V0h1000v6.1L500,98.9z\"><\/path>\n<\/svg>\n<\/div><\/div>","protected":false},"excerpt":{"rendered":"<p>Informaci\u00f3n para las empresas \u00bfConsultor\u00eda de personal, headhunter o consultor\u00eda de gesti\u00f3n? Todos estos t\u00e9rminos se aplican ciertamente a nosotros, pero seguimos centr\u00e1ndonos exclusivamente en el \u00e9xito de su proyecto. El modelo de contrato que utilicemos tiene una importancia secundaria para nosotros.\u00bfConsultor\u00eda de personal, headhunting o agencia de colocaci\u00f3n? Combinamos estos conceptos en lo que&hellip; <br \/> <a class=\"read-more\" href=\"https:\/\/quantumtec.org\/es\/para-las-empresas\/\">Read more<\/a><\/p>\n","protected":false},"author":1,"featured_media":0,"parent":0,"menu_order":12,"comment_status":"closed","ping_status":"closed","template":"pro\/page-templates\/full-width-page.php","meta":{"footnotes":""},"class_list":["post-3813","page","type-page","status-publish","hentry"],"_links":{"self":[{"href":"https:\/\/quantumtec.org\/es\/wp-json\/wp\/v2\/pages\/3813","targetHints":{"allow":["GET"]}}],"collection":[{"href":"https:\/\/quantumtec.org\/es\/wp-json\/wp\/v2\/pages"}],"about":[{"href":"https:\/\/quantumtec.org\/es\/wp-json\/wp\/v2\/types\/page"}],"author":[{"embeddable":true,"href":"https:\/\/quantumtec.org\/es\/wp-json\/wp\/v2\/users\/1"}],"replies":[{"embeddable":true,"href":"https:\/\/quantumtec.org\/es\/wp-json\/wp\/v2\/comments?post=3813"}],"version-history":[{"count":3,"href":"https:\/\/quantumtec.org\/es\/wp-json\/wp\/v2\/pages\/3813\/revisions"}],"predecessor-version":[{"id":5859,"href":"https:\/\/quantumtec.org\/es\/wp-json\/wp\/v2\/pages\/3813\/revisions\/5859"}],"wp:attachment":[{"href":"https:\/\/quantumtec.org\/es\/wp-json\/wp\/v2\/media?parent=3813"}],"curies":[{"name":"wp","href":"https:\/\/api.w.org\/{rel}","templated":true}]}}