{"id":3814,"date":"2021-03-09T15:41:42","date_gmt":"2021-03-09T14:41:42","guid":{"rendered":"https:\/\/quantumtec.org\/para-los-expertos\/"},"modified":"2023-01-03T13:03:21","modified_gmt":"2023-01-03T12:03:21","slug":"para-los-expertos","status":"publish","type":"page","link":"https:\/\/quantumtec.org\/es\/para-los-expertos\/","title":{"rendered":"Para los expertos"},"content":{"rendered":"<div data-label=\"Digital Excellene Club\" data-id=\"features--1\" data-export-id=\"features-13\" data-category=\"features\" class=\"features-13 content-section content-section-spacing\" id=\"digital-excellene-club-1\" style=\"background-color: rgb(245, 250, 253);\"><div class=\"gridContainer\"> <div class=\"row text-center\"><div class=\"section-title-col\" data-type=\"column\"> <h2 class=\"\"><span style=\"font-weight: 300;\">S\u00f3lo para los mejores:<\/span> el <span style=\"font-weight: 600;\">Club de Excelencia Digital<\/span><\/h2> <p class=\"lead\">Solicite en nuestra red\n<br><b>Ventajas<\/b> \n<br>Nuestro primer punto de contacto cuando se trata de cubrir proyectos o puestos abiertos es nuestra red. Est\u00e1 formado por expertos en TI seleccionados en las \u00e1reas de producto, UX, desarrollo y m\u00e9todos \u00e1giles.<\/p><\/div> <\/div> <div class=\"row spaced-cols\" data-type=\"row\"> <div class=\"col col-sm-6 col-md-3 space-bottom\"> <i class=\"fa icon fa-check-circle bordered round large color1\"><\/i>  <p class=\"\"><br>\n<span style=\"color: rgb(0, 141, 20); font-weight: 700;\">\u2713<\/span> Beneficiarse de estar entre los primeros cuando se trata de nuevos proyectos y puestos.<\/p> <\/div> <div class=\"col col-sm-6 col-md-3 space-bottom\"><i class=\"fa icon fa-globe bordered round large color1\"><\/i>  <p class=\"\">\n<br>Intercambie ideas con personas afines y ampl\u00ede su red de contactos.\n<br><br><span style=\"font-weight: 700; color: rgb(0, 141, 20);\">\u2713<\/span> Desarrollarte a nivel internacional con la oportunidad de trabajar en nuestras sedes de nearshoring.<\/p> <\/div> <div class=\"col col-sm-6 col-md-3 space-bottom\"><i class=\"fa icon fa-certificate bordered round large color1\"><\/i>  <p class=\"\">\n<br>Tiene m\u00e1s de cinco a\u00f1os de experiencia como desarrollador\/scrum master\/desarrollador de productos o uxler.\n<br><br>Ha trabajado en al menos una empresa con m\u00e1s de 50 empleados.\n<br><br>Su lugar de residencia y\/o trabajo est\u00e1 en Alemania, Austria o Suiza.<\/p> <\/div>  <div class=\"col col-sm-6 col-md-3 space-bottom\"> <i class=\"fa icon fa-angellist bordered round large color1\"><\/i>  <p class=\"\"><br>Es alem\u00e1n e ingl\u00e9s, <span style=\"font-weight: 600; color: rgb(0, 141, 20);\">una<\/span> tercera lengua es una ventaja.<br><br>\nLe recomienda un miembro de DEC o nombra a dos colegas que act\u00faen como referencia para usted.<\/p> <\/div><\/div><\/div> <\/div><div data-label=\"Cta\" data-id=\"cta--2\" data-export-id=\"cta-centered-bg-section\" data-category=\"cta\" data-section-ov=\"1\" class=\"cta-centered-bg-section content-section content-section-spacing-medium white-text content-relative\" data-parallax-depth=\"20\" id=\"cta-2\" style=\"background-color: rgb(245, 250, 253); background-image: url(\"https:\/\/quantumtec.org\/wp-content\/uploads\/2022\/05\/il-vagabiondo-0YofAnn_UJk-unsplash-scaled.jpg\"); background-size: cover; background-position: center top;\"><div class=\"gridContainer\"> <div class=\"row text-center\"><div data-type=\"column\" class=\"\"> <h2 class=\"\">\u00a1Haz una petici\u00f3n!  <span class=\"font-300\">Organizar la devoluci\u00f3n de la llamada<\/span><\/h2> <a class=\"button big color1\" href=\"https:\/\/quantumtec.org\/call-back\" target=\"lightbox\" data-cp-link=\"1\" data-icon=\"\" rel=\"noopener\">VAMOS AHORA<\/a><\/div> <\/div><\/div> <div class=\"section-separator-bottom\">\n    <svg xmlns=\"http:\/\/www.w3.org\/2000\/svg\" viewbox=\"0 0 1000 100\" preserveaspectratio=\"none\" data-separator-name=\"mountains\" class=\"section-separator-bottom\">\n\t<path class=\"svg-white-bg\" opacity=\"0.33\" d=\"M473,67.3c-203.9,88.3-263.1-34-320.3,0C66,119.1,0,59.7,0,59.7V0h1000v59.7 c0,0-62.1,26.1-94.9,29.3c-32.8,3.3-62.8-12.3-75.8-22.1C806,49.6,745.3,8.7,694.9,4.7S492.4,59,473,67.3z\"><\/path>\n\t<path class=\"svg-white-bg\" opacity=\"0.66\" d=\"M734,67.3c-45.5,0-77.2-23.2-129.1-39.1c-28.6-8.7-150.3-10.1-254,39.1 s-91.7-34.4-149.2,0C115.7,118.3,0,39.8,0,39.8V0h1000v36.5c0,0-28.2-18.5-92.1-18.5C810.2,18.1,775.7,67.3,734,67.3z\"><\/path>\n\t<path class=\"svg-white-bg\" d=\"M766.1,28.9c-200-57.5-266,65.5-395.1,19.5C242,1.8,242,5.4,184.8,20.6C128,35.8,132.3,44.9,89.9,52.5C28.6,63.7,0,0,0,0 h1000c0,0-9.9,40.9-83.6,48.1S829.6,47,766.1,28.9z\"><\/path>\n<\/svg>\n<\/div><\/div><div data-label=\"Community\" data-id=\"content--7\" data-export-id=\"content-12\" data-category=\"content\" class=\"content-12 content-section content-section-spacing\" id=\"community\" style=\"background-color: rgb(52, 58, 64); background-image: none;\">\n<div class=\"\">\n<div class=\"row text-center\">\n<div class=\"section-title-col\" data-type=\"column\">\n<h2 class=\"\"><span style=\"color: rgb(249, 249, 250); font-family: Poppins, arial, helvetica, sans-serif;\">M\u00e1s comunidad menos mediaci\u00f3n<\/span><\/h2>\n<p class=\"lead\"><span style=\"color: rgb(255, 255, 255); font-family: Poppins, arial, helvetica, sans-serif;\">Tras 20 a\u00f1os de experiencia en el sector de las tecnolog\u00edas de la informaci\u00f3n, sabemos d\u00f3nde le aprieta el zapato o qu\u00e9 cliente\/empleador le conviene.<\/span><\/p>\n\n<\/div>\n<\/div>\n<div class=\"row center-xs middle-xs\">\n<div class=\"col-sm-9\" data-type=\"column\"><\/div>\n<\/div>\n<\/div>\n<\/div><div data-label=\"join us\" data-id=\"overlappable--1\" data-export-id=\"overlappable-4\" data-category=\"overlappable\" class=\"overlappable-4 content-section content-section-spacing content-relative\" data-overlap=\"true\" id=\"join-us\" style=\"background-color: rgb(255, 255, 255);\">\n<div class=\"\">\n<div data-type=\"row\" class=\"row spaced-cols text-center\">\n<div class=\"col-xs-12 col-sm-4 col-padding\"> <i class=\"fa icon shadow-large-black aligncenter fa-handshake-o large color6\"><\/i>\n<div data-type=\"column\" class=\"\">\n<h5 class=\"\">MEDIACI\u00d3N EN SERIE<\/h5>\n<p class=\"\"><span style=\"font-family: Poppins, arial, helvetica, sans-serif; font-weight: 300;\">Una vez en nuestra red, valoramos una relaci\u00f3n a largo plazo. Por lo tanto, nuestra cooperaci\u00f3n no termina con una colocaci\u00f3n como aut\u00f3nomo o en un puesto permanente.<\/span><br><span style=\"font-family: Poppins, arial, helvetica, sans-serif; font-weight: 300;\">\nDespu\u00e9s, tambi\u00e9n es importante para nosotros lo que ocurre despu\u00e9s para usted, si se siente c\u00f3modo y cu\u00e1ndo busca un proyecto de seguimiento.<\/span><\/p>\n\n<\/div>\n<\/div>\n<div class=\"col-xs-12 col-sm-4 col-padding\"> <i class=\"fa icon shadow-large-black aligncenter fa-graduation-cap large color6\"><\/i>\n<div data-type=\"column\" class=\"\">\n<h5 class=\"\"><span style=\"font-family: Poppins, arial, helvetica, sans-serif;\">IMPULSADO POR EXPERTOS<\/span><\/h5>\n<p class=\"\"><span style=\"font-family: Poppins, arial, helvetica, sans-serif; font-weight: 300;\">Venimos del campo del desarrollo de productos digitales. En los \u00faltimos 20 a\u00f1os, hemos podido adquirir experiencia all\u00ed como aut\u00f3nomos y como empleados permanentes y sabemos lo que es importante para que un proyecto tenga \u00e9xito para ambas partes.  <\/span><\/p>\nLo mismo ocurre con la colocaci\u00f3n de trabajadores cualificados permanentes. Tambi\u00e9n en este caso, emparejamos cuidadosamente a los clientes con nuestros candidatos. Fiel al lema \u00abclase en lugar de masa\u00bb.\n\n<\/div>\n<\/div>\n<div class=\"col-xs-12 col-sm-4 col-padding\"> <i class=\"fa icon shadow-large-black aligncenter fa-globe large color6\"><\/i>\n<div data-type=\"column\" class=\"\">\n<h5 class=\"\">INTERNACIONAL<\/h5>\n<p class=\"\"><span style=\"font-family: Poppins, arial, helvetica, sans-serif; font-weight: 300;\">Una y otra vez buscamos<\/span><br><span style=\"font-family: Poppins, arial, helvetica, sans-serif; font-weight: 300;\">\nColegas que viajan con nosotros. Por nuestra ubicaci\u00f3n en M\u00e1laga, necesitamos regularmente profesionales de la comunicaci\u00f3n que nos ayuden a comunicar los requisitos o m\u00e9todos empresariales entre las regiones DACH y el sur de Espa\u00f1a.<\/span><\/p>\nAqu\u00ed buscamos principalmente los roles de Product Owner, Scrum Master y UX Designer.\n\n<\/div>\n<\/div>\n<\/div>\n<\/div>\n<\/div><div data-label=\"Cta\" data-id=\"cta--1\" data-export-id=\"cta-centered-section-grid\" data-category=\"cta\" class=\"cta-centered-section-grid content-section content-section-spacing-medium bg-color1 white-text\" id=\"cta-1\" style=\"background-image: none; background-color: rgb(52, 58, 64);\">\n<div class=\"gridContainer\">\n<div class=\"row text-center\">\n<div class=\"col-xs-12 col-sm-10 col-sm-offset-1 col-md-8 col-md-offset-2\" data-type=\"column\">\n<h2 class=\"\"><span style=\"font-family: Poppins, arial, helvetica, sans-serif;\">\u00a1Forma parte de QUANTUM!\n<\/span><\/h2>\n<a class=\"button big color-white\" href=\"https:\/\/quantumtec.org\/call-back\" target=\"lightbox\" data-cp-link=\"1\" data-icon=\"\" rel=\"noopener\">CONCERTAR LA DEVOLUCI\u00d3N DE LA LLAMADA<\/a>\n\n<\/div>\n<\/div>\n<\/div>\n<\/div><div data-label=\"Contact Muenchen\" data-id=\"contact--1\" data-export-id=\"contact-6\" data-category=\"contact\" class=\"contact-5 content-section content-section-spacing\" id=\"contact-muenchen\" style=\"background-color: rgb(255, 255, 255); background-image: none;\">\n<div class=\"\">\n<div class=\"row text-center\">\n<div class=\"section-title-col\" data-type=\"column\">\n<h2 class=\"\">Contacte con<\/h2>\n<p class=\"lead\">\u00bfEst\u00e1 disponible pronto, est\u00e1 interesado en el Club de Excelencia Digital o simplemente quiere conocernos? Esperamos tener noticias suyas.<\/p>\n\n<\/div>\n<\/div>\n<div class=\"row middle-sm\">\n<div class=\"col-xs-12 col-sm-6 image-holder space-bottom-xs\">\n<div data-content-shortcode=\"mesmerize_maps address=\"Schellingstrasse 109a, 80798 M\u00fcnchen\" zoom=\"65\"\" data-editable=\"true\" class=\"shadow-medium\">        <div class=\"mesmerize-google-maps\" style=\"width:100%\">\n            <iframe style=\"width:100%; height:100%;min-height:inherit;display:block;\" src=\"https:\/\/maps.google.com\/maps?q=Schellingstrasse%20109a,%2080798%20M\u00fcnchen&#038;z=14&#038;output=embed&#038;iwloc=near\"><\/iframe>\n        <\/div>\n    <\/div>\n<\/div>\n<div class=\"col-xs-12 col-sm-6\">\n<div class=\"row middle-sm\">\n<div data-type=\"column\" class=\"col-xs-12 space-bottom-small\"><\/div>\n<\/div>\n<div class=\"row middle-sm\" data-type=\"row\">\n<div class=\"col-xs-12 space-bottom-small\">\n<div class=\"row\">\n<div data-type=\"column\" class=\"col-xs-12 col-sm-fit label-col\"><\/div>\n<div data-type=\"column\" class=\"col-xs-12 col-sm\">\n<h1 class=\"\">M\u00fanich, Baviera<\/h1>\n<p class=\"\">Schellingstra\u00dfe 109 a,&nbsp;80798 M\u00fanich, Alemania<\/p>\n\n<\/div>\n<\/div>\n<\/div>\n<div class=\"col-xs-12 space-bottom-small\">\n<div class=\"row\">\n<div data-type=\"column\" class=\"col-xs-12 col-sm-fit label-col\">\n<h5 class=\"\">Tel\u00e9fono:<\/h5>\n<p class=\"\">Correo:<\/p>\n\n<\/div>\n<div data-type=\"column\" class=\"col-xs-12 col-sm\">\n<p class=\"\">  49 89 21 53 44 97<\/p>\n<p class=\"\">info@quantumtec.org<\/p>\n\n<\/div>\n<\/div>\n<\/div>\n<\/div>\n<\/div>\n<\/div>\n<\/div>\n<\/div><div data-label=\"Contact Malaga\" data-id=\"contact--2\" data-export-id=\"contact-6\" data-category=\"contact\" class=\"contact-5 content-section content-section-spacing\" id=\"contact-malaga\" style=\"background-color: rgb(245, 250, 253);\">\n<div class=\"\">\n<div class=\"row text-center\">\n<div class=\"section-title-col\" data-type=\"column\"><\/div>\n<\/div>\n<div class=\"row middle-sm\">\n<div class=\"col-xs-12 col-sm-6 image-holder space-bottom-xs\">\n<div data-content-shortcode=\"mesmerize_maps address=\"C\/ Marqu\u00e9s de Larios, 4, 29005, M\u00e1laga Espa\u00f1a\" zoom=\"65\"\" data-editable=\"true\" class=\"shadow-medium\">        <div class=\"mesmerize-google-maps\" style=\"width:100%\">\n            <iframe style=\"width:100%; height:100%;min-height:inherit;display:block;\" src=\"https:\/\/maps.google.com\/maps?q=C\/%20Marqu\u00e9s%20de%20Larios,%204,%2029005,%20M\u00e1laga%20Espa\u00f1a&#038;z=14&#038;output=embed&#038;iwloc=near\"><\/iframe>\n        <\/div>\n    <\/div>\n<\/div>\n<div class=\"col-xs-12 col-sm-6\">\n<div class=\"row middle-sm\">\n<div data-type=\"column\" class=\"col-xs-12 space-bottom-small\"><\/div>\n<\/div>\n<div class=\"row middle-sm\" data-type=\"row\">\n<div class=\"col-xs-12 space-bottom-small\">\n<div class=\"row\">\n<div data-type=\"column\" class=\"col-xs-12 col-sm-fit label-col\"><\/div>\n<div data-type=\"column\" class=\"col-xs-12 col-sm\">\n<h1 class=\"\">M\u00e1laga, Andaluc\u00eda<\/h1>\n<p class=\"\">C\/ Marqu\u00e9s de Larios, 4, 29005, M\u00e1laga\n\nEspa\u00f1a<\/p>\n\n<\/div>\n<\/div>\n<\/div>\n<div class=\"col-xs-12 space-bottom-small\">\n<div class=\"row\">\n<div data-type=\"column\" class=\"col-xs-12 col-sm-fit label-col\">\n<h5 class=\"\">Tel\u00e9fono:<\/h5>\n<\/div>\n<div data-type=\"column\" class=\"col-xs-12 col-sm\">\n<p class=\"\">  34 951 23 15 21<\/p>\n\n<\/div>\n<\/div>\n<\/div>\n<\/div>\n<\/div>\n<\/div>\n<\/div>\n<\/div><div data-label=\"Contact Wuerzburg\" data-id=\"contact--3\" data-export-id=\"contact-6\" data-category=\"contact\" class=\"contact-5 content-section content-section-spacing\" id=\"contact-wuerzburg\" style=\"background-color: rgb(255, 255, 255);\">\n<div class=\"\">\n<div class=\"row text-center\">\n<div class=\"section-title-col\" data-type=\"column\"><\/div>\n<\/div>\n<div class=\"row middle-sm\">\n<div class=\"col-xs-12 col-sm-6 image-holder space-bottom-xs\">\n<div data-content-shortcode=\"mesmerize_maps address=\"Hofstra\u00dfe 10, 97070 W\u00fcrzburg\" zoom=\"65\"\" data-editable=\"true\" class=\"shadow-medium\">        <div class=\"mesmerize-google-maps\" style=\"width:100%\">\n            <iframe style=\"width:100%; height:100%;min-height:inherit;display:block;\" src=\"https:\/\/maps.google.com\/maps?q=Hofstra\u00dfe%2010,%2097070%20W\u00fcrzburg&#038;z=14&#038;output=embed&#038;iwloc=near\"><\/iframe>\n        <\/div>\n    <\/div>\n<\/div>\n<div class=\"col-xs-12 col-sm-6\">\n<div class=\"row middle-sm\">\n<div data-type=\"column\" class=\"col-xs-12 space-bottom-small\"><\/div>\n<\/div>\n<div class=\"row middle-sm\" data-type=\"row\">\n<div class=\"col-xs-12 space-bottom-small\">\n<div class=\"row\">\n<div data-type=\"column\" class=\"col-xs-12 col-sm-fit label-col\"><\/div>\n<div data-type=\"column\" class=\"col-xs-12 col-sm\">\n<h1 class=\"\">W\u00fcrzburg, Baviera<\/h1>\n<p class=\"\"><span><b>Destino I<\/b><br>Hofstra\u00dfe<\/span> <span>10<\/span>\n<br>97070 W\u00fcrzburg<br><span>\n  \n\n  <br>\n  <b>Destino II<\/b>\n<\/span>Calle Leighton 3\n<br>97074 W\u00fcrzburg\n<br>Centro Skyline Hill (Centro de Innovaci\u00f3n Digital)<\/p>\n\n<\/div>\n<\/div>\n<\/div>\n<\/div>\n<\/div>\n<\/div>\n<\/div>\n<\/div>","protected":false},"excerpt":{"rendered":"<p>S\u00f3lo para los mejores: el Club de Excelencia Digital Solicite en nuestra red Ventajas Nuestro primer punto de contacto cuando se trata de cubrir proyectos o puestos abiertos es nuestra red. Est\u00e1 formado por expertos en TI seleccionados en las \u00e1reas de producto, UX, desarrollo y m\u00e9todos \u00e1giles. \u2713 Beneficiarse de estar entre los primeros&hellip; <br \/> <a class=\"read-more\" href=\"https:\/\/quantumtec.org\/es\/para-los-expertos\/\">Read more<\/a><\/p>\n","protected":false},"author":1,"featured_media":0,"parent":0,"menu_order":10,"comment_status":"closed","ping_status":"closed","template":"pro\/page-templates\/full-width-page.php","meta":{"footnotes":""},"class_list":["post-3814","page","type-page","status-publish","hentry"],"_links":{"self":[{"href":"https:\/\/quantumtec.org\/es\/wp-json\/wp\/v2\/pages\/3814","targetHints":{"allow":["GET"]}}],"collection":[{"href":"https:\/\/quantumtec.org\/es\/wp-json\/wp\/v2\/pages"}],"about":[{"href":"https:\/\/quantumtec.org\/es\/wp-json\/wp\/v2\/types\/page"}],"author":[{"embeddable":true,"href":"https:\/\/quantumtec.org\/es\/wp-json\/wp\/v2\/users\/1"}],"replies":[{"embeddable":true,"href":"https:\/\/quantumtec.org\/es\/wp-json\/wp\/v2\/comments?post=3814"}],"version-history":[{"count":13,"href":"https:\/\/quantumtec.org\/es\/wp-json\/wp\/v2\/pages\/3814\/revisions"}],"predecessor-version":[{"id":6271,"href":"https:\/\/quantumtec.org\/es\/wp-json\/wp\/v2\/pages\/3814\/revisions\/6271"}],"wp:attachment":[{"href":"https:\/\/quantumtec.org\/es\/wp-json\/wp\/v2\/media?parent=3814"}],"curies":[{"name":"wp","href":"https:\/\/api.w.org\/{rel}","templated":true}]}}