{"id":3815,"date":"2021-03-09T14:17:28","date_gmt":"2021-03-09T13:17:28","guid":{"rendered":"https:\/\/quantumtec.org\/nearshoring\/"},"modified":"2024-03-28T10:00:08","modified_gmt":"2024-03-28T09:00:08","slug":"nearshoring","status":"publish","type":"page","link":"https:\/\/quantumtec.org\/es\/nearshoring\/","title":{"rendered":"Nearshoring"},"content":{"rendered":"<div data-label=\"Standort Malaga\" data-id=\"about--2\" data-export-id=\"about-1\" data-category=\"about\" class=\"about-1 content-section\" id=\"standort-malaga\" style=\"background-color: rgb(255, 255, 255);\"><div class=\"gridContainer\"> <div class=\"row text-center\"><div class=\"section-title-col\" data-type=\"column\"> <h5 class=\"\"><span style=\"font-family: Poppins, arial, helvetica, sans-serif;\">NEARSHORING<\/span><\/h5> <h2 class=\"\"><span style=\"font-family: Poppins, arial, helvetica, sans-serif;\">Nuestra ubicaci\u00f3n<\/span> <span href=\"#\" style=\"font-weight: 700; font-family: Playfair Display,sans-serif; font-style: italic;\">en M\u00e1laga<\/span><\/h2> <p class=\"lead\">Lo que es casi inconcebible en Alemania, Austria y Suiza puede aplicarse eficazmente en el sur de Espa\u00f1a: Contrataci\u00f3n de candidatas en el \u00e1mbito de las tecnolog\u00edas de la informaci\u00f3n y el desarrollo de productos de forma r\u00e1pida, sencilla y rentable.<\/p><\/div> <\/div> <div class=\"row\"> <div class=\"button-holder space-bottom space-bottom-small\" data-type=\"column\"> <\/div> <div class=\"col-xs bottom-xs flexbox image-group-bottom-3-img space-bottom-xs center-xs\"> <img decoding=\"async\" class=\"left-img shadow-large-black lazy-loaded\" data-size=\"500x300\" src=\"https:\/\/quantumtec.org\/wp-content\/uploads\/2021\/03\/cropped-Parque_Tecnolo%CC%81gico_de_Andaluci%CC%81a_view_from_a_plane_Andalucia_Spain-3.jpg\" data-lazy-type=\"image\" data-src=\"https:\/\/quantumtec.org\/wp-content\/uploads\/2021\/03\/cropped-Parque_Tecnolo\u0301gico_de_Andaluci\u0301a_view_from_a_plane_Andalucia_Spain-3.jpg\" title=\"M\u00e1laga Open Area\" alt=\"M\u00e1laga Open Area\"> <img decoding=\"async\" class=\"center-img shadow-large-black lazy-loaded\" data-size=\"500x300\" src=\"https:\/\/quantumtec.org\/wp-content\/uploads\/2021\/03\/cropped-Premier_building_PTA_Malaga_Medium-1.jpg\" data-lazy-type=\"image\" data-src=\"https:\/\/quantumtec.org\/wp-content\/uploads\/2021\/03\/cropped-Premier_building_PTA_Malaga_Medium-1.jpg\" title=\"Oficinas de M\u00e1laga\" alt=\"Oficinas de M\u00e1laga\"> <img decoding=\"async\" class=\"right-img shadow-large-black lazy-loaded\" data-size=\"500x300\" src=\"https:\/\/quantumtec.org\/wp-content\/uploads\/2021\/03\/cropped-Building_PTA_Malaga-1.jpg\" data-lazy-type=\"image\" data-src=\"https:\/\/quantumtec.org\/wp-content\/uploads\/2021\/03\/cropped-Building_PTA_Malaga-1.jpg\" title=\"Oficinas en M\u00e1laga\" alt=\"\"><\/div> <\/div><\/div> <\/div><div data-label=\"M\u00e1laga valley\" data-id=\"content--2\" data-export-id=\"content-12\" data-category=\"content\" class=\"content-12 content-section content-section-spacing\" id=\"malaga-valley\" style=\"background-color: rgb(255, 255, 255); background-image: none;\"><div class=\"gridContainer\"> <div class=\"row text-center\"><div class=\"section-title-col\" data-type=\"column\"> <h2 class=\"\"><span style=\"font-family: Poppins, arial, helvetica, sans-serif;\">El <span style=\"font-family: Playfair Display, arial, helvetica, sans-serif; font-weight: 700; font-style: italic;\">Valle del Silicio <\/span><span style=\"font-family: Playfair Display, arial, helvetica, sans-serif; font-weight: 400;\"><span style=\"font-family: Poppins, arial, helvetica, sans-serif;\">Espa\u00f1a<\/span><\/span><\/span><\/h2> <p class=\"lead\" style=\"text-align: center;\">Empresas como <span style=\"font-weight: 600; font-style: italic;\">Accenture<\/span>, <span style=\"font-weight: 600; font-style: italic;\">Google<\/span>, <span style=\"font-style: italic;\"><span style=\"font-weight: 600;\">IBM<\/span><\/span> y <span style=\"font-weight: 600; font-style: italic;\">Oracle<\/span> han presentado grandes \n<br>Creaci\u00f3n de centros de desarrollo en <span style=\"font-weight: 600; font-style: italic;\">el Parque Tecnol\u00f3gico de Andaluc\u00eda<\/span>.<\/p><p class=\"\" style=\"text-align: left;\"><span style=\"font-weight: 300;\">La conocida universidad de inform\u00e1tica \u00abUniversidad de M\u00e1laga\u00bb est\u00e1 directamente conectada con el centro de alta tecnolog\u00eda. Con nuestra ubicaci\u00f3n en M\u00e1laga, tenemos la capacidad de crear y escalar r\u00e1pidamente equipos de desarrollo para nuestros clientes. Le recomendamos que participe en el proceso de contrataci\u00f3n y realice su propia selecci\u00f3n de candidatos.\n<\/span><br><span style=\"font-weight: 300;\">\nM\u00e1laga est\u00e1 muy bien conectada con un aeropuerto y se puede llegar de forma excelente a trav\u00e9s de un vuelo directo, por ejemplo, v\u00eda Berl\u00edn, Fr\u00e1ncfort del Meno, Colonia, M\u00fanich y Z\u00farich en 2:40 a 3:00 horas.<\/span><br><span style=\"font-family: Poppins, arial, helvetica, sans-serif; font-weight: 300;\">\n\n<\/span><span style=\"font-family: Poppins, arial, helvetica, sans-serif; font-weight: 300;\"><\/span><\/p><\/div> <\/div> <div class=\"row center-xs middle-xs\"> <div class=\"col-sm-9\" data-type=\"column\"> <\/div> <\/div><\/div> <\/div><div data-label=\"Vorgehen Nearshoring\" data-id=\"pricing--1\" data-export-id=\"pricing-5\" data-category=\"pricing\" data-featured-class=\"pricing-featured\" class=\"pricing-5 content-section content-section-spacing\" id=\"vorgehen-nearshoring\" style=\"background-color: rgb(245, 250, 253);\"><div class=\"gridContainer\"> <div class=\"row\"><div data-type=\"column\" class=\"section-title-col\"> <h2 class=\"\">Convertirse en un equipo productivo en <span style=\"font-family: Playfair Display, arial, helvetica, sans-serif; font-weight: 700; font-style: italic;\">cinco semanas<\/span> <\/h2> <p class=\"lead\">Nuestro proceso de incorporaci\u00f3n, desde la solicitud hasta la puesta en marcha de los equipos:<\/p><\/div> <\/div> <div data-type=\"row\" class=\"row spaced-cols\"> <div class=\"col-xs-12 col-sm-4 text-center \"> <div data-default=\"shadow-small\" data-featured=\"shadow-large\" data-type=\"column\" class=\"card shadow-small\"> <h3 class=\"font-300 upper\"><span style=\"color: rgb(3, 169, 244);\">1. BUSCAR<\/span><\/h3>   <h4 class=\"\">De dos a cuatro semanas<\/h4><ul class=\"unstyled checked decoration-color1 black text-center\"><li>Usted hace su pedido para los expertos<\/li><li>Comenzamos nuestra b\u00fasqueda<\/li><\/ul> <\/div> <\/div> <div class=\"col-xs-12 col-sm-4 text-center\"> <div data-default=\"shadow-small\" data-featured=\"shadow-large\" data-type=\"column\" class=\"card shadow-small\"> <h3 class=\"font-300 upper\"><span style=\"color: rgb(3, 169, 244);\">2. ENTREVISTAS<\/span><\/h3>   <h4 class=\"\">Dos semanas<\/h4><ul class=\"unstyled checked decoration-color1 black text-center\"><li>Dos semanas<\/li><li>Puede participar en entrevistas<\/li><li>T\u00fa decides por las candidatas<\/li><\/ul> <\/div> <\/div> <div class=\"col-xs-12 col-sm-4 text-center \"> <div data-default=\"shadow-small\" data-featured=\"shadow-large\" data-type=\"column\" class=\"card shadow-small\"> <h3 class=\"font-300 upper\"><span style=\"color: rgb(3, 169, 244);\">3. ARRANQUE<\/span><\/h3>   <h4 class=\"\">Una semana<\/h4><ul class=\"unstyled checked decoration-color1 black text-center\"><li>Integramos los recursos de su empresa<\/li><li>Estar\u00e1s acompa\u00f1ado por nosotros durante el proceso de incorporaci\u00f3n<\/li><li>El equipo est\u00e1 listo para la acci\u00f3n<\/li><li>El equipo comienza su primer sprint<\/li><\/ul> <\/div> <\/div><\/div> <\/div><\/div><div data-label=\"Set Up\" data-id=\"content--3\" data-export-id=\"content-12\" data-category=\"content\" class=\"content-12 content-section content-section-spacing\" id=\"set-up\" style=\"background-color: rgb(255, 255, 255); background-image: none;\"><div class=\"\"> <div class=\"row text-center\"><div class=\"section-title-col\" data-type=\"column\"> <h2 class=\"\"><span style=\"font-family: Playfair Display, arial, helvetica, sans-serif; font-weight: 700; font-style: italic;\">&nbsp;<\/span> en M\u00e1laga<\/h2> <\/div> <\/div> <div class=\"row center-xs middle-xs\"> <div class=\"col-sm-9\" data-type=\"column\"> <\/div> <\/div><\/div> <\/div><div data-label=\"Vorteile Nearshoring\" data-id=\"overlappable--1\" data-export-id=\"overlappable-6\" data-category=\"overlappable\" class=\"overlappable-6 content-section content-section-spacing\" data-overlap=\"true\" id=\"vorteile-nearshoring\" style=\"background-color: rgb(255, 255, 255);\"><div class=\"\"> <div data-type=\"row\" class=\"row shadow-medium start-sm content-left-sm\"><div class=\"col-xs-12 col-sm-4 col-padding-small col-padding-small-xs white-text bg-color2\"> <div class=\"row middle-xs\"><div class=\"col-xs-12 col-sm-fit space-bottom-small-xs\"> <i class=\"fa icon fa-rocket bordered round big color-white\"><\/i><\/div> <div data-type=\"column\" class=\"col-xs-12 col-sm\"><h4 class=\"\">AHORRO DE TIEMPO<\/h4> <p class=\"font-300\">Se gana tiempo gracias a un ciclo de contrataci\u00f3n m\u00e1s r\u00e1pido en comparaci\u00f3n con la creaci\u00f3n y el mantenimiento de un desarrollo interno.<\/p><\/div> <\/div><\/div> <div class=\"col-xs-12 col-sm-4 col-padding-small col-padding-small-xs white-text bg-color2\"><div class=\"row middle-xs\"> <div class=\"col-xs-12 col-sm-fit space-bottom-small-xs\"><i class=\"fa icon fa-lock bordered round big color-white\"><\/i><\/div> <div data-type=\"column\" class=\"col-xs-12 col-sm\"><h4 class=\"\">SEGURIDAD<\/h4> <p class=\"font-300\">Su proveedor de servicios y socio de facturaci\u00f3n es nuestra empresa alemana, el lugar de jurisdicci\u00f3n es Munich. As\u00ed que tiene un socio local que le acompa\u00f1a durante todo el proceso.<\/p><\/div> <\/div><\/div> <div class=\"col-xs-12 col-sm-4 col-padding-small col-padding-small-xs white-text bg-color2\"><div class=\"row middle-xs\"> <div class=\"col-xs-12 col-sm-fit space-bottom-small-xs\"><i class=\"fa icon fa-calendar-check-o bordered round big color-white\"><\/i><\/div> <div data-type=\"column\" class=\"col-xs-12 col-sm\"><h4 class=\"\">APLICACI\u00d3N EFICAZ  <\/h4> <p class=\"font-300\">Trabajar\u00e1s con equipos abiertos, responsables y proactivos en M\u00e1laga, Espa\u00f1a. Estas cualidades tienen un efecto positivo en el progreso del proyecto y en la fidelidad al cliente.<\/p><\/div> <\/div><\/div> <\/div><\/div> <\/div><div data-label=\"About\" data-id=\"about--3\" data-export-id=\"about-images-right-section\" data-category=\"about\" class=\"about-images-right-section content-section content-section-spacing\" id=\"about-3\" style=\"background-color: rgb(245, 250, 253);\"><div class=\"gridContainer\"> <div class=\"row middle-sm text-center\"><div class=\"col-sm-5 content-left-sm\" data-type=\"column\">   <p class=\"\"><span style=\"font-weight: 300;\">Los equipos de desarrollo in situ suelen estar listos para empezar a trabajar para usted en un plazo de dos a seis semanas, seg\u00fan el n\u00famero de expertos y las cualificaciones deseadas.\n<\/span><br><span style=\"font-weight: 300;\">\nTiene la opci\u00f3n de integrar completamente nuestro sitio en su organizaci\u00f3n, de modo que la oficina de desarrollo subcontratada tenga pleno acceso a su c\u00f3digo y capacidad de almacenamiento.\n<\/span><br><span style=\"font-weight: 300;\">\n\u00bfEl idioma de su empresa es el alem\u00e1n? Tambi\u00e9n tenemos una soluci\u00f3n para esto: cubrir el papel de director de proyecto o propietario de producto con un empleado de su empresa ha demostrado en el pasado que la barrera del idioma puede superarse y la transparencia en t\u00e9rminos de progreso del proyecto est\u00e1 garantizada.<\/span><br><span style=\"font-weight: 300;\">\nLos equipos de la Costa del Sol se caracterizan por un alto grado de iniciativa y trabajo independiente. Son cosmopolitas, educados, accesibles y hablan muy bien ingl\u00e9s.<\/span><\/p> <\/div> <div class=\"col-sm-7 space-bottom-xs\"><div class=\"image-group-side-3-img\"> <img decoding=\"async\" class=\"topimg shadow-large lazy-loaded\" src=\"https:\/\/quantumtec.org\/wp-content\/uploads\/2021\/01\/cropped-cropped-Unbenannte-Pra%CC%88sentation.jpg\" data-lazy-type=\"image\" data-src=\"https:\/\/quantumtec.org\/wp-content\/uploads\/2021\/01\/cropped-cropped-Unbenannte-Pra\u0308sentation.jpg\" title=\"cropped-cropped-Unbenannte-Pra\u0308sentation.jpg\" alt=\"\"> <img decoding=\"async\" class=\"rightimg shadow-large lazy-loaded\" src=\"https:\/\/quantumtec.org\/wp-content\/uploads\/2020\/06\/cropped-cropped-brooke-cagle-g1Kr4Ozfoac-unsplash-scaled-1.jpg\" data-lazy-type=\"image\" data-src=\"https:\/\/quantumtec.org\/wp-content\/uploads\/2020\/06\/cropped-cropped-brooke-cagle-g1Kr4Ozfoac-unsplash-scaled-1.jpg\" title=\"Oficinas de M\u00e1laga\" alt=\"\"> <div class=\"leftimg\"> <img decoding=\"async\" class=\"shadow-large lazy-loaded\" src=\"https:\/\/quantumtec.org\/wp-content\/uploads\/2020\/06\/cropped-cropped-cropped-austin-distel-mpN7xjKQ_Ns-unsplash-scaled-1.jpg\" data-lazy-type=\"image\" data-src=\"https:\/\/quantumtec.org\/wp-content\/uploads\/2020\/06\/cropped-cropped-cropped-austin-distel-mpN7xjKQ_Ns-unsplash-scaled-1.jpg\" title=\"Vista de M\u00e1laga\" alt=\"Vista de M\u00e1laga\"><\/div> <\/div><\/div> <\/div><\/div> <\/div><div data-label=\"spanische Kultur\" data-id=\"content--1\" data-export-id=\"content-13\" data-category=\"content\" class=\"content-13 content-section content-section-spacing\" id=\"spanische-kultur\" style=\"background-color: rgb(255, 255, 255);\"><div class=\"gridContainer\"><div data-section-title-area=\"true\" class=\"row text-center\">   <div class=\"section-title-col\" data-type=\"column\">                 <p class=\"\" style=\"text-align: left;\"><span style=\"font-family: Poppins, arial, helvetica, sans-serif; font-weight: 300;\">La cultura espa\u00f1ola se caracteriza por la referencia a la familia, lo que se traduce en un buen arraigo al lugar y una actuaci\u00f3n responsable. Un alto grado de iniciativa y trabajo independiente caracteriza a los equipos de la Costa del Sol. Son cosmopolitas, muy educados, accesibles y hablan muy bien ingl\u00e9s.<\/span><\/p><\/div><\/div>  <div class=\"row center-xs middle-xs\"> <div class=\"col-xs col-sm-8 space-bottom image-group-bottom-3\"> <img decoding=\"async\" class=\"left-img shadow-large-black lazy-loaded\" src=\"https:\/\/quantumtec.org\/wp-content\/uploads\/2020\/06\/cropped-charles-deluvio-rRWiVQzLm7k-unsplash-scaled.jpg\" data-lazy-type=\"image\" data-src=\"https:\/\/quantumtec.org\/wp-content\/uploads\/2020\/06\/cropped-charles-deluvio-rRWiVQzLm7k-unsplash-scaled.jpg\" title=\"QUANTUM @ Larios, First Workplaces M\u00e1laga\" alt=\"QUANTUM @ Larios, First Workplaces M\u00e1laga\"> <img decoding=\"async\" class=\"center-img shadow-large-black lazy-loaded\" src=\"https:\/\/quantumtec.org\/wp-content\/uploads\/2020\/12\/cropped-cropped-scott-winterroth-hUiiUATVRP0-unsplash-scaled-1.jpg\" data-lazy-type=\"image\" data-src=\"https:\/\/quantumtec.org\/wp-content\/uploads\/2020\/12\/cropped-cropped-scott-winterroth-hUiiUATVRP0-unsplash-scaled-1.jpg\" title=\"Vista de M\u00e1laga\" alt=\"Vista de M\u00e1laga\"> <img decoding=\"async\" class=\"right-img shadow-large-black lazy-loaded\" src=\"https:\/\/quantumtec.org\/wp-content\/uploads\/2020\/12\/cropped-emre-aliriz-2rhz3Nuq12c-unsplash-scaled-3.jpg\" data-lazy-type=\"image\" data-src=\"https:\/\/quantumtec.org\/wp-content\/uploads\/2020\/12\/cropped-emre-aliriz-2rhz3Nuq12c-unsplash-scaled-3.jpg\" title=\"M\u00e1laga Open Area\" alt=\"M\u00e1laga Open Area\"><\/div> <\/div><\/div> <\/div><div data-label=\"Contact\" data-id=\"contact--1\" data-export-id=\"contact-3\" data-category=\"contact\" class=\"contact-3 content-section content-section-spacing content-relative\" id=\"contact-1\" style=\"background-color: rgb(255, 255, 255); background-image: url(\"https:\/\/quantumtec.org\/wp-content\/uploads\/2021\/03\/Bildschirmfoto-2021-03-09-um-16.09.58.png\"); background-size: cover; background-position: center top;\" data-section-ov=\"1\"><div class=\"\"> <div class=\"row\"><div class=\"col-xs-12 col-sm-6 col-sm-offset-6 col-md-5 col-md-offset-7 text-center\"> <div data-type=\"column\" class=\"card large-padding\"><h2 class=\"font-300\">QUANTUM Int.  \n<br>M\u00e1laga S.L.<\/h2> <h4 class=\"font-300\">Andaluc\u00eda, Espa\u00f1a<\/h4> <p class=\"\">C\/ Marqu\u00e9s de Larios, 4<br>\n29005, M\u00e1laga<br>\nEspa\u00f1a<\/p>   <a href=\"https:\/\/quantumtec.org\/#kontakt\" class=\"button color1 square outline\" target=\"_self\" data-cp-link=\"1\" data-icon=\"\" rel=\"noopener\">Contacto con nosotros<\/a><\/div> <\/div><\/div> <\/div><\/div>","protected":false},"excerpt":{"rendered":"<p>NEARSHORING Nuestra ubicaci\u00f3n en M\u00e1laga Lo que es casi inconcebible en Alemania, Austria y Suiza puede aplicarse eficazmente en el sur de Espa\u00f1a: Contrataci\u00f3n de candidatas en el \u00e1mbito de las tecnolog\u00edas de la informaci\u00f3n y el desarrollo de productos de forma r\u00e1pida, sencilla y rentable. El Valle del Silicio Espa\u00f1a Empresas como Accenture, Google,&hellip; <br \/> <a class=\"read-more\" href=\"https:\/\/quantumtec.org\/es\/nearshoring\/\">Read more<\/a><\/p>\n","protected":false},"author":1,"featured_media":0,"parent":0,"menu_order":33,"comment_status":"closed","ping_status":"closed","template":"pro\/page-templates\/full-width-page.php","meta":{"footnotes":""},"class_list":["post-3815","page","type-page","status-publish","hentry"],"_links":{"self":[{"href":"https:\/\/quantumtec.org\/es\/wp-json\/wp\/v2\/pages\/3815","targetHints":{"allow":["GET"]}}],"collection":[{"href":"https:\/\/quantumtec.org\/es\/wp-json\/wp\/v2\/pages"}],"about":[{"href":"https:\/\/quantumtec.org\/es\/wp-json\/wp\/v2\/types\/page"}],"author":[{"embeddable":true,"href":"https:\/\/quantumtec.org\/es\/wp-json\/wp\/v2\/users\/1"}],"replies":[{"embeddable":true,"href":"https:\/\/quantumtec.org\/es\/wp-json\/wp\/v2\/comments?post=3815"}],"version-history":[{"count":7,"href":"https:\/\/quantumtec.org\/es\/wp-json\/wp\/v2\/pages\/3815\/revisions"}],"predecessor-version":[{"id":8143,"href":"https:\/\/quantumtec.org\/es\/wp-json\/wp\/v2\/pages\/3815\/revisions\/8143"}],"wp:attachment":[{"href":"https:\/\/quantumtec.org\/es\/wp-json\/wp\/v2\/media?parent=3815"}],"curies":[{"name":"wp","href":"https:\/\/api.w.org\/{rel}","templated":true}]}}