{"id":3816,"date":"2021-03-08T12:53:03","date_gmt":"2021-03-08T11:53:03","guid":{"rendered":"https:\/\/quantumtec.org\/externalizacion\/"},"modified":"2022-11-21T19:46:27","modified_gmt":"2022-11-21T18:46:27","slug":"externalizacion","status":"publish","type":"page","link":"https:\/\/quantumtec.org\/es\/externalizacion\/","title":{"rendered":"Servicios de deslocalizaci\u00f3n"},"content":{"rendered":"<div data-label=\"Content\" data-id=\"content--5\" data-export-id=\"content-12\" data-category=\"content\" class=\"content-12 content-section content-section-spacing\" id=\"content-2\" style=\"background-color: rgb(245, 250, 253);\"><div class=\"\"> <div class=\"row text-center\"><div class=\"section-title-col\" data-type=\"column\"> <h2 class=\"\"><span style=\"font-family: Poppins, arial, helvetica, sans-serif;\">Equipos de desarrollo en Asia<\/span><\/h2> <p class=\"lead\"><span style=\"font-family: Poppins, arial, helvetica, sans-serif;\">DESLOCALIZACI\u00d3N EN VIETNAM<\/span><\/p><p class=\"\" style=\"text-align: left;\"><span style=\"font-family: Poppins, arial, helvetica, sans-serif;\"><font face=\"Poppins, arial, helvetica, sans-serif\">&nbsp;<\/font>Encontramos a los mejores desarrolladores, cuya experiencia, mentalidad y calidad superan las exigencias de las corporaciones, las medianas empresas y las principales empresas emergentes.\n<\/span><br><span style=\"font-family: Poppins, arial, helvetica, sans-serif;\">\nPermitimos a nuestros clientes crear equipos inform\u00e1ticos de primera clase con rapidez y a un precio razonable y justo.<\/span><br><span style=\"font-family: Poppins, arial, helvetica, sans-serif;\">\nPor deslocalizaci\u00f3n se entiende la subcontrataci\u00f3n de funciones individuales o de equipos completos. Preferimos este m\u00e9todo a la deslocalizaci\u00f3n porque es mucho m\u00e1s r\u00e1pido y rentable.\n<\/span><br><span style=\"font-family: Poppins, arial, helvetica, sans-serif;\">\nAqu\u00ed cooperamos con nuestros socios de Hi Chi Minh City, Vietnam, as\u00ed como con otros lugares de Bangkok. Se encargan de contratar a los expertos in situ para nosotros. El interlocutor y facturador de nuestros clientes alemanes es la sucursal de M\u00fanich.<\/span><\/p><\/div> <\/div> <div class=\"row center-xs middle-xs\"> <div class=\"col-sm-9\" data-type=\"column\"> <\/div> <\/div><\/div> <\/div><div data-label=\"Cta\" data-id=\"cta--1\" data-export-id=\"cta-centered-section-grid\" data-category=\"cta\" class=\"cta-centered-section-grid content-section content-section-spacing-medium bg-color1 white-text\" id=\"cta-1\" style=\"background-image: none; background-color: rgb(52, 58, 64);\"><div class=\"\"> <div class=\"row text-center\"><div class=\"col-xs-12 col-sm-10 col-sm-offset-1 col-md-8 col-md-offset-2\" data-type=\"column\"> <h2 class=\"\" style=\"text-align: center;\"><span style=\"font-family: Poppins, arial, helvetica, sans-serif; font-weight: 400;\">Nuestros clientes se benefician de un enorme potencial con una calidad excelente.<\/span><\/h2> <p class=\"\" style=\"text-align: left;\"><span style=\"font-family: Poppins, arial, helvetica, sans-serif; font-weight: 200;\"><span style=\"font-weight: 500;\">\n<br><br>\u2713<\/span><span style=\"font-weight: 300;\">&nbsp;<\/span>Se gana tiempo gracias a un ciclo de contrataci\u00f3n r\u00e1pido, una gran disponibilidad de funciones y&nbsp;&nbsp;\n<br>&nbsp; &nbsp;  Ahorro potencial de costes en comparaci\u00f3n con la construcci\u00f3n y el mantenimiento de un desarrollo interno.<\/span><br><br><span style=\"font-family: Poppins, arial, helvetica, sans-serif; font-weight: 200;\">\n\u2713&nbsp;A trav\u00e9s de nosotros, dispone de un socio alem\u00e1n in situ que le acompa\u00f1a durante todo el proceso y es su socio contractual.<\/span><br><br><span style=\"font-family: Poppins, arial, helvetica, sans-serif; font-weight: 200;\">\nTrabaja con equipos abiertos, responsables y proactivos en el sudeste asi\u00e1tico.<\/span><br><br><span style=\"font-family: Poppins, arial, helvetica, sans-serif; font-weight: 200;\">\nEstas cualidades tienen un <span style=\"font-weight: 500;\">efecto positivo en el progreso de su proyecto<\/span>.<\/span><\/p> <\/div> <\/div><\/div> <\/div><div data-label=\"Gallery\" data-id=\"gallery--1\" data-export-id=\"gallery-2\" data-category=\"gallery\" class=\"gallery-2 content-section content-section-spacing\" id=\"gallery-1\" style=\"background-color: rgb(245, 250, 253);\"><div class=\"\"> <div class=\"row\"><div class=\"col-xs-12 full-no-padding\" data-editable=\"true\" data-content-shortcode=\"mesmerize_gallery id=\"mesmerize-gallery-2\" columns=\"3\" ids=\"5968,5971,5974,5977,5980\" lb=\"0\" masonry=\"1\" size=\"full\" link=\"none\"  \"><div id='mesmerize-gallery-2' class='gallery-wrapper'><style type=\"text\/css\">\n                    @media only screen and (min-width: 768px) {\n                    [data-unique-id='mesmerize-gallery-2-69e5af076687a'] dl {\n                        float: left;\n                        width: 33.333333333333% !important;\n                        max-width:  33.333333333333% !important;\n                        min-width:  33.333333333333% !important;\n                    }\n\n                    [data-unique-id='mesmerize-gallery-2-69e5af076687a'] dl:nth-of-type(3n +1 ) {\n                      clear: both;\n                      }\n                    }\n                <\/style><div id='mesmerize-gallery-2' class='mesmerize-gallery-2-dls-wrapper gallery-items-wrapper materialis-gallery' data-unique-id='mesmerize-gallery-2-69e5af076687a'><dl class='gallery-item'>\n\t\t\t<dt class='gallery-icon landscape'>\n\t\t\t\t<img loading=\"lazy\" decoding=\"async\"  width=\"1500\" height=\"1125\" src=\"https:\/\/quantumtec.org\/wp-content\/uploads\/2022\/11\/IMG_6895.jpg\"  class='mesmerize-gallery-2-image' alt=\"\" srcset=\"https:\/\/quantumtec.org\/wp-content\/uploads\/2022\/11\/IMG_6895.jpg 1500w, https:\/\/quantumtec.org\/wp-content\/uploads\/2022\/11\/IMG_6895-300x225.jpg 300w, https:\/\/quantumtec.org\/wp-content\/uploads\/2022\/11\/IMG_6895-1024x768.jpg 1024w, https:\/\/quantumtec.org\/wp-content\/uploads\/2022\/11\/IMG_6895-768x576.jpg 768w, https:\/\/quantumtec.org\/wp-content\/uploads\/2022\/11\/IMG_6895-1440x1080.jpg 1440w\" sizes=\"auto, (max-width: 1500px) 100vw, 1500px\" \/>\n\t\t\t<\/dt><\/dl><dl class='gallery-item'>\n\t\t\t<dt class='gallery-icon portrait'>\n\t\t\t\t<img loading=\"lazy\" decoding=\"async\"  width=\"1125\" height=\"1500\" src=\"https:\/\/quantumtec.org\/wp-content\/uploads\/2022\/11\/IMG_6977.jpg\"  class='mesmerize-gallery-2-image' alt=\"\" srcset=\"https:\/\/quantumtec.org\/wp-content\/uploads\/2022\/11\/IMG_6977.jpg 1125w, https:\/\/quantumtec.org\/wp-content\/uploads\/2022\/11\/IMG_6977-225x300.jpg 225w, https:\/\/quantumtec.org\/wp-content\/uploads\/2022\/11\/IMG_6977-768x1024.jpg 768w, https:\/\/quantumtec.org\/wp-content\/uploads\/2022\/11\/IMG_6977-1024x1365.jpg 1024w, https:\/\/quantumtec.org\/wp-content\/uploads\/2022\/11\/IMG_6977-810x1080.jpg 810w\" sizes=\"auto, (max-width: 1125px) 100vw, 1125px\" \/>\n\t\t\t<\/dt><\/dl><dl class='gallery-item'>\n\t\t\t<dt class='gallery-icon landscape'>\n\t\t\t\t<img loading=\"lazy\" decoding=\"async\"  width=\"1500\" height=\"844\" src=\"https:\/\/quantumtec.org\/wp-content\/uploads\/2022\/11\/IMG_6817.jpg\"  class='mesmerize-gallery-2-image' alt=\"\" srcset=\"https:\/\/quantumtec.org\/wp-content\/uploads\/2022\/11\/IMG_6817.jpg 1500w, https:\/\/quantumtec.org\/wp-content\/uploads\/2022\/11\/IMG_6817-300x169.jpg 300w, https:\/\/quantumtec.org\/wp-content\/uploads\/2022\/11\/IMG_6817-1024x576.jpg 1024w, https:\/\/quantumtec.org\/wp-content\/uploads\/2022\/11\/IMG_6817-768x432.jpg 768w\" sizes=\"auto, (max-width: 1500px) 100vw, 1500px\" \/>\n\t\t\t<\/dt><\/dl><dl class='gallery-item'>\n\t\t\t<dt class='gallery-icon landscape'>\n\t\t\t\t<img loading=\"lazy\" decoding=\"async\"  width=\"1500\" height=\"1125\" src=\"https:\/\/quantumtec.org\/wp-content\/uploads\/2022\/11\/IMG_6867.jpg\"  class='mesmerize-gallery-2-image' alt=\"\" srcset=\"https:\/\/quantumtec.org\/wp-content\/uploads\/2022\/11\/IMG_6867.jpg 1500w, https:\/\/quantumtec.org\/wp-content\/uploads\/2022\/11\/IMG_6867-300x225.jpg 300w, https:\/\/quantumtec.org\/wp-content\/uploads\/2022\/11\/IMG_6867-1024x768.jpg 1024w, https:\/\/quantumtec.org\/wp-content\/uploads\/2022\/11\/IMG_6867-768x576.jpg 768w, https:\/\/quantumtec.org\/wp-content\/uploads\/2022\/11\/IMG_6867-1440x1080.jpg 1440w\" sizes=\"auto, (max-width: 1500px) 100vw, 1500px\" \/>\n\t\t\t<\/dt><\/dl><dl class='gallery-item'>\n\t\t\t<dt class='gallery-icon portrait'>\n\t\t\t\t<img loading=\"lazy\" decoding=\"async\"  width=\"1500\" height=\"2000\" src=\"https:\/\/quantumtec.org\/wp-content\/uploads\/2022\/11\/IMG_6852.jpg\"  class='mesmerize-gallery-2-image' alt=\"\" srcset=\"https:\/\/quantumtec.org\/wp-content\/uploads\/2022\/11\/IMG_6852.jpg 1500w, https:\/\/quantumtec.org\/wp-content\/uploads\/2022\/11\/IMG_6852-225x300.jpg 225w, https:\/\/quantumtec.org\/wp-content\/uploads\/2022\/11\/IMG_6852-768x1024.jpg 768w, https:\/\/quantumtec.org\/wp-content\/uploads\/2022\/11\/IMG_6852-1152x1536.jpg 1152w, https:\/\/quantumtec.org\/wp-content\/uploads\/2022\/11\/IMG_6852-1024x1365.jpg 1024w, https:\/\/quantumtec.org\/wp-content\/uploads\/2022\/11\/IMG_6852-810x1080.jpg 810w\" sizes=\"auto, (max-width: 1500px) 100vw, 1500px\" \/>\n\t\t\t<\/dt><\/dl>\n\t\t\t\n\t\t<\/div>\n<script>(function($){window.MaterialisCaptionsGallery && window.MaterialisCaptionsGallery($('[data-unique-id=\"mesmerize-gallery-2-69e5af076687a\"]'))})(jQuery)<\/script><\/div><\/div><\/div> <\/div><\/div><div data-label=\"Content\" data-id=\"content--4\" data-export-id=\"content-12\" data-category=\"content\" class=\"content-12 content-section content-section-spacing\" id=\"content-1\" style=\"background-color: rgb(255, 255, 255);\"><div class=\"gridContainer\"> <div class=\"row text-center\"><div class=\"section-title-col\" data-type=\"column\"><p class=\"\" style=\"text-align: left;\"><span style=\"font-family: Poppins, arial, helvetica, sans-serif;\">Con una poblaci\u00f3n de unos 100 millones de habitantes, la poblaci\u00f3n de Vietnam crece a un ritmo de un mill\u00f3n al a\u00f1o. La edad media de los vietnamitas es de 30 a\u00f1os, el 45% de los nacionales son menores de 30 a\u00f1os. El precio y la mano de obra son bajos en Vietnam, por lo que los costes de desarrollo de software pueden ser extremadamente reducidos. La pol\u00edtica de Vietnam aplica sistem\u00e1ticamente el desarrollo de los recursos inform\u00e1ticos. Cada a\u00f1o nacen entre 50.000 y 60.000 ingenieros potenciales. Hay una diferencia horaria de 5 horas (horario de verano) con Hanoi. Esto le permite trabajar de forma sincronizada con su equipo in situ durante unas cinco horas al d\u00eda.<\/span><\/p>  <\/div> <\/div> <div class=\"row center-xs middle-xs\"> <div class=\"col-sm-9\" data-type=\"column\"> <\/div> <\/div><\/div> <\/div>","protected":false},"excerpt":{"rendered":"<p>Equipos de desarrollo en Asia DESLOCALIZACI\u00d3N EN VIETNAM&nbsp;Encontramos a los mejores desarrolladores, cuya experiencia, mentalidad y calidad superan las exigencias de las corporaciones, las medianas empresas y las principales empresas emergentes. Permitimos a nuestros clientes crear equipos inform\u00e1ticos de primera clase con rapidez y a un precio razonable y justo. Por deslocalizaci\u00f3n se entiende la&hellip; <br \/> <a class=\"read-more\" href=\"https:\/\/quantumtec.org\/es\/externalizacion\/\">Read more<\/a><\/p>\n","protected":false},"author":1,"featured_media":0,"parent":0,"menu_order":28,"comment_status":"closed","ping_status":"closed","template":"pro\/page-templates\/full-width-page.php","meta":{"footnotes":""},"class_list":["post-3816","page","type-page","status-publish","hentry"],"_links":{"self":[{"href":"https:\/\/quantumtec.org\/es\/wp-json\/wp\/v2\/pages\/3816","targetHints":{"allow":["GET"]}}],"collection":[{"href":"https:\/\/quantumtec.org\/es\/wp-json\/wp\/v2\/pages"}],"about":[{"href":"https:\/\/quantumtec.org\/es\/wp-json\/wp\/v2\/types\/page"}],"author":[{"embeddable":true,"href":"https:\/\/quantumtec.org\/es\/wp-json\/wp\/v2\/users\/1"}],"replies":[{"embeddable":true,"href":"https:\/\/quantumtec.org\/es\/wp-json\/wp\/v2\/comments?post=3816"}],"version-history":[{"count":5,"href":"https:\/\/quantumtec.org\/es\/wp-json\/wp\/v2\/pages\/3816\/revisions"}],"predecessor-version":[{"id":5985,"href":"https:\/\/quantumtec.org\/es\/wp-json\/wp\/v2\/pages\/3816\/revisions\/5985"}],"wp:attachment":[{"href":"https:\/\/quantumtec.org\/es\/wp-json\/wp\/v2\/media?parent=3816"}],"curies":[{"name":"wp","href":"https:\/\/api.w.org\/{rel}","templated":true}]}}