{"id":3826,"date":"2021-10-27T09:44:02","date_gmt":"2021-10-27T09:44:02","guid":{"rendered":"https:\/\/quantumtec.org\/jefe-tecnico-de-fit-check-aplicacion-de-compras-por-movil\/"},"modified":"2021-10-27T09:44:02","modified_gmt":"2021-10-27T09:44:02","slug":"jefe-tecnico-de-fit-check-aplicacion-de-compras-por-movil","status":"publish","type":"page","link":"https:\/\/quantumtec.org\/es\/jefe-tecnico-de-fit-check-aplicacion-de-compras-por-movil\/","title":{"rendered":"Jefe t\u00e9cnico de Fit-Check Aplicaci\u00f3n de compras por m\u00f3vil"},"content":{"rendered":"<iframe loading=\"lazy\" src=\"https:\/\/docs.google.com\/forms\/d\/e\/1FAIpQLScA7L38__Y421uo92d0Kle-oiZUEd5bUBDUpLRrD_aNxe0zKg\/viewform?embedded=true\" width=\"640\" height=\"2723\" frameborder=\"0\" marginheight=\"0\" marginwidth=\"0\">Cargando&#8230;<\/iframe><div data-label=\"Cta\" data-id=\"cta--1\" data-export-id=\"cta-centered-section-grid\" data-category=\"cta\" class=\"cta-centered-section-grid content-section content-section-spacing-medium bg-color1 white-text\" id=\"cta-1\"><div class=\"gridContainer\"> <div class=\"row text-center\"><div class=\"col-xs-12 col-sm-10 col-sm-offset-1 col-md-8 col-md-offset-2\" data-type=\"column\">   <a class=\"button big color2\" href=\"https:\/\/quantumtec.org\/?post_type=awsm_job_openings&#038;p=2255\" target=\"lightbox\" data-cp-link=\"1\" data-icon=\"fa-mouse-pointer\" rel=\"noopener\"><span class=\"button-icon fa fa-mouse-pointer\"><\/span>PROYECTO DE MOSTRAR<\/a><\/div> <\/div><\/div> <\/div>","protected":false},"excerpt":{"rendered":"<p>Cargando&#8230; PROYECTO DE MOSTRAR<\/p>\n","protected":false},"author":1,"featured_media":0,"parent":0,"menu_order":19,"comment_status":"closed","ping_status":"closed","template":"pro\/page-templates\/boxed-page-with-small-header.php","meta":{"footnotes":""},"class_list":["post-3826","page","type-page","status-publish","hentry"],"_links":{"self":[{"href":"https:\/\/quantumtec.org\/es\/wp-json\/wp\/v2\/pages\/3826","targetHints":{"allow":["GET"]}}],"collection":[{"href":"https:\/\/quantumtec.org\/es\/wp-json\/wp\/v2\/pages"}],"about":[{"href":"https:\/\/quantumtec.org\/es\/wp-json\/wp\/v2\/types\/page"}],"author":[{"embeddable":true,"href":"https:\/\/quantumtec.org\/es\/wp-json\/wp\/v2\/users\/1"}],"replies":[{"embeddable":true,"href":"https:\/\/quantumtec.org\/es\/wp-json\/wp\/v2\/comments?post=3826"}],"version-history":[{"count":0,"href":"https:\/\/quantumtec.org\/es\/wp-json\/wp\/v2\/pages\/3826\/revisions"}],"wp:attachment":[{"href":"https:\/\/quantumtec.org\/es\/wp-json\/wp\/v2\/media?parent=3826"}],"curies":[{"name":"wp","href":"https:\/\/api.w.org\/{rel}","templated":true}]}}