{"id":3831,"date":"2021-08-18T15:02:35","date_gmt":"2021-08-18T13:02:35","guid":{"rendered":"https:\/\/quantumtec.org\/para-las-empresas\/libro-abierto\/"},"modified":"2022-10-25T14:43:22","modified_gmt":"2022-10-25T12:43:22","slug":"sostenibilidad","status":"publish","type":"page","link":"https:\/\/quantumtec.org\/es\/sostenibilidad\/","title":{"rendered":"Sostenibilidad"},"content":{"rendered":"<div data-label=\"nachhaltigkeit\" data-id=\"about--1\" data-export-id=\"about-4\" data-category=\"about\" class=\"about-4 content-section content-section-spacing\" id=\"nachhaltigkeit\" style=\"background-color: rgb(245, 250, 253);\"><div class=\"gridContainer\"> <div class=\"row middle-sm text-center\"><div class=\"col-sm-5 space-bottom-xs\" data-type=\"column\"> <h5 class=\"\">SOSTENIBILIDAD<\/h5> <h2 class=\"\">La forma m\u00e1s pura de locura es dejar todo como est\u00e1<br> <span style=\"font-family: Playfair Display,sans-serif; font-weight: 700; font-style: italic;\" href=\"#\">y al mismo tiempo esperar que algo cambie.<\/span>&nbsp;<\/h2> <p class=\"\">Albert Einstein<\/p> <p class=\"lead\">Los ordenadores, servidores, smartphones y otros dispositivos t\u00e9cnicos requieren un alto nivel de energ\u00eda el\u00e9ctrica. QUANTUM proporciona a los expertos que necesitan esta energ\u00eda para su trabajo diario. Nuestras empleadas tambi\u00e9n utilizan dispositivos electr\u00f3nicos, viajan, son activas. Por desgracia, tambi\u00e9n necesitamos mucha m\u00e1s energ\u00eda de la que podemos producir actualmente con m\u00e9todos renovables.<\/p><\/div> <div class=\"col-sm-7 flexbox center-xs middle-xs image-group-2-img\"> <img decoding=\"async\" class=\"img-1 shadow-large lazy-loaded\" data-size=\"250x200\" src=\"https:\/\/quantumtec.org\/wp-content\/uploads\/2022\/05\/cropped-il-vagabiondo-0YofAnn_UJk-unsplash-scaled-1.jpg\" data-lazy-type=\"image\" data-src=\"https:\/\/quantumtec.org\/wp-content\/uploads\/2022\/05\/cropped-il-vagabiondo-0YofAnn_UJk-unsplash-scaled-1.jpg\" title=\"cropped-il-vagabiondo-0YofAnn_UJk-unsplash-scaled-1.jpg\" alt=\"\"> <img decoding=\"async\" class=\"img-2 shadow-large lazy-loaded\" data-size=\"220x170\" src=\"https:\/\/quantumtec.org\/wp-content\/uploads\/2022\/05\/cropped-clint-mckoy-KZbngViE3v8-unsplash-scaled-1.jpg\" data-lazy-type=\"image\" data-src=\"https:\/\/quantumtec.org\/wp-content\/uploads\/2022\/05\/cropped-clint-mckoy-KZbngViE3v8-unsplash-scaled-1.jpg\" title=\"cropped-clint-mckoy-KZbngViE3v8-unsplash-scaled-1.jpg\" alt=\"\"><\/div> <\/div><\/div> <\/div><div data-label=\"quantum nachhaltigkeit\" data-id=\"content--2\" data-export-id=\"content-19\" data-category=\"content\" class=\"content-19 content-section content-section-spacing white-text\" id=\"quantum-nachhaltigkeit\"><div class=\"\"> <div class=\"row\"><div data-type=\"column\" class=\"col-sm-6 content-col text-center content-section-spacing shadow\"> <p class=\"\" style=\"text-align: center;\"><span style=\"color: rgb(60, 66, 79);\">EVITAR | REUTILIZAR | RECICLAR | RECUPERAR |.&nbsp;<\/span><\/p><i class=\"fa icon fa-leaf big color7\"><\/i> <h2 class=\"font-300\">\u00bfQu\u00e9 hace QUANTUM?<\/h2> <p class=\"black\" style=\"text-align: left;\">Nuestra estrategia est\u00e1 subordinada a ciertos principios y, por tanto, sigue una jerarqu\u00eda universalmente v\u00e1lida de cuatro conceptos:<\/p> <h3 class=\"\" style=\"text-align: left;\"><span style=\"color: rgb(52, 58, 64);\">1. \u00abEVITAR\u00bb<\/span><\/h3><p class=\"\" style=\"text-align: left;\">Intentamos reducir las emisiones de CO2 por principio. Una de nuestras medidas m\u00e1s efectivas en este sentido es la consistente \u00abestrategia de prioridad remota\u00bb que hemos seguido en QUANTUM desde el inicio de nuestras actividades comerciales.\n<br><br>\nUn estudio de la Oficina Federal de Estad\u00edstica muestra que esta medida puede tener efectos extremos. En Alemania, por ejemplo, las emisiones de Co\u00b2 se redujeron un 26% en el a\u00f1o Corona. En cuanto al transporte, hasta el 52% de los gases de efecto invernadero.<\/p> <h3 class=\"\" style=\"text-align: left;\"><span style=\"color: rgb(52, 58, 64);\">2. \u00abREUTILIZAR&nbsp;<\/span><\/h3><p class=\"\" style=\"text-align: left;\">Combinamos el tema de la reutilizaci\u00f3n con una larga vida \u00fatil para nuestros dispositivos electr\u00f3nicos finales. Pasamos de los dispositivos usados y compramos dispositivos reacondicionados en cuanto al rendimiento de estos dispositivos.\n<br><br>\nPor supuesto, no utilizamos ning\u00fan material en papel en nuestra organizaci\u00f3n a distancia: los contratos digitales, los almacenamientos en l\u00ednea y el material de marketing en formato de v\u00eddeo o PDF son los medios elegidos. Lamentablemente, algunas organizaciones siguen exigiendo la firma en un documento original, por lo que seguimos teniendo una impresora en nuestra sede.<\/p><h3 class=\"\" style=\"text-align: left;\"><font color=\"#343a40\">3. \u00abRECICLAJE<\/font><\/h3><p class=\"\" style=\"text-align: left;\">Por supuesto, no utilizamos materiales desechables ni regalos promocionales producidos para un solo uso. Adem\u00e1s, intentamos, en la medida de lo posible, hacer pedidos a nivel regional o que nos los entreguen, y seleccionamos socios y proveedores que tambi\u00e9n se basan en estos valores.<\/p><h3 class=\"\" style=\"text-align: left;\"><span style=\"color: rgb(52, 58, 64);\">4. \u00abRECUPERACI\u00d3N<\/span><\/h3><p class=\"\" style=\"text-align: left;\">Durante mucho tiempo, tambi\u00e9n hemos estado luchando con esta afirmaci\u00f3n, creando propuestas y descart\u00e1ndolas de nuevo. Ahora hemos vinculado este aspecto directamente a nuestro trabajo y al de nuestros candidatos y personal: En todos los proyectos que duran m\u00e1s de tres meses, plantamos \u00e1rboles con nuestro socio<a data-mce-href=\"https:\/\/growmytree.com\/collections\/baeume-pflanzen\" href=\"https:\/\/growmytree.com\/collections\/baeume-pflanzen\" target=\"_blank\" rel=\"noopener\" data-mce-selected=\"inline-boundary\" data-cp-link=\"1\" class=\"\">\u00abGrow my Tree<\/a>\u00ab. Por ejemplo, plantamos once \u00e1rboles para una cooperaci\u00f3n de tres meses, 22 para seis meses y 44 para un a\u00f1o para clientes y aut\u00f3nomos\/empleados. Los certificados se entregan a nuestros clientes, as\u00ed como a los empleados internos y externos, una vez finalizada la cooperaci\u00f3n.<\/p><h5 class=\"\" style=\"text-align: left;\"><span style=\"color: rgb(52, 58, 64);\">\u00bfQu\u00e9 significa eso en t\u00e9rminos concretos?<\/span><\/h5><p class=\"\" style=\"text-align: left;\">En un a\u00f1o de colaboraci\u00f3n, se plantar\u00e1n 44 \u00e1rboles. Estos \u00e1rboles neutralizan 968 kg de CO\u00b2 al a\u00f1o. Esto corresponde a aprox:\n<br><br>\n1 vuelo: Berl\u00edn &#8211; Barcelona (ida) o\n<br><br>\nEl diez por ciento de una emisi\u00f3n media anual de CO2<\/p><img decoding=\"async\" class=\"custom-image lazy-loaded\" src=\"https:\/\/quantumtec.org\/wp-content\/uploads\/2022\/05\/cropped-Desktop-Gruen_4x_410x.webp\" data-lazy-type=\"image\" data-src=\"https:\/\/quantumtec.org\/wp-content\/uploads\/2022\/05\/cropped-Desktop-Gruen_4x_410x.webp\" title=\"cropped-Desktop-Gruen_4x_410x.webp\" alt=\"\"><\/div> <div class=\"col-sm-5 flexbox-strech center-xs middle-xs no-gutter-col\"><div class=\"flexbox middle-xs center-xs right-img\" data-bg=\"image\" style=\"background-image: url(\"https:\/\/quantumtec.org\/wp-content\/uploads\/2022\/05\/cropped-cropped-jukan-tateisi-bJhT_8nbUA0-unsplash-scaled-1.jpg\");\"><\/div><\/div> <\/div><\/div> <\/div><div data-label=\"Avoid Modelle im Nearshoring\" data-id=\"content--5\" data-export-id=\"content-2\" data-category=\"content\" class=\"content-2 content-section content-section-spacing\" id=\"avoid-modelle-im-nearshoring\" style=\"background-color: rgb(245, 250, 253);\"><div class=\"gridContainer\"> <div class=\"row middle-xs\"><div class=\"col-sm-5 bg-image shadow-large-black\" data-bg=\"image\" style=\"background-image: url(\"https:\/\/quantumtec.org\/wp-content\/uploads\/2022\/04\/cropped-cropped-quantum_home_translated.png\");\"><\/div> <div class=\"col-sm-7 full-col-left-padding full-col-right-padding\"> <div class=\"row\"> <div data-type=\"column\" class=\"space-bottom-small content-title-col\"> <h5 class=\"\">SOSTENIBILIDAD Y DESLOCALIZACI\u00d3N<\/h5> <h2 class=\"\">Evitar los modelos de deslocalizaci\u00f3n<\/h2> <p class=\"\">Somos conscientes de que la distancia f\u00edsica y el ajetreo y la velocidad de la vida empresarial cotidiana son dif\u00edciles de conciliar con la cuesti\u00f3n de la reducci\u00f3n de las emisiones de gases de efecto invernadero. Por ejemplo, \u00bfqui\u00e9n quiere conducir durante d\u00edas en coche cuando el destino est\u00e1 a s\u00f3lo dos horas en avi\u00f3n?<\/p><\/div> <\/div> <div class=\"row spaced-cols \" data-type=\"row\"> <div class=\"col-xs-6\" data-type=\"column\">  <p class=\"\">Probablemente el acto de equilibrio de nuestro tiempo: tenemos que globalizarnos, de lo contrario nos quedar\u00edamos atr\u00e1s en Europa. Como \u00abempresa de personas\u00bb, lo notamos todos los d\u00edas. Y la escasez de recursos aumenta considerablemente, al tiempo que crece la necesidad en el mercado de buenos desarrolladores.\n<br><br>\nContribuimos con una peque\u00f1a parte aqu\u00ed y fingimos:<br>\n&#8211; Entrenar antes del vuelo.<br>\n&#8211; Coche (lleno) delante del tren.<br>\n&#8211; Bicicleta delante del coche.<br>\n&#8211; En l\u00ednea antes que fuera de l\u00ednea.\n<br><br>\nEn el caso de los vuelos de negocios que no pueden evitarse, volvemos a compensar el total de CO\u00b2.<\/p><\/div>    <div class=\"col-xs-6\" data-type=\"column\">  <p class=\"\">Y si hay que conducir un coche, que al menos sea el\u00e9ctrico. Por ejemplo, nuestros coches de empresa incluyen dos coches totalmente el\u00e9ctricos.<\/p><\/div><\/div><\/div> <\/div><\/div> <\/div><div data-label=\"Nachhaltigkeitsidee posten\" data-id=\"cta--3\" data-export-id=\"cta-centered-bg-section\" data-category=\"cta\" data-section-ov=\"1\" class=\"cta-centered-bg-section content-section content-section-spacing-medium white-text content-relative\" data-parallax-depth=\"20\" id=\"nachhaltigkeitsidee-posten\" style=\"background-color: rgb(255, 255, 255); background-size: cover; background-position: center top; background-image: url(\"https:\/\/quantumtec.org\/wp-content\/uploads\/2022\/05\/vickholius-nugroho-jt6QxZwSOCQ-unsplash-scaled.jpg\");\"><div class=\"gridContainer\"> <div class=\"row text-center\"><div data-type=\"column\" class=\"\"> <h2 class=\"\">\u00bfTiene alguna sugerencia sobre c\u00f3mo podemos ser a\u00fan m\u00e1s sostenibles?<br><span class=\"font-300\">P\u00f3ngase en contacto con nosotros, \u00a1estamos abiertos a nuevas ideas!<\/span><\/h2> <a class=\"button big color3\" href=\"https:\/\/calendly.com\/_quantum\/_quantum\" target=\"lightbox\" data-cp-link=\"1\" data-icon=\"\" rel=\"noopener\">Danos ideas sostenibles<\/a><\/div> <\/div><\/div> <\/div>","protected":false},"excerpt":{"rendered":"<p>SOSTENIBILIDAD La forma m\u00e1s pura de locura es dejar todo como est\u00e1 y al mismo tiempo esperar que algo cambie.&nbsp; Albert Einstein Los ordenadores, servidores, smartphones y otros dispositivos t\u00e9cnicos requieren un alto nivel de energ\u00eda el\u00e9ctrica. QUANTUM proporciona a los expertos que necesitan esta energ\u00eda para su trabajo diario. Nuestras empleadas tambi\u00e9n utilizan dispositivos&hellip; <br \/> <a class=\"read-more\" href=\"https:\/\/quantumtec.org\/es\/sostenibilidad\/\">Read more<\/a><\/p>\n","protected":false},"author":1,"featured_media":0,"parent":0,"menu_order":8,"comment_status":"closed","ping_status":"closed","template":"pro\/page-templates\/full-width-page.php","meta":{"footnotes":""},"class_list":["post-3831","page","type-page","status-publish","hentry"],"_links":{"self":[{"href":"https:\/\/quantumtec.org\/es\/wp-json\/wp\/v2\/pages\/3831","targetHints":{"allow":["GET"]}}],"collection":[{"href":"https:\/\/quantumtec.org\/es\/wp-json\/wp\/v2\/pages"}],"about":[{"href":"https:\/\/quantumtec.org\/es\/wp-json\/wp\/v2\/types\/page"}],"author":[{"embeddable":true,"href":"https:\/\/quantumtec.org\/es\/wp-json\/wp\/v2\/users\/1"}],"replies":[{"embeddable":true,"href":"https:\/\/quantumtec.org\/es\/wp-json\/wp\/v2\/comments?post=3831"}],"version-history":[{"count":8,"href":"https:\/\/quantumtec.org\/es\/wp-json\/wp\/v2\/pages\/3831\/revisions"}],"predecessor-version":[{"id":5866,"href":"https:\/\/quantumtec.org\/es\/wp-json\/wp\/v2\/pages\/3831\/revisions\/5866"}],"wp:attachment":[{"href":"https:\/\/quantumtec.org\/es\/wp-json\/wp\/v2\/media?parent=3831"}],"curies":[{"name":"wp","href":"https:\/\/api.w.org\/{rel}","templated":true}]}}