{"id":3842,"date":"2018-08-27T09:01:33","date_gmt":"2018-08-27T07:01:33","guid":{"rendered":"https:\/\/quantumtec.org\/inicio\/"},"modified":"2024-10-28T10:14:56","modified_gmt":"2024-10-28T09:14:56","slug":"inicio","status":"publish","type":"page","link":"https:\/\/quantumtec.org\/es\/","title":{"rendered":"Inicio"},"content":{"rendered":"<div id=\"fuer-unternehmen\" class=\"cta-centered-bg-section content-section content-section-spacing-medium white-text sharp_blues\" style=\"background-size: cover; background-position: center top;\" data-label=\"fuer unternehmen\" data-id=\"cta--2\" data-export-id=\"cta-centered-bg-section\" data-category=\"cta\" data-section-ov=\"1\" data-parallax-depth=\"20\">\n<div class=\"gridContainer\">\n<div class=\"row text-center\">\n<div class=\"\" data-type=\"column\">\n<h2 class=\"\"><span style=\"font-family: Poppins, arial, helvetica, sans-serif; font-weight: 300;\">Para las empresas<\/span><\/h2>\n<p class=\"lead\">Descubra nuestro enfoque hol\u00edstico de los servicios: no s\u00f3lo ofrecemos contrataci\u00f3n de aut\u00f3nomos y servicios altamente especializados.<\/p>\nServicios de b\u00fasqueda de ejecutivos de TI, sino que tambi\u00e9n le permiten llevar a cabo un nearshoring eficiente en Espa\u00f1a y un offshoring fuera de Europa.\n\nCon nuestra contrataci\u00f3n interina, le apoyamos de forma flexible y en funci\u00f3n de sus necesidades, todo para optimizar sus necesidades de personal\n\ny darle una ventaja estrat\u00e9gica en el mercado.\n\n<a class=\"button big force-shadow color-white outline\" href=\"https:\/\/quantumtec.org\/fuer-unternehmen\" target=\"_self\" rel=\"noopener\" data-cp-link=\"1\" data-icon=\"\">CONOZCA M\u00c1S &gt;<\/a>\n\n<\/div>\n<\/div>\n<\/div>\n<\/div><div id=\"fuer-kandidaten\" class=\"testimonials-1 content-section content-section-spacing\" style=\"background-color: #ffffff; background-image: none;\" data-label=\"fuer Kandidaten\" data-id=\"testimonials--1\" data-export-id=\"testimonials-1\" data-category=\"testimonials\">\n<div class=\"\">\n<div class=\"row\">\n<div class=\"section-title-col\" data-type=\"column\">\n<h2 class=\"\">Para los solicitantes<\/h2>\n<p class=\"lead\">Bienvenido a nuestra empresa. Como aut\u00f3nomo, encontrar\u00e1 proyectos apasionantes con nosotros, mientras que los directivos tendr\u00e1n la oportunidad de descubrir nuevos \u00e1mbitos de actividad. Nuestra pol\u00edtica de libro abierto garantiza un pago transparente y justo. Nos tuteamos: \u00a1un ambiente relajado para colaborar con \u00e9xito!<\/p>\n<a class=\"button color1\" href=\"https:\/\/quantumtec.org\/karriere\" target=\"_self\" rel=\"noopener\" data-cp-link=\"1\" data-icon=\"\">EMPLEO FIJO<\/a><a class=\"button color1\" href=\"https:\/\/quantumtec.org\/projektausschreibungen\" target=\"_self\" rel=\"noopener\" data-cp-link=\"1\" data-icon=\"\">PROYECTOS FREELANCE<\/a>\n\n<\/div>\n<\/div>\n<div class=\"row spaced-cols content-center-sm\" data-type=\"row\">\n<div class=\"col-sm-4\"><\/div>\n<\/div>\n<\/div>\n<\/div><div id=\"know-how-disziplinen\" class=\"features-12-card-bordered content-section content-section-spacing content-relative malibu_beach section-title-col-\" data-label=\"Know how disziplinen\" data-id=\"features--4\" data-export-id=\"features-12-card-bordered\" data-category=\"features\" data-section-ov=\"1\">\n<div class=\"section-separator-top\"><\/div>\n<div class=\"gridContainer\">\n<div class=\"row text-center\">\n<div class=\"section-title-col\" data-type=\"column\">\n<h2 class=\"\"><span style=\"font-family: Poppins, arial, helvetica, sans-serif;\">Know-how<\/span><\/h2>\n<p class=\"lead\"><span style=\"font-family: Poppins, arial, helvetica, sans-serif;\">Especialistas con experiencia en muchas disciplinas.<\/span><\/p>\n\n<\/div>\n<\/div>\n<div class=\"row spaced-cols\" data-type=\"row\">\n<div class=\"col-sm-6\">\n<div class=\"card row-card bordered y-move\">\n<div class=\"row\">\n<div class=\"col-sm-fit icon-column\"><\/div>\n<div class=\"col-sm\" data-type=\"column\">\n<h5 class=\"color2\"><span style=\"font-family: Poppins, arial, helvetica, sans-serif; color: #3c424f;\">L\u00cdDERES<\/span><\/h5>\n<p class=\"\"><span style=\"font-family: Poppins, arial, helvetica, sans-serif; font-weight: 300;\">Los l\u00edderes inform\u00e1ticos son expertos visionarios en el campo de las tecnolog\u00edas de la informaci\u00f3n que desempe\u00f1an un papel crucial en la direcci\u00f3n estrat\u00e9gica y la gesti\u00f3n de las iniciativas inform\u00e1ticas.<\/span><\/p>\n\n<\/div>\n<\/div>\n<\/div>\n<\/div>\n<div class=\"col-sm-6\">\n<div class=\"card row-card bordered y-move\">\n<div class=\"row\">\n<div class=\"col-sm-fit icon-column\"><\/div>\n<div class=\"col-sm\" data-type=\"column\">\n<h5 class=\"color2\"><span style=\"font-family: Poppins, arial, helvetica, sans-serif; color: #3c424f;\">DESARROLLADORES NEAR- AND OFFSHORE&nbsp;<\/span><\/h5>\n<p class=\"\"><span style=\"font-family: Poppins, arial, helvetica, sans-serif; font-weight: 300;\">Servicios de nearshoring y offshoring para responder con flexibilidad a sus necesidades individuales: Nuestros equipos de desarrolladores cuentan con muchos a\u00f1os de experiencia.<\/span><\/p>\n\n<\/div>\n<\/div>\n<\/div>\n<\/div>\n<div class=\"col-sm-6\">\n<div class=\"card row-card bordered y-move\">\n<div class=\"row\">\n<div class=\"col-sm-fit icon-column\"><\/div>\n<div class=\"col-sm\" data-type=\"column\">\n<h5 class=\"color2\"><span style=\"font-family: Poppins, arial, helvetica, sans-serif; color: #3c424f;\">DESARROLLO<\/span><\/h5>\n<p class=\"\"><span style=\"font-family: Poppins, arial, helvetica, sans-serif; font-weight: 300;\">Nuestros desarrolladores web y de software se distinguen por sus muchos a\u00f1os de experiencia en el trato con la tecnolog\u00eda. En funci\u00f3n de las necesidades, tambi\u00e9n proporcionamos arquitectos, jefes de equipo y directores de tecnolog\u00eda.<\/span><\/p>\n\n<\/div>\n<\/div>\n<\/div>\n<\/div>\n<div class=\"col-sm-6\">\n<div class=\"card row-card bordered y-move\">\n<div class=\"row\">\n<div class=\"col-sm-fit icon-column\"><\/div>\n<div class=\"col-sm\" data-type=\"column\">\n<h5 class=\"color2\"><span style=\"font-family: Poppins, arial, helvetica, sans-serif; color: #3c424f;\">DEVOPS Y ADMINISTRADORES DE SISTEMAS<\/span><\/h5>\n<p class=\"\"><span style=\"font-family: Poppins, arial, helvetica, sans-serif; font-weight: 300;\">Nuestro objetivo es automatizar el proceso de integraci\u00f3n del software, las pruebas y los cambios de infraestructura. Creamos una cultura en la que la creaci\u00f3n, las pruebas y el lanzamiento de software pueden ser r\u00e1pidos y frecuentes.<\/span><\/p>\n\n<\/div>\n<\/div>\n<\/div>\n<\/div>\n<div class=\"col-sm-6\">\n<div class=\"card row-card bordered y-move\">\n<div class=\"row\">\n<div class=\"col-sm-fit icon-column\"><\/div>\n<div class=\"col-sm\" data-type=\"column\">\n<h5 class=\"color2\"><span style=\"font-family: Poppins, arial, helvetica, sans-serif; color: #3c424f;\">DISE\u00d1O DE UI\/UX<\/span><\/h5>\n<p class=\"\"><span style=\"font-family: Poppins, arial, helvetica, sans-serif; font-weight: 300;\">Nos entusiasma la eficacia de la interacci\u00f3n persona-ordenador. Creamos aplicaciones atractivas a trav\u00e9s de los principios del dise\u00f1o universal utilizando m\u00e9todos de mejores pr\u00e1cticas y un enfoque centrado en el usuario.<\/span><\/p>\n\n<\/div>\n<\/div>\n<\/div>\n<\/div>\n<div class=\"col-sm-6\">\n<div class=\"card row-card bordered y-move\">\n<div class=\"row\">\n<div class=\"col-sm-fit icon-column\"><\/div>\n<div class=\"col-sm\" data-type=\"column\">\n<h5 class=\"color2\"><span style=\"font-family: Poppins, arial, helvetica, sans-serif; color: #3c424f;\">PROPIETARIO DEL PRODUCTO Y DIRECTOR DEL PROYECTO<\/span><\/h5>\n<p class=\"\"><span style=\"font-family: Poppins, arial, helvetica, sans-serif; font-weight: 300;\">Para encontrar gestores de productos inspiradores que motiven a los equipos interdisciplinarios a alcanzar el m\u00e1ximo rendimiento, utilizamos nuestra amplia red internacional. Para que las ideas se conviertan en caracter\u00edsticas en el momento oportuno.<\/span><\/p>\n\n<\/div>\n<\/div>\n<\/div>\n<\/div>\n<div class=\"col-sm-6\">\n<div class=\"card row-card bordered y-move\">\n<div class=\"row\">\n<div class=\"col-sm-fit icon-column\"><\/div>\n<div class=\"col-sm\" data-type=\"column\">\n<h5 class=\"color2\"><span style=\"font-family: Poppins, arial, helvetica, sans-serif; color: #3c424f;\">ENTRENADORES AGILES<\/span><\/h5>\n<p class=\"\"><span style=\"font-family: Poppins, arial, helvetica, sans-serif; font-weight: 300;\">\u00bfQuiere mejorar los procesos \u00e1giles o introducir otros nuevos? Tenemos a nuestro alcance a los expertos adecuados, que con mucha experiencia<\/span><span style=\"font-family: Poppins, arial, helvetica, sans-serif; font-weight: 300;\">  hacer que sus equipos sean m\u00e1s flexibles y adaptables.<\/span><\/p>\n\n<\/div>\n<\/div>\n<\/div>\n<\/div>\n<div class=\"col-sm-6\">\n<div class=\"card row-card bordered y-move\">\n<div class=\"row\">\n<div class=\"col-sm-fit icon-column\"><\/div>\n<div class=\"col-sm\" data-type=\"column\">\n<h5 class=\"color2\"><span style=\"font-family: Poppins, arial, helvetica, sans-serif; color: #3c424f;\">SCRUM MASTER<\/span><\/h5>\n<p class=\"\"><span style=\"font-family: Poppins, arial, helvetica, sans-serif; font-weight: 300;\">\u00bfScrum? \u00bfKanban? \u00bfScrumban? \u00bfO \u00abFunban\u00bb? No importa, lo principal es que se adapte a ti y a tus equipos. Nosotros proporcionamos los expertos adecuados para ello.<\/span><\/p>\n\n<\/div>\n<\/div>\n<\/div>\n<\/div>\n<\/div>\n<\/div>\n<\/div><div id=\"freelancer-nearshoring-direct-search\" class=\"overlappable-4 content-section content-section-spacing\" style=\"background-color: #ffffff;\" data-label=\"freelancer nearshoring direct search\" data-id=\"overlappable--1\" data-export-id=\"overlappable-4\" data-category=\"overlappable\" data-overlap=\"true\">\n<div class=\"gridContainer\">\n<div class=\"row spaced-cols text-center center-sm content-center-sm\" data-type=\"row\">\n<div class=\"col-xs-12 col-sm-4 col-padding\"><i class=\"fa icon shadow-large-black aligncenter fa-rocket reverse round big color1\"><\/i>\n<div class=\"\" data-type=\"column\">\n<h5 class=\"\"><span style=\"font-family: Poppins, arial, helvetica, sans-serif;\">FREELANCER<\/span><\/h5>\n<p class=\"\"><span style=\"font-family: Poppins, arial, helvetica, sans-serif; font-weight: 300;\">Elija el mejor candidato de nuestra red de especialistas en TI.<\/span><\/p>\n<a class=\"button color1\" href=\"https:\/\/quantumtec.org\/freelancer-2\" target=\"_self\" rel=\"noopener\" data-cp-link=\"1\" data-icon=\"\">M\u00c1S SOBRE EL TRABAJO AUT\u00d3NOMO<\/a>\n\n<\/div>\n<\/div>\n<div class=\"col-xs-12 col-sm-4 col-padding\"><i class=\"fa icon shadow-large-black aligncenter fa-globe reverse round big color1\"><\/i>\n<div class=\"\" data-type=\"column\">\n<h5 class=\"\">CERCA DE SHORING<\/h5>\n<p class=\"\"><span style=\"font-family: Poppins, arial, helvetica, sans-serif; font-weight: 300;\">Realice proyectos con equipos de desarrollo adaptados a sus necesidades.<\/span><\/p>\n<a class=\"button color1\" href=\"https:\/\/quantumtec.org\/offshoring-services\" target=\"_self\" rel=\"noopener\" data-cp-link=\"1\" data-icon=\"\">M\u00c1S SOBRE LA DESLOCALIZACI\u00d3N<\/a>\n\n<\/div>\n<\/div>\n<\/div>\n<\/div>\n<\/div><div id=\"content-1\" class=\"content-2 content-section content-section-spacing white-text\" style=\"background-size: cover; background-position: center top; background-image: none; background-color: #343a40;\" data-label=\"Content\" data-id=\"content--1\" data-export-id=\"content-2\" data-category=\"content\">\n<div>\n<div class=\"row middle-xs\">\n<div class=\"col-sm-5 bg-image shadow-large-black\" style=\"background-image: url('https:\/\/quantumtec.org\/wp-content\/uploads\/2021\/03\/cropped-cropped-cropped-cropped-cropped-Bildschirmfoto-2021-03-08-um-12.37.54-1-1-1.png');\" data-bg=\"image\"><\/div>\n<div class=\"col-sm-7 full-col-left-padding full-col-right-padding\">\n<div class=\"row\">\n<div class=\"space-bottom-small content-title-col\" data-type=\"column\">\n<h5 class=\"\">MODO DE TRABAJO<\/h5>\n<h2 class=\"\">Los mejores expertos para sus proyectos. La experiencia te da ventaja.<\/h2>\n<p class=\"lead\" style=\"text-align: left;\"><span style=\"font-family: Poppins, arial, helvetica, sans-serif;\">Nos centramos en m\u00e9todos innovadores. Adoptamos un enfoque relajado de Scrum, Kanban, MVPs, POCs y otros enfoques \u00e1giles. Le guiaremos a trav\u00e9s del dise\u00f1o centrado en el usuario, los principios lean, las iteraciones, los sprints y el dise\u00f1o de hojas de ruta y puntos de historia, para que sus proyectos tengan \u00e9xito y est\u00e9n orientados al futuro.<\/span><\/p>\n<p class=\"lead\" style=\"text-align: left;\"><span style=\"font-family: Poppins, arial, helvetica, sans-serif;\">Nuestros candidatos est\u00e1n a la \u00faltima. Conoce a fondo los valores empresariales, domina el arte del pensamiento de dise\u00f1o y es un experto en la definici\u00f3n y el seguimiento de los indicadores clave de rendimiento. Con su experiencia, no s\u00f3lo dan forma a proyectos de \u00e9xito, sino que tambi\u00e9n contribuyen significativamente al \u00e9xito empresarial.<\/span><\/p>\nGoogle Analytics&nbsp; &nbsp; &nbsp;Dirigido por las pruebas&nbsp;  Temporalizaci\u00f3n&nbsp; &nbsp;Atrasos&nbsp; &nbsp; &nbsp;Confluencia&nbsp; &nbsp; &nbsp;Jira&nbsp; &nbsp; &nbsp;Sprintbacklogs&nbsp; &nbsp; &nbsp;Autogesti\u00f3n\n\n<\/div>\n<\/div>\n<div class=\"row spaced-cols \" data-type=\"row\">\n<div class=\"col-xs-6\" data-type=\"column\"><\/div>\n<\/div>\n<\/div>\n<\/div>\n<\/div>\n<\/div><div id=\"cta-1\" class=\"cta-centered-bg-section content-section content-section-spacing-medium white-text\" style=\"background-color: #ffffff; background-image: url('https:\/\/quantumtec.org\/wp-content\/uploads\/2020\/12\/laptop-2838921_1920.jpg'); background-size: cover; background-position: center top;\" data-label=\"Cta\" data-id=\"cta--1\" data-export-id=\"cta-centered-bg-section\" data-category=\"cta\" data-section-ov=\"1\" data-parallax-depth=\"20\">\n<div class=\"gridContainer\">\n<div class=\"row text-center\">\n<div class=\"\" data-type=\"column\">\n<h2 class=\"\"><span style=\"font-family: Poppins, arial, helvetica, sans-serif;\">\u00bfProyectos en marcha y sin recursos libres?<\/span><\/h2>\n<\/div>\n<\/div>\n<\/div>\n<\/div><div id=\"team-1\" class=\"team-3 content-section content-section-spacing content-relative\" style=\"background-color: rgba(255, 255, 255, 0); background-image: none;\" data-label=\"Team\" data-id=\"team--1\" data-export-id=\"team-3\" data-category=\"team\">\n<div class=\"\">\n<div class=\"row space-bottom text-center\">\n<div class=\"section-title-col col-xs-12 col-sm-12\" data-type=\"column\">\n<h2 class=\"\"><span style=\"font-family: Poppins, arial, helvetica, sans-serif;\">Ofrecemos al personal,<\/span><\/h2>\nnecesitas\n<h3 class=\"font-300\"><span style=\"font-family: Poppins, arial, helvetica, sans-serif;\">\u00bfBusca aut\u00f3nomos, un equipo completo o un nuevo colega?\n<\/span>\n<span style=\"font-family: Poppins, arial, helvetica, sans-serif;\">Tienes la posibilidad de elegir:<\/span><\/h3>\n<\/div>\n<\/div>\n<div class=\"row spaced-cols center-sm content-center-sm\" data-type=\"row\">\n<div class=\"col-xs-12 col-sm-6 col-md-3 portfolio-item\">\n<div class=\"contentswap-effect visible cs-portfolio-1\" data-hover-fx=\"portfolio-1\">\n<div class=\"initial-image\"><img decoding=\"async\" class=\"lazy-loaded\" src=\"https:\/\/quantumtec.org\/wp-content\/uploads\/2020\/12\/cropped-woman-3060784_1920.jpg\" data-size=\"500x500\" data-lazy-type=\"image\" data-src=\"https:\/\/quantumtec.org\/wp-content\/uploads\/2020\/12\/cropped-woman-3060784_1920.jpg\"><\/div>\n<div class=\"overlay grad-180-transparent-color-black\"><\/div>\n<div class=\"swap-inner col-xs-12\">\n<div class=\"row full-height-row bottom-xs\">\n<div class=\"col-xs-12 text-center content-holder\">\n<h4 class=\"color-white font-500\">B\u00daSQUEDA DE DIRECTIVOS<\/h4>\n<p class=\"small color-white\" style=\"font-style: italic;\">L\u00edderes experimentados, abordados con discreci\u00f3n y rapidez<\/p>\n\n<\/div>\n<\/div>\n<\/div>\n<\/div>\n<a class=\"button color1 outline\" href=\"https:\/\/quantumtec.org\/it-executive-search\" target=\"_blank\" rel=\"noopener\" data-cp-link=\"1\" data-icon=\"\">M\u00c1S INFO<\/a>\n\n<\/div>\n<div class=\"col-xs-12 col-sm-6 col-md-3 portfolio-item\">\n<div class=\"contentswap-effect visible cs-portfolio-1\" data-hover-fx=\"portfolio-1\">\n<div class=\"initial-image\"><img decoding=\"async\" class=\"lazy-loaded\" src=\"https:\/\/quantumtec.org\/wp-content\/uploads\/2020\/12\/cropped-patrick-tomasso-fMntI8HAAB8-unsplash-scaled-1.jpg\" data-size=\"500x500\" data-lazy-type=\"image\" data-src=\"https:\/\/quantumtec.org\/wp-content\/uploads\/2020\/12\/cropped-patrick-tomasso-fMntI8HAAB8-unsplash-scaled-1.jpg\"><\/div>\n<div class=\"overlay grad-180-transparent-color-black\"><\/div>\n<div class=\"swap-inner col-xs-12\">\n<div class=\"row full-height-row bottom-xs\">\n<div class=\"col-xs-12 text-center content-holder\">\n<h4 class=\"color-white font-500\">NEARSHORING<\/h4>\n<p class=\"small color-white\" style=\"font-style: italic;\">Cubrir las vacantes de personal especializado y directivo a distancia en otros pa\u00edses europeos<\/p>\n\n<\/div>\n<\/div>\n<\/div>\n<\/div>\n<a class=\"button color1 outline\" href=\"https:\/\/quantumtec.org\/nearshoring\" target=\"_blank\" rel=\"noopener\" data-cp-link=\"1\" data-icon=\"\">M\u00c1S INFO<\/a>\n\n<\/div>\n<div class=\"col-xs-12 col-sm-6 col-md-3 portfolio-item\">\n<div class=\"contentswap-effect visible cs-portfolio-1\" data-hover-fx=\"portfolio-1\">\n<div class=\"initial-image\"><img decoding=\"async\" class=\"lazy-loaded\" src=\"https:\/\/quantumtec.org\/wp-content\/uploads\/2022\/04\/cropped-cropped-parabol-JFyZKVIxtq0-unsplash-scaled-1.jpg\" data-size=\"500x500\" data-lazy-type=\"image\" data-src=\"https:\/\/quantumtec.org\/wp-content\/uploads\/2022\/04\/cropped-cropped-parabol-JFyZKVIxtq0-unsplash-scaled-1.jpg\"><\/div>\n<div class=\"overlay grad-180-transparent-color-black\"><\/div>\n<div class=\"swap-inner col-xs-12\">\n<div class=\"row full-height-row bottom-xs\">\n<div class=\"col-xs-12 text-center content-holder\">\n<h4 class=\"color-white font-500\">FREELANCER<\/h4>\n<p class=\"small color-white\" style=\"font-style: italic;\">Expertos con experiencia, rumbo al \u00e9xito para usted en poco tiempo<\/p>\n\n<\/div>\n<\/div>\n<\/div>\n<\/div>\n<a class=\"button color1 outline\" href=\"https:\/\/quantumtec.org\/freelancer-2\" target=\"_blank\" rel=\"noopener\" data-cp-link=\"1\" data-icon=\"\">M\u00c1S INFO<\/a>\n\n<\/div>\n<\/div>\n<\/div>\n<\/div><div id=\"clients-4\" class=\"clients-4 content-section content-section-spacing-small\" style=\"background-color: #ffffff;\" data-label=\"Clients\" data-id=\"clients--4\" data-export-id=\"clients-4\" data-category=\"clients\">\n<div class=\"\">\n<div class=\"row\">\n<div class=\"section-title-col\" data-type=\"column\">\n<h2 class=\"font-700\"><span style=\"font-family: Poppins, arial, helvetica, sans-serif; font-weight: 400;\">Selecci\u00f3n de clientes<\/span><\/h2>\n<\/div>\n<\/div>\n<div class=\"row spaced-cols middle-xs center-xs space-bottom padding-lr\" data-type=\"row\">\n<div class=\"col-xs-6 col-sm-2 col-md-1\"><a class=\"\" href=\"#\" target=\"_self\" rel=\"noopener\" data-cp-link=\"1\"><img decoding=\"async\" class=\"lazy-loaded\" title=\"cropped-1200px-Gutefrage.net_Logo_2019.svg_-1.png\" src=\"https:\/\/quantumtec.org\/wp-content\/uploads\/2021\/03\/cropped-1200px-Douglas_Logo.svg_-3.png\" alt=\"\" data-lazy-type=\"image\" data-src=\"https:\/\/quantumtec.org\/wp-content\/uploads\/2021\/03\/cropped-1200px-Douglas_Logo.svg_-3.png\"><\/a><\/div>\n<div class=\"col-xs-6 col-sm-2 col-md-1\"><img decoding=\"async\" class=\"lazy-loaded\" title=\"cropped-logo-1024x193-1-1.png\" src=\"https:\/\/quantumtec.org\/wp-content\/uploads\/2021\/03\/cropped-logo-1024x193-1-1.png\" alt=\"\" data-lazy-type=\"image\" data-src=\"https:\/\/quantumtec.org\/wp-content\/uploads\/2021\/03\/cropped-logo-1024x193-1-1.png\"><\/div>\n<div class=\"col-xs-6 col-sm-2 col-md-1\"><img decoding=\"async\" class=\"lazy-loaded\" title=\"cropped-1200px-Gutefrage.net_Logo_2019.svg_-4.png\" src=\"https:\/\/quantumtec.org\/wp-content\/uploads\/2021\/03\/cropped-1200px-Gutefrage.net_Logo_2019.svg_-4.png\" alt=\"\" data-lazy-type=\"image\" data-src=\"https:\/\/quantumtec.org\/wp-content\/uploads\/2021\/03\/cropped-1200px-Gutefrage.net_Logo_2019.svg_-4.png\"><\/div>\n<div class=\"col-xs-6 col-sm-2 col-md-1\"><img decoding=\"async\" class=\"lazy-loaded\" title=\"cropped-Avatar_HolidayCheck-1.png\" src=\"https:\/\/quantumtec.org\/wp-content\/uploads\/2021\/03\/cropped-Avatar_HolidayCheck-1.png\" alt=\"\" data-lazy-type=\"image\" data-src=\"https:\/\/quantumtec.org\/wp-content\/uploads\/2021\/03\/cropped-Avatar_HolidayCheck-1.png\"><\/div>\n<div class=\"col-xs-6 col-sm-2 col-md-1\"><img decoding=\"async\" class=\"lazy-loaded\" title=\"ING-DiBa\" src=\"https:\/\/quantumtec.org\/wp-content\/uploads\/2021\/03\/2000px-ING-DiBa-Logo.svg_.png\" alt=\"\" data-lazy-type=\"image\" data-src=\"https:\/\/quantumtec.org\/wp-content\/uploads\/2021\/03\/2000px-ING-DiBa-Logo.svg_.png\"><\/div>\n<div class=\"col-xs-6 col-sm-2 col-md-1\"><img decoding=\"async\" class=\"lazy-loaded\" title=\"Scout24\" src=\"https:\/\/quantumtec.org\/wp-content\/uploads\/2021\/03\/Scout24_Logo_w3000px.png\" alt=\"\" data-lazy-type=\"image\" data-src=\"https:\/\/quantumtec.org\/wp-content\/uploads\/2021\/03\/Scout24_Logo_w3000px.png\"><\/div>\n<div class=\"col-xs-6 col-sm-2 col-md-1\"><img decoding=\"async\" class=\"lazy-loaded\" title=\"Swisscom\" src=\"https:\/\/quantumtec.org\/wp-content\/uploads\/2021\/03\/2000px-Logo_Swisscom.svg_.png\" alt=\"\" data-lazy-type=\"image\" data-src=\"https:\/\/quantumtec.org\/wp-content\/uploads\/2021\/03\/2000px-Logo_Swisscom.svg_.png\"><\/div>\n<div class=\"col-xs-6 col-sm-2 col-md-1\"><a class=\"\" href=\"#\" target=\"_self\" rel=\"noopener\" data-cp-link=\"1\"><img decoding=\"async\" class=\"lazy-loaded\" title=\"cropped-1200px-Gutefrage.net_Logo_2019.svg_-1.png\" src=\"https:\/\/quantumtec.org\/wp-content\/uploads\/2021\/03\/cropped-teamviewer-2x-1.png\" alt=\"\" data-lazy-type=\"image\" data-src=\"https:\/\/quantumtec.org\/wp-content\/uploads\/2021\/03\/cropped-teamviewer-2x-1.png\"><\/a><\/div>\n<\/div>\n<\/div>\n<\/div>","protected":false},"excerpt":{"rendered":"<p>Para las empresas Descubra nuestro enfoque hol\u00edstico de los servicios: no s\u00f3lo ofrecemos contrataci\u00f3n de aut\u00f3nomos y servicios altamente especializados. Servicios de b\u00fasqueda de ejecutivos de TI, sino que tambi\u00e9n le permiten llevar a cabo un nearshoring eficiente en Espa\u00f1a y un offshoring fuera de Europa. Con nuestra contrataci\u00f3n interina, le apoyamos de forma flexible&hellip; <br \/> <a class=\"read-more\" href=\"https:\/\/quantumtec.org\/es\/\">Read more<\/a><\/p>\n","protected":false},"author":1,"featured_media":0,"parent":0,"menu_order":0,"comment_status":"closed","ping_status":"closed","template":"page-templates\/homepage.php","meta":{"footnotes":""},"class_list":["post-3842","page","type-page","status-publish","hentry"],"_links":{"self":[{"href":"https:\/\/quantumtec.org\/es\/wp-json\/wp\/v2\/pages\/3842","targetHints":{"allow":["GET"]}}],"collection":[{"href":"https:\/\/quantumtec.org\/es\/wp-json\/wp\/v2\/pages"}],"about":[{"href":"https:\/\/quantumtec.org\/es\/wp-json\/wp\/v2\/types\/page"}],"author":[{"embeddable":true,"href":"https:\/\/quantumtec.org\/es\/wp-json\/wp\/v2\/users\/1"}],"replies":[{"embeddable":true,"href":"https:\/\/quantumtec.org\/es\/wp-json\/wp\/v2\/comments?post=3842"}],"version-history":[{"count":15,"href":"https:\/\/quantumtec.org\/es\/wp-json\/wp\/v2\/pages\/3842\/revisions"}],"predecessor-version":[{"id":8035,"href":"https:\/\/quantumtec.org\/es\/wp-json\/wp\/v2\/pages\/3842\/revisions\/8035"}],"wp:attachment":[{"href":"https:\/\/quantumtec.org\/es\/wp-json\/wp\/v2\/media?parent=3842"}],"curies":[{"name":"wp","href":"https:\/\/api.w.org\/{rel}","templated":true}]}}