{"id":3948,"date":"2021-10-27T18:05:07","date_gmt":"2021-10-27T16:05:07","guid":{"rendered":"https:\/\/quantumtec.org\/para-las-empresas\/radar-de-habilidades\/"},"modified":"2022-10-25T14:42:34","modified_gmt":"2022-10-25T12:42:34","slug":"radar-de-habilidades","status":"publish","type":"page","link":"https:\/\/quantumtec.org\/es\/radar-de-habilidades\/","title":{"rendered":"Radar de habilidades"},"content":{"rendered":"<div data-label=\"sweet kick\" data-id=\"content--1\" data-export-id=\"content-9\" data-category=\"content\" class=\"content-9 content-section content-section-spacing\" id=\"sweet-kick\" style=\"background-color: rgb(255, 255, 255);\"><div class=\"\"> <div class=\"row text-center\"><div class=\"section-title-col\" data-type=\"column\"> <h2 class=\"\">El radar de habilidades<\/h2> <h3 class=\"\">M\u00e1s r\u00e1pido para el freelancer de su elecci\u00f3n<\/h3><p class=\"\" style=\"text-align: center;\">Estamos ampliando la oferta para expertos con el llamado \u00abRadar de habilidades\u00bb. Esta herramienta, que utilizamos para todas las licitaciones de proyectos y mandatos directos, muestra la idoneidad profesional del candidato de un vistazo.\n<br><br>\nQui\u00e9n no conoce la situaci\u00f3n cuando salta la chispa, cuando queda claro que \u00abeste es nuestro candidato ideal\u00bb. A nuestros clientes les encanta esta sensaci\u00f3n, y a nuestros candidatos tambi\u00e9n. Damos una respuesta tecnol\u00f3gica a este momento, que a menudo se siente como el disfrute de un manjar. Se llama \u00abRadar de habilidades\u00bb y funciona de la siguiente manera:\n<br><br>\nPor lo general, nuestros clientes saben exactamente lo que su candidato deseado debe aportar. Experiencia profesional, conocimientos del sector, multiling\u00fcismo y conocimientos tecnol\u00f3gicos especializados, por ejemplo. Por lo general, se trata de la experiencia, la formaci\u00f3n y los conocimientos de los que carece la organizaci\u00f3n en ese momento.<\/p><h3 class=\"\">El ajuste correcto gracias a la autoevaluaci\u00f3n<\/h3><p class=\"\" style=\"text-align: left;\">Instalamos este m\u00e9todo al principio del proceso. Una autoevaluaci\u00f3n del candidato basada en los requisitos del cliente. El experto se eval\u00faa a s\u00ed mismo en una especie de encuesta flash sobre los diferentes requisitos y puede complementar las entradas cuantificadas con informaci\u00f3n adicional. La ventaja es obvia: los responsables de la toma de decisiones, pero tambi\u00e9n los propios candidatos, se hacen r\u00e1pidamente una idea de su idoneidad para estos requisitos especiales.<\/p><h3 class=\"\">La informaci\u00f3n correcta es lo que cuenta<\/h3><p class=\"\" style=\"text-align: left;\">Nuestros clientes obtienen una visi\u00f3n clara de los detalles de los candidatos en la primera sesi\u00f3n informativa y pueden as\u00ed determinar y priorizar r\u00e1pidamente qui\u00e9nes son los que se cuestionan.<\/p><\/div> <\/div> <div class=\"row space-bottom text-center\" data-type=\"row\">   <div class=\"col-sm-4 col-padding-small\">  <\/div> <\/div> <div class=\"row center-xs middle-xs\"> <div class=\"col-sm-12\" data-type=\"column\">  <\/div><\/div> <\/div><\/div><div data-label=\"Features\" data-id=\"features--1\" data-export-id=\"features-13-card-bordered\" data-category=\"features\" class=\"features-13 content-section content-section-spacing\" id=\"features-1\" style=\"background-color: rgb(255, 255, 255);\"><div class=\"\"> <div class=\"row text-center\"><div class=\"section-title-col\" data-type=\"column\"> <h2 class=\"\">Las ventajas<\/h2> <p class=\"lead\">Reconocemos ventajas decisivas en este m\u00e9todo en comparaci\u00f3n con el enfoque cl\u00e1sico:<\/p><\/div> <\/div> <div class=\"row spaced-cols content-center-sm\" data-type=\"row\"> <div class=\"col-sm-4\"> <div class=\"card bordered y-move\" data-type=\"column\"> <i class=\"fa icon fa-clock-o reverse round big color1\"><\/i> <h4 class=\"\">AHORRO DE TIEMPO<\/h4> <p class=\"\">Por parte del cliente y de los candidatos.\n<\/p> <\/div> <\/div> <div class=\"col-sm-4\"> <div class=\"card bordered y-move\" data-type=\"column\"> <i class=\"fa icon fa-users reverse round big color1\"><\/i> <h4 class=\"\">MENOS ENTREVISTAS INNECESARIAS<\/h4> <p class=\"\">Tiempos de respuesta m\u00e1s r\u00e1pidos para los candidatos adecuados.<\/p> <\/div> <\/div> <div class=\"col-sm-4\"> <div class=\"card bordered y-move\" data-type=\"column\"> <i class=\"fa icon fa-flag-checkered reverse round big color1\"><\/i> <h4 class=\"\">MEJORES DECISIONES<\/h4> <p class=\"\">En las primeras etapas del proceso, tomadas sobre la base de los hechos.<\/p> <\/div> <\/div><\/div> <\/div><\/div><div data-label=\"Portfolio\" data-id=\"portfolio--1\" data-export-id=\"portfolio-6\" data-category=\"portfolio\" class=\"portfolio-6 content-section content-section-spacing\" id=\"portfolio-1\" style=\"background-color: rgb(255, 255, 255);\"><div class=\"\"> <div class=\"row text-center\"><div class=\"section-title-col\" data-type=\"column\"> <h2 class=\"\">Su candidato de un vistazo<\/h2> <p class=\"lead\">Adem\u00e1s de una clasificaci\u00f3n num\u00e9rica, el aut\u00f3nomo tiene la oportunidad de evaluarse a s\u00ed mismo y a sus cualificaciones. Esta es la base de nuestras llamadas de una hora con los candidatos, durante las cuales les informamos sobre la tarea, las condiciones marco y la cultura de la organizaci\u00f3n encargada. En la misma entrevista, preguntamos a las personas sobre sus cualificaciones y experiencia en las \u00e1reas requeridas.<\/p><\/div> <\/div> <div class=\"row space-bottom spaced-cols center-sm\" data-type=\"row\"> <div class=\"col-xs-12 col-sm-4 text-center\"> <div class=\"card no-padding \"> <div data-hover-fx=\"portfolio-5\" class=\"contentswap-effect\"> <div class=\"initial-image\"> <img decoding=\"async\" class=\"lazy-loaded\" data-size=\"500x333\" src=\"https:\/\/quantumtec.org\/wp-content\/uploads\/2021\/12\/cropped-Bildschirmfoto-2021-12-09-um-09.02.15.png\" data-lazy-type=\"image\" data-src=\"https:\/\/quantumtec.org\/wp-content\/uploads\/2021\/12\/cropped-Bildschirmfoto-2021-12-09-um-09.02.15.png\"><\/div> <div class=\"overlay bg-color6\"><\/div> <div class=\"swap-inner col-xs-12\"> <div class=\"row full-height-row middle-xs middle-sm\"> <div class=\"col-xs-12 text-center content-holder\"> <a href=\"https:\/\/quantumtec.org\/skill-radar-product-owner-mobile-shopping-app\" target=\"lightbox\" rel=\"noopener\"><i class=\"fa icon portfolio-icon fa-search small color-white\" aria-hidden=\"true\"><\/i><\/a><\/div> <\/div><\/div> <\/div> <div class=\"space-bottom space-top col-xs-12\" data-type=\"column\"> <h4 class=\"\">Clasificaci\u00f3n de los conocimientos t\u00e9cnicos<\/h4> <p class=\"small italic\">Aqu\u00ed el candidato se asigna a s\u00ed mismo una puntuaci\u00f3n para las \u00e1reas requeridas.\n<br><br>\nAdem\u00e1s, la persona que rellena el formulario tiene la opci\u00f3n de hacer sus propios comentarios, que ponemos a disposici\u00f3n de nuestros clientes.<\/p><\/div> <\/div><\/div>   <\/div> <div class=\"row\"> <div data-type=\"column\" class=\"col-xs-12 text-center\"> <\/div> <\/div><\/div> <\/div>","protected":false},"excerpt":{"rendered":"<p>El radar de habilidades M\u00e1s r\u00e1pido para el freelancer de su elecci\u00f3nEstamos ampliando la oferta para expertos con el llamado \u00abRadar de habilidades\u00bb. Esta herramienta, que utilizamos para todas las licitaciones de proyectos y mandatos directos, muestra la idoneidad profesional del candidato de un vistazo. Qui\u00e9n no conoce la situaci\u00f3n cuando salta la chispa, cuando&hellip; <br \/> <a class=\"read-more\" href=\"https:\/\/quantumtec.org\/es\/radar-de-habilidades\/\">Read more<\/a><\/p>\n","protected":false},"author":1,"featured_media":0,"parent":0,"menu_order":13,"comment_status":"closed","ping_status":"closed","template":"pro\/page-templates\/full-width-page.php","meta":{"footnotes":""},"class_list":["post-3948","page","type-page","status-publish","hentry"],"_links":{"self":[{"href":"https:\/\/quantumtec.org\/es\/wp-json\/wp\/v2\/pages\/3948","targetHints":{"allow":["GET"]}}],"collection":[{"href":"https:\/\/quantumtec.org\/es\/wp-json\/wp\/v2\/pages"}],"about":[{"href":"https:\/\/quantumtec.org\/es\/wp-json\/wp\/v2\/types\/page"}],"author":[{"embeddable":true,"href":"https:\/\/quantumtec.org\/es\/wp-json\/wp\/v2\/users\/1"}],"replies":[{"embeddable":true,"href":"https:\/\/quantumtec.org\/es\/wp-json\/wp\/v2\/comments?post=3948"}],"version-history":[{"count":1,"href":"https:\/\/quantumtec.org\/es\/wp-json\/wp\/v2\/pages\/3948\/revisions"}],"predecessor-version":[{"id":5616,"href":"https:\/\/quantumtec.org\/es\/wp-json\/wp\/v2\/pages\/3948\/revisions\/5616"}],"wp:attachment":[{"href":"https:\/\/quantumtec.org\/es\/wp-json\/wp\/v2\/media?parent=3948"}],"curies":[{"name":"wp","href":"https:\/\/api.w.org\/{rel}","templated":true}]}}