{"id":4656,"date":"2022-05-13T12:58:48","date_gmt":"2022-05-13T10:58:48","guid":{"rendered":"https:\/\/quantumtec.org\/para-las-empresas\/libro-abierto-2\/"},"modified":"2022-10-25T14:42:37","modified_gmt":"2022-10-25T12:42:37","slug":"libro-abierto-2","status":"publish","type":"page","link":"https:\/\/quantumtec.org\/es\/libro-abierto-2\/","title":{"rendered":"Pol\u00edtica de Libro Abierto"},"content":{"rendered":"<div data-label=\"open book\" data-id=\"content--6\" data-export-id=\"content-12\" data-category=\"content\" class=\"content-12 content-section content-section-spacing\" id=\"open-book\" style=\"background-color: rgb(245, 250, 253);\"><div class=\"gridContainer\"> <div class=\"row text-center\"><div class=\"section-title-col\" data-type=\"column\"> <h2 class=\"\">Pol\u00edtica de Libro Abierto<\/h2> <p class=\"lead\" style=\"text-align: left;\"><br>En una cooperaci\u00f3n s\u00f3lida y a largo plazo, creemos que cumplir las promesas forma parte de los buenos modales tanto como hacer transparentes los m\u00e1rgenes. Por lo tanto, nos adherimos estrictamente a nuestra Pol\u00edtica de Libro Abierto autoimpuesta en todas las \u00e1reas de nuestros servicios, ya sea como freelance o en el extranjero con nuestra hermana de nearshoring Quantum International M\u00e1laga S.L..  <\/p><p class=\"\" style=\"text-align: left;\"><span style=\"font-family: \"Open Sans\", arial, helvetica, sans-serif; font-weight: 300;\">Creemos que los productos justos deben declarar sus ingredientes. Y posiblemente tambi\u00e9n las cadenas de suministro.\n<\/span><br><span style=\"font-family: \"Open Sans\", arial, helvetica, sans-serif; font-weight: 300;\">\nAl final, el comprador quiere saber qui\u00e9n gana en cada extremo y cu\u00e1nto.\n<\/span><br><span style=\"font-family: \"Open Sans\", arial, helvetica, sans-serif; font-weight: 300;\">\nEsta actitud se manifiesta en la transparencia de nuestros m\u00e1rgenes. En la zona D-A-CH, es del quince por ciento para los aut\u00f3nomos.\n<\/span><br><span style=\"font-family: \"Open Sans\", arial, helvetica, sans-serif; font-weight: 300;\">\nEn el nearshoring, divulgamos los sueldos de nuestro personal fijo y trabajamos con Importes de Colaboraci\u00f3n que cubren nuestros beneficios.<\/span><\/p><\/div> <\/div> <div class=\"row center-xs middle-xs\"> <div class=\"col-sm-9\" data-type=\"column\"> <\/div> <\/div><\/div> <\/div><div data-label=\"open book freelancing\" data-id=\"content--3\" data-export-id=\"content-7\" data-category=\"content\" class=\"content-7 content-section content-section-spacing\" id=\"open-book-freelancing\" style=\"background-color: rgb(255, 255, 255);\"><div class=\"gridContainer\"> <div class=\"row middle-sm\"><div class=\"col-sm-6 space-bottom-xs\" data-type=\"column\"> <p class=\"\">FREELANCING<\/p><h2 class=\"\">Libro abierto: margen abierto<\/h2> <p class=\"\">En el sector de los aut\u00f3nomos en Alemania, Austria y Suiza, hemos acordado un margen del ocho al trece por ciento en toda la empresa.\n<br><br>\nPara las b\u00fasquedas fuera de nuestras competencias principales (en D-A CH se trata de roles como Product Owner, Scrum Master y Coaches, User Experience Designer, Developer y Dev Ops) que no podemos atender nosotros mismos en un plazo de cuatro semanas, recurrimos a proveedores especializados que nos proporcionan candidatos adecuados. En este caso, garantizamos un margen m\u00e1ximo del quince por ciento garantizado.<br>\n<\/p> <img decoding=\"async\" class=\"custom-image lazy-loaded\" src=\"https:\/\/quantumtec.org\/wp-content\/uploads\/2021\/08\/cropped-openbookpolicy_quantum_international-1-3.jpg\" data-lazy-type=\"image\" data-src=\"https:\/\/quantumtec.org\/wp-content\/uploads\/2021\/08\/cropped-openbookpolicy_quantum_international-1-3.jpg\" title=\"cropped-openbookpolicy_quantum_international-1-3.jpg\" alt=\"\"><\/div> <div class=\"col-sm-6\" data-type=\"column\"> <\/div> <\/div><\/div> <\/div><div data-label=\"transparente margen warum wichtig\" data-id=\"content--2\" data-export-id=\"content-19\" data-category=\"content\" class=\"content-19 content-section content-section-spacing white-text\" id=\"transparente-margen-warum-wichtig\"><div class=\"gridContainer\"> <div class=\"row\"><div data-type=\"column\" class=\"col-sm-6 content-col text-center content-section-spacing shadow\"> <p class=\"\" style=\"text-align: center;\"><span style=\"color: rgb(60, 66, 79);\">PROP\u00d3SITO<\/span><\/p><i class=\"fa icon fa-balance-scale big color1\"><\/i> <h2 class=\"font-300\">\u00bfPor qu\u00e9 es importante para nosotros la divulgaci\u00f3n de los m\u00e1rgenes?<\/h2> <p class=\"black\" style=\"text-align: left;\">En algunas empresas, es habitual especificar m\u00e1rgenes de dos d\u00edgitos medios. Esto tiene desventajas para las organizaciones y los aut\u00f3nomos desde varios puntos de vista:<\/p> <p class=\"\" style=\"text-align: left;\">Los candidatos se venden a un precio muy superior al que estiman su propio valor. Esto se asocia con una expectativa correspondientemente alta por parte del cliente con respecto a los conocimientos t\u00e9cnicos del aut\u00f3nomo. En la mayor\u00eda de los casos, el experto desconoce el importe del margen de la empresa de corretaje y cae en la trampa con el cliente.\n<br><br>\nEn estos casos, las organizaciones pagan demasiado por el candidato y suelen estar muy por encima del valor de mercado. A la larga, esto no s\u00f3lo es muy caro, sino que no se justifica en absoluto. Un buen rendimiento cuesta dinero. Pero, \u00bfest\u00e1 realmente justificado un recargo de entre el cuarenta y el cincuenta por ciento, y a menudo durante un periodo de m\u00e1s de seis meses? Nosotros lo vemos de otra manera.\n<br><br>\nLos m\u00e1rgenes demasiado altos y poco transparentes provocan frustraci\u00f3n en todos los lados: El aut\u00f3nomo considera que su trabajo es explotado, porque el intermediario simplemente gana grandes sumas con \u00e9l. El cliente debe tener la sensaci\u00f3n de pagar demasiado sin saber exactamente a qu\u00e9 atenerse. La mano en el coraz\u00f3n: muchos intermediarios ven esta pr\u00e1ctica con ojos cr\u00edticos y reh\u00fayen el paso a la transparencia.<\/p> <\/div> <div class=\"col-sm-5 flexbox-strech center-xs middle-xs no-gutter-col\"><div class=\"flexbox middle-xs center-xs right-img\" data-bg=\"image\" style=\"background-image: url(\"https:\/\/quantumtec.org\/wp-content\/uploads\/2021\/08\/cropped-openbook_handshake_quantum-1.jpg\");\"><\/div><\/div> <\/div><\/div> <\/div><div data-label=\"Open book im Nearshoring\" data-id=\"content--5\" data-export-id=\"content-2\" data-category=\"content\" class=\"content-2 content-section content-section-spacing\" id=\"open-book-im-nearshoring\" style=\"background-color: rgb(245, 250, 253);\"><div class=\"gridContainer\"> <div class=\"row middle-xs\"><div class=\"col-sm-5 bg-image shadow-large-black\" data-bg=\"image\" style=\"background-image: url(\"https:\/\/quantumtec.org\/wp-content\/uploads\/2021\/08\/cropped-malaga_nearshoring_quantum.jpg\");\"><\/div> <div class=\"col-sm-7 full-col-left-padding full-col-right-padding\"> <div class=\"row\"> <div data-type=\"column\" class=\"space-bottom-small content-title-col\"> <h5 class=\"\">NEARSHORING<\/h5> <h2 class=\"\">Libro abierto en Nearshoring<\/h2> <p class=\"\">Especialmente en este \u00e1mbito, nos centramos en la transparencia: los m\u00e1rgenes abiertos son la base de la cooperaci\u00f3n para nosotros.<\/p><\/div> <\/div> <div class=\"row spaced-cols \" data-type=\"row\"> <div class=\"col-xs-6\" data-type=\"column\">  <p class=\"\">Cuando se trata de que las organizaciones encuentren buenos candidatos r\u00e1pidamente y los contraten por un periodo de tiempo m\u00e1s largo, la <span style=\"font-style: italic;\">pol\u00edtica de libro abierto<\/span> es indispensable.\n<br><br>\nLas empresas que re\u00fanen equipos a trav\u00e9s de socios de deslocalizaci\u00f3n se enfrentan a menudo a una caja negra: la cuesti\u00f3n es cu\u00e1nto gana el socio, que a menudo est\u00e1 basado en el extranjero, por el recurso individual. Muchas empresas siguen manteniendo en secreto este importante indicador.<\/p><\/div>    <div class=\"col-xs-6\" data-type=\"column\">  <p class=\"\">Aqu\u00ed tambi\u00e9n enarbolamos la bandera:\n<br><br>\nLos salarios de los miembros del equipo de nuestros clientes se comunican abiertamente, incluso se negocian junto con el cliente. Cobramos tasas de colaboraci\u00f3n por nuestros servicios, que cubren la contrataci\u00f3n, el trabajo administrativo relacionado con el empleo, el trabajo contable y el espacio de oficina, as\u00ed como los gastos de funcionamiento.  \n<br><br>Var\u00edan seg\u00fan el tama\u00f1o del equipo y oscilan entre tres y cuatro cifras por candidato.\n<br><br>\nSolemos comunicar las cantidades exactas al aclarar el pedido.<\/p><\/div><\/div><\/div> <\/div><\/div> <\/div><div data-label=\"Teil der community\" data-id=\"cta--3\" data-export-id=\"cta-centered-bg-section\" data-category=\"cta\" data-section-ov=\"1\" class=\"cta-centered-bg-section content-section content-section-spacing-medium white-text content-relative\" data-parallax-depth=\"20\" id=\"teil-der-community\" style=\"background-color: rgb(255, 255, 255); background-size: cover; background-position: center top; background-image: url(\"https:\/\/quantumtec.org\/wp-content\/uploads\/2021\/08\/openbookpolicy_quantum_international-1.jpg\");\"><div class=\"gridContainer\"> <div class=\"row text-center\"><div data-type=\"column\" class=\"\"> <h2 class=\"\">\u00a1Forma parte de la comunidad!  \n<br><span class=\"font-300\">Cons\u00faltenos y comience inmediatamente con el cumplimiento de sus objetivos.<\/span><\/h2> <a class=\"button big color3\" href=\"https:\/\/calendly.com\/_quantum\/_quantum\" target=\"lightbox\" data-cp-link=\"1\" data-icon=\"\" rel=\"noopener\">Aut\u00f3nomo:A petici\u00f3n<\/a><\/div> <\/div><\/div> <div class=\"section-separator-bottom\">\n    <svg class=\"section-separator-bottom\" data-separator-name=\"triangle-asymmetrical-negative\" preserveaspectratio=\"none\" viewbox=\"0 0 1000 100\" xmlns=\"http:\/\/www.w3.org\/2000\/svg\">\n        <path class=\"svg-white-bg\" d=\"M737.9,94.7L0,0v100h1000V0L737.9,94.7z\"><\/path>\n    <\/svg>\n<\/div><\/div>","protected":false},"excerpt":{"rendered":"<p>Pol\u00edtica de Libro Abierto En una cooperaci\u00f3n s\u00f3lida y a largo plazo, creemos que cumplir las promesas forma parte de los buenos modales tanto como hacer transparentes los m\u00e1rgenes. Por lo tanto, nos adherimos estrictamente a nuestra Pol\u00edtica de Libro Abierto autoimpuesta en todas las \u00e1reas de nuestros servicios, ya sea como freelance o en&hellip; <br \/> <a class=\"read-more\" href=\"https:\/\/quantumtec.org\/es\/libro-abierto-2\/\">Read more<\/a><\/p>\n","protected":false},"author":1,"featured_media":0,"parent":0,"menu_order":9,"comment_status":"closed","ping_status":"closed","template":"pro\/page-templates\/full-width-page.php","meta":{"footnotes":""},"class_list":["post-4656","page","type-page","status-publish","hentry"],"_links":{"self":[{"href":"https:\/\/quantumtec.org\/es\/wp-json\/wp\/v2\/pages\/4656","targetHints":{"allow":["GET"]}}],"collection":[{"href":"https:\/\/quantumtec.org\/es\/wp-json\/wp\/v2\/pages"}],"about":[{"href":"https:\/\/quantumtec.org\/es\/wp-json\/wp\/v2\/types\/page"}],"author":[{"embeddable":true,"href":"https:\/\/quantumtec.org\/es\/wp-json\/wp\/v2\/users\/1"}],"replies":[{"embeddable":true,"href":"https:\/\/quantumtec.org\/es\/wp-json\/wp\/v2\/comments?post=4656"}],"version-history":[{"count":6,"href":"https:\/\/quantumtec.org\/es\/wp-json\/wp\/v2\/pages\/4656\/revisions"}],"predecessor-version":[{"id":5837,"href":"https:\/\/quantumtec.org\/es\/wp-json\/wp\/v2\/pages\/4656\/revisions\/5837"}],"wp:attachment":[{"href":"https:\/\/quantumtec.org\/es\/wp-json\/wp\/v2\/media?parent=4656"}],"curies":[{"name":"wp","href":"https:\/\/api.w.org\/{rel}","templated":true}]}}