{"id":5022,"date":"2022-06-13T15:15:56","date_gmt":"2022-06-13T13:15:56","guid":{"rendered":"https:\/\/quantumtec.org\/sus-recursos-informaticos-provisionales-rapidos-justos-y-altamente-cualificados\/"},"modified":"2022-12-05T22:19:28","modified_gmt":"2022-12-05T21:19:28","slug":"sus-recursos-informaticos-provisionales-rapidos-justos-y-altamente-cualificados","status":"publish","type":"page","link":"https:\/\/quantumtec.org\/es\/sus-recursos-informaticos-provisionales-rapidos-justos-y-altamente-cualificados\/","title":{"rendered":"Sus recursos inform\u00e1ticos provisionales: r\u00e1pidos, justos y altamente cualificados"},"content":{"rendered":"<div data-label=\"Cta\" data-id=\"cta--5\" data-export-id=\"cta-centered-section-grid\" data-category=\"cta\" class=\"cta-centered-section-grid content-section content-section-spacing-medium bg-color1 white-text\" id=\"cta-5\" style=\"background-image: none; background-color: rgb(255, 255, 255);\"><div class=\"gridContainer\"> <div class=\"row text-center\"><div class=\"col-xs-12 col-sm-10 col-sm-offset-1 col-md-8 col-md-offset-2\" data-type=\"column\">   <img decoding=\"async\" class=\"custom-image lazy-loaded\" src=\"https:\/\/quantumtec.org\/wp-content\/uploads\/2022\/06\/cropped-logo-final-transparency-1-1.png\" data-lazy-type=\"image\" data-src=\"https:\/\/quantumtec.org\/wp-content\/uploads\/2022\/06\/cropped-logo-final-transparency-1-1.png\" title=\"QUANTUM Logotipo peque\u00f1o\" alt=\"\"><\/div> <\/div><\/div> <\/div><div data-label=\"Offene Stellen\" data-id=\"content--1\" data-export-id=\"content-19\" data-category=\"content\" class=\"content-19 content-section content-section-spacing white-text\" id=\"offene-stellen-1\"><div class=\"gridContainer\"> <div class=\"row\"><div data-type=\"column\" class=\"col-sm-6 content-col text-center content-section-spacing shadow\"> <i class=\"fa icon fa-magic bordered round large color2\"><\/i> <h2 class=\"font-300\">Vacantes y no hay<br>\ncandidato adecuado:\u00bfdentro?<\/h2>   <p class=\"lead\"><span style=\"color: rgb(60, 66, 79);\">\u00a1Bienvenido al Club!  \n<br>Son ustedes como casi todas las empresas.<\/span><br style=\"color: rgb(60, 66, 79);\"><span style=\"color: rgb(60, 66, 79);\">\n<br>Encontramos, seleccionamos y colocamos a los freelancers por usted en un abrir y cerrar de ojos.<\/span><\/p><a cpid=\"cp_node_18\" href=\"https:\/\/quantumtec.org\/call-back\" class=\"button broken_link big color2\" target=\"_blank\" link=\"1\" icon=\"fa-mouse-pointer\" rel=\"noopener\" data-cp-link=\"1\" data-icon=\"fa-mouse-pointer\"><span class=\"button-icon fa fa-mouse-pointer\"><\/span>INTRODUZCA UNA SOLICITUD DE B\u00daSQUEDA GRATUITA<\/a><\/div> <div class=\"col-sm-5 flexbox-strech center-xs middle-xs no-gutter-col\"><div class=\"flexbox middle-xs center-xs right-img\" data-bg=\"image\" style=\"background-image: url(\"https:\/\/quantumtec.org\/wp-content\/uploads\/2022\/04\/cropped-cropped-shutterstock_1105167263-1024x683_spanish-1-1.jpeg\");\"><\/div><\/div> <\/div><\/div> <\/div><div data-label=\"Offene Stellen\" data-id=\"features--1\" data-export-id=\"features-13-card-bordered\" data-category=\"features\" class=\"features-13 content-section content-section-spacing\" id=\"offene-stellen\" style=\"background-color: rgb(255, 255, 255);\"><div class=\"gridContainer\">  <div class=\"row spaced-cols content-center-sm\" data-type=\"row\"> <div class=\"col-sm-4\"> <div class=\"card bordered y-move\" data-type=\"column\"> <i class=\"fa icon fa-check-circle-o reverse round big color7\"><\/i> <h4 class=\"\">M\u00c1S DE 500 AUT\u00d3NOMOS<\/h4> <p class=\"\" style=\"text-align: left;\">M\u00e1s de <span style=\"font-weight: 600; color: rgb(0, 141, 20);\">500 freelancers<\/span> de D A CH est\u00e1n listos para&nbsp;sus proyectos. Cubrimos sus vacantes en el menor tiempo posible.<\/p> <\/div> <\/div> <div class=\"col-sm-4\"> <div class=\"card bordered y-move\" data-type=\"column\"> <i class=\"fa icon fa-check-circle-o reverse round big color7\"><\/i> <h4 class=\"\">TODOS LOS ROLES DE SCRUM<\/h4> <p class=\"\" style=\"text-align: left;\">Todas las funciones \u00e1giles disponibles para usted: <span style=\"font-weight: 600; color: rgb(0, 141, 20);\">Desarrollador:Inside<\/span>, <span style=\"font-weight: 600; color: rgb(0, 141, 20);\">Scrum Master:Inside<\/span>,  \n<br><span style=\"font-weight: 600; color: rgb(0, 141, 20);\">Product Owner:Inside<\/span>, <span style=\"font-weight: 600; color: rgb(0, 141, 20);\"><span style=\"font-weight: 400; color: rgb(52, 58, 64);\"> Tester<\/span><\/span> <span style=\"font-weight: 600; color: rgb(0, 141, 20);\"><span style=\"font-weight: 400; color: rgb(52, 58, 64);\"><\/span> <span style=\"font-weight: 600; color: rgb(0, 141, 20);\">:Inside<\/span>, <span style=\"font-weight: 600; color: rgb(0, 141, 20);\">DevOps<\/span> y <span style=\"font-weight: 600; color: rgb(0, 141, 20);\">muchos m\u00e1s<\/span>.<\/span><\/p> <\/div> <\/div> <div class=\"col-sm-4\"> <div class=\"card bordered y-move\" data-type=\"column\"> <i class=\"fa icon fa-certificate reverse round big color7\"><\/i> <h4 class=\"\">COMUNIDAD AUDITADA<\/h4> <p class=\"\" style=\"text-align: left;\">Contamos con una <span style=\"font-weight: 600; color: rgb(0, 141, 20);\">comunidad de<\/span> expertos altamente cualificados para nuestros clientes que ha <span style=\"font-weight: 600; color: rgb(0, 141, 20);\">crecido<\/span> a lo largo de los <span style=\"font-weight: 600; color: rgb(0, 141, 20);\">a\u00f1os<\/span>. Muchos de ellos son <span style=\"font-weight: 700; color: rgb(0, 141, 20);\">organizados exclusivamente<\/span> por nosotros.<\/p> <\/div> <\/div><div class=\"col-sm-4\"> <div class=\"card bordered y-move\" data-type=\"column\"> <i class=\"fa icon fa-check-circle-o reverse round big color7\"><\/i> <h4 class=\"\">100% LIBRO ABIERTO<\/h4> <p class=\"\" style=\"text-align: left;\">Garantizamos<span style=\"font-weight: 600; color: rgb(0, 141, 20);\">a<\/span>&nbsp;<span style=\"font-weight: 600; color: rgb(0, 141, 20);\">un 100% de transparencia en los precios<\/span>.&nbsp;Esto significa que usted, como cliente, y el perito al que remite, conocen las condiciones exactas de todas las partes implicadas.<\/p> <\/div> <\/div><div class=\"col-sm-4\"> <div class=\"card bordered y-move\" data-type=\"column\"> <i class=\"fa icon fa-check-circle-o reverse round big color7\"><\/i> <h4 class=\"\">DE LOS EXPERTOS<\/h4> <p class=\"\" style=\"text-align: left;\">Nuestros <span style=\"font-weight: 600; color: rgb(0, 141, 20);\">fundadores<\/span>&nbsp;provienen de entornos de desarrollo de productos \u00e1giles y <span style=\"font-weight: 600; color: rgb(0, 141, 20);\">conocen los retos desde hace d\u00e9cadas<\/span>.  <span style=\"font-weight: 600; color: rgb(0, 141, 20);\">Nosotros mismos<\/span> hacemos un seguimiento digital y <span style=\"font-weight: 600; color: rgb(0, 141, 20);\">vivimos un enfoque Scrum<\/span>.<\/p> <\/div> <\/div><div class=\"col-sm-4\"> <div class=\"card bordered y-move\" data-type=\"column\"> <i class=\"fa icon fa-lock reverse round big color7\"><\/i> <h4 class=\"\">0% RIESGO<\/h4> <p class=\"\" style=\"text-align: left;\">Nuestro servicio est\u00e1 disponible hasta la firma del contrato con un candidato.&nbsp;<span style=\"font-weight: 600; color: rgb(0, 141, 20);\">gratis.<\/span>&nbsp;<span style=\"font-weight: 600; color: rgb(0, 141, 20);\">As\u00ed que puede probarnos sin ning\u00fan riesgo<\/span>. Esperamos su solicitud.<\/p> <\/div> <\/div><\/div> <\/div><\/div><div data-label=\"Cta\" data-id=\"cta--3\" data-export-id=\"cta-blue-section\" data-category=\"cta\" class=\"cta-blue-section content-section content-section-spacing-medium bg-color1 white-text\" id=\"cta-3\"><div class=\"gridContainer\"> <div class=\"row middle-xs\"><div class=\"col-sm-8 space-bottom-xs\" data-type=\"column\"> <h2 class=\"\">\u00a1Pru\u00e9banos gratis!  \n<br><span class=\"font-300\">Convi\u00e9rtase en candidato en menos de 1 minuto:En<\/span><\/h2> <\/div> <div class=\"col-sm-4 end-sm\" data-type=\"column\"> <a class=\"button big color2\" href=\"https:\/\/quantumtec.org\/call-back\" target=\"_blank\" data-cp-link=\"1\" data-icon=\"fa-mouse-pointer\" rel=\"noopener\"><span class=\"button-icon fa fa-mouse-pointer\"><\/span>SOLICITUD DE FREELANCER GRATIS<\/a><\/div> <\/div><\/div> <\/div><div data-label=\"Clients\" data-id=\"clients--3\" data-export-id=\"clients-1\" data-category=\"clients\" class=\"clients-1 content-section content-section-spacing\" id=\"clients-2\" style=\"background-color: rgb(245, 250, 253);\"><div class=\"gridContainer\"> <div class=\"row middle-sm\"><div data-type=\"column\" class=\"col-sm-6 space-bottom-xs\"> <h2 class=\"font-700\">Estas empresas nos dan<br>\nsu confianza<span id=\"_mce_caret\" data-mce-bogus=\"1\" data-mce-type=\"format-caret\"><span style=\"font-weight: 300;\"><\/span><\/span><\/h2> <p class=\"\"><span style=\"font-weight: 300;\">(selecci\u00f3n)<\/span><\/p><p class=\"lead\">Desde las nuevas empresas hasta las corporaciones, nuestros clientes tienen una cosa en com\u00fan:  \n<br>El objetivo es desarrollar soluciones digitales.<\/p><\/div> <div class=\"col-sm-6\"><div data-type=\"row\" class=\"row spaced-cols center-xs padding-lr\"> <div class=\"col-xs-3\"> <img decoding=\"async\" src=\"https:\/\/quantumtec.org\/wp-content\/uploads\/2022\/05\/0i1PLRCTNzi0.png\" data-lazy-type=\"image\" data-src=\"https:\/\/quantumtec.org\/wp-content\/uploads\/2022\/05\/0i1PLRCTNzi0.png\" class=\"desaturate lazy-loaded\" title=\"0i1PLRCTNzi0\" alt=\"\"><\/div><div class=\"col-xs-3\"> <img decoding=\"async\" src=\"https:\/\/quantumtec.org\/wp-content\/uploads\/2022\/05\/cropped-breuninger-1.png\" data-lazy-type=\"image\" data-src=\"https:\/\/quantumtec.org\/wp-content\/uploads\/2022\/05\/cropped-breuninger-1.png\" class=\"desaturate lazy-loaded\" title=\"cropped-breuninger-1.png\" alt=\"\"><\/div> <div class=\"col-xs-3\"> <img decoding=\"async\" src=\"https:\/\/quantumtec.org\/wp-content\/uploads\/2022\/05\/cropped-cropped-csm_c24-Logo-Positiv_437307ca58.png\" data-lazy-type=\"image\" data-src=\"https:\/\/quantumtec.org\/wp-content\/uploads\/2022\/05\/cropped-cropped-csm_c24-Logo-Positiv_437307ca58.png\" class=\"desaturate lazy-loaded\" title=\"cropped-cropped-csm_c24-Logo-Positiv_437307ca58.png\" alt=\"\"><\/div> <div class=\"col-xs-3\"> <img decoding=\"async\" src=\"https:\/\/quantumtec.org\/wp-content\/uploads\/2022\/05\/cropped-cropped-flaschenpost.png\" data-lazy-type=\"image\" data-src=\"https:\/\/quantumtec.org\/wp-content\/uploads\/2022\/05\/cropped-cropped-flaschenpost.png\" class=\"desaturate lazy-loaded\" title=\"cropped-cropped-flaschenpost.png\" alt=\"\"><\/div> <div class=\"col-xs-3\"> <img decoding=\"async\" src=\"https:\/\/quantumtec.org\/wp-content\/uploads\/2022\/05\/cropped-cropped-logo-fressnapf.png\" data-lazy-type=\"image\" data-src=\"https:\/\/quantumtec.org\/wp-content\/uploads\/2022\/05\/cropped-cropped-logo-fressnapf.png\" class=\"desaturate lazy-loaded\" title=\"cropped-cropped-logo-fressnapf.png\" alt=\"\"><\/div> <div class=\"col-xs-3\"> <img decoding=\"async\" src=\"https:\/\/quantumtec.org\/wp-content\/uploads\/2022\/05\/cropped-LW_Logo.png\" data-lazy-type=\"image\" data-src=\"https:\/\/quantumtec.org\/wp-content\/uploads\/2022\/05\/cropped-LW_Logo.png\" class=\"desaturate lazy-loaded\" title=\"cropped-LW_Logo.png\" alt=\"\"><\/div><div class=\"col-xs-3\"> <img decoding=\"async\" src=\"https:\/\/quantumtec.org\/wp-content\/uploads\/2022\/05\/cropped-Sparkasse.svg_.png\" data-lazy-type=\"image\" data-src=\"https:\/\/quantumtec.org\/wp-content\/uploads\/2022\/05\/cropped-Sparkasse.svg_.png\" class=\"desaturate lazy-loaded\" title=\"cropped-Sparkasse.svg_.png\" alt=\"\"><\/div><div class=\"col-xs-3\"> <img decoding=\"async\" src=\"https:\/\/quantumtec.org\/wp-content\/uploads\/2022\/05\/cropped-wealthpilot_logo.png\" data-lazy-type=\"image\" data-src=\"https:\/\/quantumtec.org\/wp-content\/uploads\/2022\/05\/cropped-wealthpilot_logo.png\" class=\"desaturate lazy-loaded\" title=\"cropped-wealthpilot_logo.png\" alt=\"\"><\/div><\/div><\/div> <\/div><\/div> <\/div><div data-label=\"Team\" data-id=\"team--1\" data-export-id=\"team-2\" data-category=\"team\" class=\"team-2 content-section content-section-spacing\" id=\"team-1\" style=\"background-color: rgb(255, 255, 255);\"><div class=\"\"> <div class=\"row text-center\"><div class=\"section-title-col\" data-type=\"column\"> <h2 class=\"\">Los fundadores<\/h2> <p class=\"lead\">Dos expertos, dos especialidades, un objetivo: ofrecerle el apoyo adecuado.<\/p><\/div> <\/div> <div class=\"row spaced-cols content-center-sm center-sm\" data-type=\"row\">      <div class=\"col-sm-6 col-md-3\"> <div class=\"card y-move no-padding bordered\"> <img decoding=\"async\" class=\"face lazy-loaded\" src=\"https:\/\/quantumtec.org\/wp-content\/uploads\/2022\/05\/cropped-cropped-cropped-WhatsApp-Image-2022-03-30-at-12.41.21-2-1.jpeg\" data-lazy-type=\"image\" data-src=\"https:\/\/quantumtec.org\/wp-content\/uploads\/2022\/05\/cropped-cropped-cropped-WhatsApp-Image-2022-03-30-at-12.41.21-2-1.jpeg\" title=\"Burkhard S\u00fcssenguth Director General de QUANTUM\" alt=\"\"> <div data-type=\"column\" class=\"col-padding-small col-padding-small-xs description-container\"> <h4 class=\"font-500\">Burkhard S\u00fcssenguth<\/h4> <p class=\"small\" style=\"font-style: italic;\">Contrataci\u00f3n de directores generales<\/p> <div class=\"social-icons-group\" data-type=\"group\"> <a href=\"#\" target=\"_self\" data-reiki-hidden=\"true\" rel=\"noopener\"><i class=\"fa icon fa-facebook-square gray\"><\/i><\/a> <a href=\"#\" target=\"_self\" data-reiki-hidden=\"true\" rel=\"noopener\"><i class=\"fa icon fa-twitter-square gray\"><\/i><\/a> <a href=\"https:\/\/www.linkedin.com\/in\/bsuessenguth\" target=\"_self\" rel=\"noopener\" class=\"\"><i class=\"fa icon fa-linkedin-square color1\"><\/i><\/a> <a href=\"#\" target=\"_self\" data-reiki-hidden=\"true\" rel=\"noopener\"><i class=\"fa icon fa-google-plus-square gray\"><\/i><\/a><\/div> <p class=\"\" style=\"text-align: left;\"><span style=\"text-align: left;\">Burkhard trabaj\u00f3 como PO, CPO y como User Experience Manager, por cuenta propia y en empresas como Swisscom, ING DiBa, AutoScout 24, gutefrage.net pero tambi\u00e9n en Bosch y Douglas &#8211; siempre digital.&nbsp;<\/span><br style=\"text-align: left;\"><br style=\"text-align: left;\"><span style=\"text-align: left;\">Se llev\u00f3 los conocimientos del mundo \u00e1gil a la colocaci\u00f3n de expertos en TI y ahora es el fundador y director general de las dos sedes de Alemania y M\u00e1laga.&nbsp;<\/span><\/p><\/div><\/div> <\/div> <div class=\"col-sm-6 col-md-3\"> <div class=\"card y-move no-padding bordered\"> <img decoding=\"async\" class=\"face lazy-loaded\" src=\"https:\/\/quantumtec.org\/wp-content\/uploads\/2022\/05\/cropped-cropped-WhatsApp-Image-2022-04-13-at-15.54.13.jpeg\" data-lazy-type=\"image\" data-src=\"https:\/\/quantumtec.org\/wp-content\/uploads\/2022\/05\/cropped-cropped-WhatsApp-Image-2022-04-13-at-15.54.13.jpeg\" title=\"Klaus Meisel\" alt=\"\"> <div data-type=\"column\" class=\"col-padding-small col-padding-small-xs description-container\"> <h4 class=\"font-500\">Klaus Meisel<\/h4> <p class=\"small\" style=\"font-style: italic;\">CEO New Business<\/p> <div class=\"social-icons-group\" data-type=\"group\"> <a href=\"#\" target=\"_self\" data-reiki-hidden=\"true\" rel=\"noopener\"><i class=\"fa icon fa-facebook-square gray\"><\/i><\/a> <a href=\"#\" target=\"_self\" data-reiki-hidden=\"true\" rel=\"noopener\"><i class=\"fa icon fa-twitter-square gray\"><\/i><\/a> <a href=\"https:\/\/www.linkedin.com\/in\/klaus-meisel\" target=\"_self\" rel=\"noopener\" class=\"\"><i class=\"fa icon fa-linkedin-square color1\"><\/i><\/a> <a href=\"#\" target=\"_self\" data-reiki-hidden=\"true\" rel=\"noopener\"><i class=\"fa icon fa-google-plus-square gray\"><\/i><\/a><\/div> <p class=\"\" style=\"text-align: left;\">Klaus es un mediador inform\u00e1tico de pura cepa y lleva m\u00e1s de 15 a\u00f1os en varias empresas desempe\u00f1ando diferentes funciones en el \u00e1mbito de los nuevos negocios.\n<br><br>\nComo mentor, entrenador y director de ventas, ahora es responsable del negocio de nuevos clientes de QUANTUM en Alemania, Austria, Suiza y Espa\u00f1a.<\/p><\/div><\/div> <\/div> <\/div> <\/div><\/div><div data-label=\"Cta\" data-id=\"cta--4\" data-export-id=\"cta-centered-section-grid\" data-category=\"cta\" class=\"cta-centered-section-grid content-section content-section-spacing-medium bg-color1 white-text\" id=\"cta-4\"><div class=\"gridContainer\"> <div class=\"row text-center\"><div class=\"col-xs-12 col-sm-10 col-sm-offset-1 col-md-8 col-md-offset-2\" data-type=\"column\"> <h2 class=\"\">Con\u00f3zcanos<\/h2> <p class=\"\">Por regla general, le explicamos nuestro procedimiento en 15 minutos, y  \n<br>entender sus retos<\/p> <a class=\"button big color2\" href=\"https:\/\/quantumtec.org\/call-back\" target=\"_blank\" data-cp-link=\"1\" data-icon=\"\" rel=\"noopener\">CONCERTAR UNA CITA PARA CONOCERSE<\/a><\/div> <\/div><\/div> <\/div><div data-label=\"Cta\" data-id=\"cta--6\" data-export-id=\"cta-blue-section\" data-category=\"cta\" class=\"cta-blue-section content-section content-section-spacing-medium bg-color1 white-text\" id=\"cta-6\" style=\"background-image: none; background-color: rgb(52, 58, 64);\"><div class=\"gridContainer\"> <div class=\"row middle-xs\"><div class=\"col-sm-8 space-bottom-xs\" data-type=\"column\">  <\/div> <div class=\"col-sm-4 end-sm\" data-type=\"column\"><p class=\"\"><a data-mce-href=\"impressum\/\" href=\"https:\/\/quantumtec.org\/lnkin_1_freelancer\/impressum\" target=\"_blank\" rel=\"noopener\" data-mce-selected=\"inline-boundary\" data-cp-link=\"1\">Pie de imprenta<\/a><\/p> <\/div> <\/div><\/div> <\/div>","protected":false},"excerpt":{"rendered":"<p>Vacantes y no hay candidato adecuado:\u00bfdentro? \u00a1Bienvenido al Club! Son ustedes como casi todas las empresas. Encontramos, seleccionamos y colocamos a los freelancers por usted en un abrir y cerrar de ojos.INTRODUZCA UNA SOLICITUD DE B\u00daSQUEDA GRATUITA M\u00c1S DE 500 AUT\u00d3NOMOS M\u00e1s de 500 freelancers de D A CH est\u00e1n listos para&nbsp;sus proyectos. Cubrimos sus&hellip; <br \/> <a class=\"read-more\" href=\"https:\/\/quantumtec.org\/es\/sus-recursos-informaticos-provisionales-rapidos-justos-y-altamente-cualificados\/\">Read more<\/a><\/p>\n","protected":false},"author":1,"featured_media":0,"parent":4900,"menu_order":1,"comment_status":"closed","ping_status":"closed","template":"pro\/page-templates\/landing-page.php","meta":{"footnotes":""},"class_list":["post-5022","page","type-page","status-publish","hentry"],"_links":{"self":[{"href":"https:\/\/quantumtec.org\/es\/wp-json\/wp\/v2\/pages\/5022","targetHints":{"allow":["GET"]}}],"collection":[{"href":"https:\/\/quantumtec.org\/es\/wp-json\/wp\/v2\/pages"}],"about":[{"href":"https:\/\/quantumtec.org\/es\/wp-json\/wp\/v2\/types\/page"}],"author":[{"embeddable":true,"href":"https:\/\/quantumtec.org\/es\/wp-json\/wp\/v2\/users\/1"}],"replies":[{"embeddable":true,"href":"https:\/\/quantumtec.org\/es\/wp-json\/wp\/v2\/comments?post=5022"}],"version-history":[{"count":2,"href":"https:\/\/quantumtec.org\/es\/wp-json\/wp\/v2\/pages\/5022\/revisions"}],"predecessor-version":[{"id":6183,"href":"https:\/\/quantumtec.org\/es\/wp-json\/wp\/v2\/pages\/5022\/revisions\/6183"}],"up":[{"embeddable":true,"href":"https:\/\/quantumtec.org\/es\/wp-json\/wp\/v2\/pages\/4900"}],"wp:attachment":[{"href":"https:\/\/quantumtec.org\/es\/wp-json\/wp\/v2\/media?parent=5022"}],"curies":[{"name":"wp","href":"https:\/\/api.w.org\/{rel}","templated":true}]}}