{"id":5989,"date":"2022-11-21T19:48:53","date_gmt":"2022-11-21T18:48:53","guid":{"rendered":"https:\/\/quantumtec.org\/contratacion-interina\/"},"modified":"2022-11-21T20:17:20","modified_gmt":"2022-11-21T19:17:20","slug":"contratacion-interina","status":"publish","type":"page","link":"https:\/\/quantumtec.org\/es\/para-las-empresas\/contratacion-interina\/","title":{"rendered":"Contrataci\u00f3n interina"},"content":{"rendered":"<div data-label=\"Direct Search\" data-id=\"content--3\" data-export-id=\"content-7\" data-category=\"content\" class=\"content-7 content-section content-section-spacing\" id=\"direct-search\" style=\"background-color: rgb(255, 255, 255);\">\n<div class=\"gridContainer\">\n<div class=\"row middle-sm\">\n<div class=\"col-sm-6 space-bottom-xs\" data-type=\"column\">\n<p class=\"\"><span style=\"color: rgb(60, 66, 79);\">B\u00daSQUEDA DIRECTA<\/span><\/p>\n\n<h2 class=\"\">\u00bfNecesita ayuda urgente? \u00bfNo puedes encontrar reclutadores o buenos cazatalentos?<\/h2>\n<p class=\"\">Ponemos a su disposici\u00f3n a nuestros profesionales que ir\u00e1n a la b\u00fasqueda con usted y s\u00f3lo para usted. Tienen un valioso know-how a bordo, porque saben c\u00f3mo acercarse a los candidatos e inspirarlos para su empresa.<\/p>\n<span id=\"_mce_caret\" data-mce-bogus=\"1\" data-mce-type=\"format-caret\" class=\"\"><span style=\"font-weight: 300;\">Gracias a nuestra propia experiencia pr\u00e1ctica, miramos a trav\u00e9s de las mismas gafas que nuestros clientes y podemos entender bien y tener en cuenta sus deseos y necesidades espec\u00edficas.<\/span><\/span>\n\nPreg\u00fantanos, lo haremos por ti.\n\n<\/div>\n<div class=\"col-sm-6\" data-type=\"column\"> <img decoding=\"async\" class=\"shadow-large lazy-loaded\" src=\"https:\/\/quantumtec.org\/wp-content\/uploads\/2022\/05\/cropped-jason-goodman-tHO1_OuKbg0-unsplash.jpg\" data-lazy-type=\"image\" data-src=\"https:\/\/quantumtec.org\/wp-content\/uploads\/2020\/06\/cropped-cropped-you-x-ventures-ZJlfUi5rTDU-unsplash-scaled-1-1.jpg\" title=\"Recuento de quantum\" alt=\"\"><\/div>\n<\/div>\n<\/div>\n<\/div><div data-label=\"Freelancer finden\" data-id=\"content--2\" data-export-id=\"content-19\" data-category=\"content\" class=\"content-19 content-section content-section-spacing white-text\" id=\"freelancer-finden\">\n<div class=\"gridContainer\">\n<div class=\"row\">\n<div data-type=\"column\" class=\"col-sm-6 content-col text-center content-section-spacing shadow\">\n<p class=\"\" style=\"text-align: center;\"><span style=\"color: rgb(60, 66, 79);\">AUTOMATIZACI\u00d3N<\/span><\/p>\n<i class=\"fa icon fa-rocket big color6\"><\/i>\n<h2 class=\"font-300\">\u00a1ENFOQUE DIRECTO S\u00cd! \u00bfHORAS DE CLIC? \u00a1NO!<\/h2>\n<p class=\"black\" style=\"text-align: left;\"><span style=\"font-weight: 300; color: rgb(52, 58, 64);\">Nuestro proceso, en gran medida automatizado, explora casi todos los rincones de Internet en busca de buenos perfiles. S\u00f3lo necesitamos un trabajo manual en el que se trate de conocer a la persona que est\u00e1 detr\u00e1s del CV. Pero ah\u00ed es todo m\u00e1s intenso: porque lo que ahorramos en el trabajo preparatorio, a menudo todav\u00eda manual, mediante la automatizaci\u00f3n, lo ponemos con atenci\u00f3n al detalle donde corresponde: en la relaci\u00f3n interpersonal.<\/span><\/p>\n\n\n<\/div>\n<div class=\"col-sm-5 flexbox-strech center-xs middle-xs no-gutter-col\">\n<div class=\"flexbox middle-xs center-xs right-img\" data-bg=\"image\" style=\"background-image: url(\"https:\/\/quantumtec.org\/wp-content\/uploads\/2022\/07\/cropped-thisisengineering-raeng-hOCYuLmTTnY-unsplash.jpg\");\"><\/div>\n<\/div>\n<\/div>\n<\/div>\n<\/div><div data-label=\"Cta\" data-id=\"cta--3\" data-export-id=\"cta-centered-bg-section\" data-category=\"cta\" data-section-ov=\"1\" class=\"cta-centered-bg-section content-section content-section-spacing-medium white-text content-relative\" data-parallax-depth=\"20\" id=\"cta-3\" style=\"background-color: rgb(255, 255, 255); background-image: url(\"https:\/\/quantumtec.org\/wp-content\/uploads\/2020\/06\/cropped-austin-distel-mpN7xjKQ_Ns-unsplash-scaled.jpg\"); background-size: cover; background-position: center top;\">\n<div class=\"gridContainer\">\n<div class=\"row text-center\">\n<div data-type=\"column\" class=\"\">\n<h2 class=\"\">\u00a1Reserve una parte de calidad!\n\n<span class=\"font-300\">\u00a1Preg\u00fantanos y empieza a cumplir tus objetivos!<\/span><\/h2>\n<a class=\"button big force-shadow color2\" href=\"https:\/\/quantumtec.org\/call-back\" target=\"_blank\" data-cp-link=\"1\" data-icon=\"\" rel=\"noopener\">PREG\u00daNTANOS HOY  &gt;&gt;<\/a>\n\n<\/div>\n<\/div>\n<\/div>\n\n<\/div><div data-label=\"About\" data-id=\"about--1\" data-export-id=\"about-4\" data-category=\"about\" class=\"about-4 content-section content-section-spacing\" id=\"about-1\" style=\"background-color: rgb(245, 250, 253);\"><div class=\"gridContainer\"> <div class=\"row middle-sm text-center\"><div class=\"col-sm-5 space-bottom-xs\" data-type=\"column\"> <h5 class=\"\">SERVICIOS INTERNACIONALES<\/h5> <h2 class=\"\">EN TODO EL MUNDO&nbsp;<br><font face=\"Playfair Display, sans-serif\"><b><i>reclutamiento<\/i><\/b><\/font><\/h2> <p class=\"\" style=\"text-align: left;\">Con nuestra estrategia internacional, no s\u00f3lo tenemos \u00e9xito en el \u00e1rea de D A CH, sino que tambi\u00e9n somos su contacto cuando se trata de encontrar candidatos en otros pa\u00edses de la UE o del mundo y ganarlos como colegas para su empresa.<\/p> <\/div> <div class=\"col-sm-7 flexbox center-xs middle-xs image-group-2-img\"> <img decoding=\"async\" class=\"img-1 shadow-large\" data-size=\"250x200\" src=\"https:\/\/quantumtec.org\/wp-content\/uploads\/2022\/04\/cropped-parabol-JFyZKVIxtq0-unsplash-scaled-1.jpg\" title=\"B\u00fasqueda internacional\" alt=\"Entrenador \u00e1gil\"> <img decoding=\"async\" class=\"img-2 shadow-large\" data-size=\"220x170\" src=\"https:\/\/quantumtec.org\/wp-content\/uploads\/2022\/05\/cropped-jason-goodman-bzqU01v-G54-unsplash.jpg\" title=\"Contrataci\u00f3n internacional\" alt=\"\"><\/div> <\/div><\/div> <\/div><div data-label=\"About\" data-id=\"about--2\" data-export-id=\"about-text-image\" data-category=\"about\" class=\"about-text-image content-section content-section-spacing\" id=\"about-2\" style=\"background-color: rgb(255, 255, 255);\"><div class=\"gridContainer\"> <div class=\"row\"><div class=\"col-sm-6 col-padding-small-xs col-sm-padding-large bg-color5 white-text content-col\" data-type=\"column\"> <h5 class=\"\">Modelo<\/h5> <h2 class=\"\">Pagar  &nbsp;<br> <span href=\"#\" style=\"font-family: Playfair Display,sans-serif; font-weight: 700; font-style: italic;\">sobre la marcha<\/span><\/h2> <p class=\"\">Nuestro modelo flexible, basado en horas, le permite elegir la intensidad del apoyo que desea. El precio depende de la experiencia de nuestro consultor.&nbsp;<\/p><\/div> <div class=\"col-sm-6 flexbox-strech center-xs middle-xs no-gutter-col\"><div class=\"shadow-large overlap-left-large flexbox middle-xs center-xs right-img\" data-bg=\"image\" style=\"background-image: url(\"https:\/\/quantumtec.org\/wp-content\/uploads\/2020\/06\/cropped-cropped-cropped-brooke-cagle-g1Kr4Ozfoac-unsplash-scaled-1.jpg\");\"><\/div><\/div> <\/div><\/div> <\/div>","protected":false},"excerpt":{"rendered":"<p>B\u00daSQUEDA DIRECTA \u00bfNecesita ayuda urgente? \u00bfNo puedes encontrar reclutadores o buenos cazatalentos? Ponemos a su disposici\u00f3n a nuestros profesionales que ir\u00e1n a la b\u00fasqueda con usted y s\u00f3lo para usted. Tienen un valioso know-how a bordo, porque saben c\u00f3mo acercarse a los candidatos e inspirarlos para su empresa. Gracias a nuestra propia experiencia pr\u00e1ctica, miramos&hellip; <br \/> <a class=\"read-more\" href=\"https:\/\/quantumtec.org\/es\/para-las-empresas\/contratacion-interina\/\">Read more<\/a><\/p>\n","protected":false},"author":1,"featured_media":0,"parent":3813,"menu_order":12,"comment_status":"closed","ping_status":"closed","template":"pro\/page-templates\/full-width-page.php","meta":{"footnotes":""},"class_list":["post-5989","page","type-page","status-publish","hentry"],"_links":{"self":[{"href":"https:\/\/quantumtec.org\/es\/wp-json\/wp\/v2\/pages\/5989","targetHints":{"allow":["GET"]}}],"collection":[{"href":"https:\/\/quantumtec.org\/es\/wp-json\/wp\/v2\/pages"}],"about":[{"href":"https:\/\/quantumtec.org\/es\/wp-json\/wp\/v2\/types\/page"}],"author":[{"embeddable":true,"href":"https:\/\/quantumtec.org\/es\/wp-json\/wp\/v2\/users\/1"}],"replies":[{"embeddable":true,"href":"https:\/\/quantumtec.org\/es\/wp-json\/wp\/v2\/comments?post=5989"}],"version-history":[{"count":5,"href":"https:\/\/quantumtec.org\/es\/wp-json\/wp\/v2\/pages\/5989\/revisions"}],"predecessor-version":[{"id":6022,"href":"https:\/\/quantumtec.org\/es\/wp-json\/wp\/v2\/pages\/5989\/revisions\/6022"}],"up":[{"embeddable":true,"href":"https:\/\/quantumtec.org\/es\/wp-json\/wp\/v2\/pages\/3813"}],"wp:attachment":[{"href":"https:\/\/quantumtec.org\/es\/wp-json\/wp\/v2\/media?parent=5989"}],"curies":[{"name":"wp","href":"https:\/\/api.w.org\/{rel}","templated":true}]}}