{"id":7781,"date":"2024-02-07T17:17:23","date_gmt":"2024-02-07T16:17:23","guid":{"rendered":"https:\/\/quantumtec.org\/?page_id=7781"},"modified":"2024-02-07T17:29:13","modified_gmt":"2024-02-07T16:29:13","slug":"it-executive-search","status":"publish","type":"page","link":"https:\/\/quantumtec.org\/es\/it-executive-search\/","title":{"rendered":"B\u00fasqueda activa de ejecutivos de TI"},"content":{"rendered":"<div data-label=\"Features\" data-id=\"features--1\" data-export-id=\"features-13-card-bordered\" data-category=\"features\" class=\"features-13 content-section content-section-spacing\" id=\"features-1\" style=\"background-color: rgb(255, 255, 255);\"><div class=\"\"> <div class=\"row text-center\"><div class=\"section-title-col\" data-type=\"column\"> <h2 class=\"\">B\u00daSQUEDA DE EJECUTIVOS DE TI&nbsp;<\/h2> <p class=\"lead\">Esta perspectiva a largo plazo en la adquisici\u00f3n de talento ayuda a las empresas a crear un equipo directivo fuerte y din\u00e1mico que garantice el \u00e9xito futuro a largo plazo.<\/p><\/div> <\/div> <div class=\"row spaced-cols content-center-sm\" data-type=\"row\"> <div class=\"col-sm-4\"> <div class=\"card bordered y-move\" data-type=\"column\"> <i class=\"fa icon fa-bullhorn reverse round big color1\"><\/i> <h4 class=\"\">IDENTIFICACI\u00d3N<\/h4> <p class=\"\">La contrataci\u00f3n activa nos permite contratar activamente a personal altamente cualificado.  \n<br>Dir\u00edjase a candidatos de nivel C que quiz\u00e1 no est\u00e9n buscando trabajo activamente y atr\u00e1igalos a su organizaci\u00f3n desde el principio.\n\n<br><\/p> <\/div> <\/div> <div class=\"col-sm-4\"> <div class=\"card bordered y-move\" data-type=\"column\"> <i class=\"fa icon fa-certificate reverse round big color1\"><\/i> <h4 class=\"\">VENTAJA COMPETITIVA<\/h4> <p class=\"\">El uso de Talent Scouts proporciona a su organizaci\u00f3n una clara ventaja competitiva al ofrecerle un acceso temprano a candidatos de nivel C altamente cualificados, especialmente en sectores altamente competitivos.<\/p> <\/div> <\/div> <div class=\"col-sm-4\"> <div class=\"card bordered y-move\" data-type=\"column\"> <i class=\"fa icon fa-graduation-cap reverse round big color1\"><\/i> <h4 class=\"\">TALENTPOOL<\/h4> <p class=\"\">Creamos continuamente una reserva de talento que proporciona a su empresa candidatos cualificados para futuros puestos de nivel C, incluso si no est\u00e1n disponibles actualmente.\n<br><\/p> <\/div> <\/div><\/div> <\/div><\/div><div data-label=\"sweet kick\" data-id=\"content--1\" data-export-id=\"content-9\" data-category=\"content\" class=\"content-9 content-section content-section-spacing\" id=\"executive-search\" style=\"background-color: rgb(255, 255, 255);\"><div class=\"\"> <div class=\"row text-center\"><div class=\"section-title-col\" data-type=\"column\"> <h2 class=\"\" style=\"text-align: left;\">B\u00fasqueda de ejecutivos en TI<\/h2> <h3 class=\"\" style=\"text-align: left;\">R\u00e1pida y discretamente&nbsp;a los nuevos l\u00edderes de su organizaci\u00f3n<\/h3><img decoding=\"async\" class=\"custom-image\" src=\"https:\/\/quantumtec.org\/wp-content\/uploads\/2021\/03\/cropped-cropped-cropped-cropped-Bildschirmfoto-2021-03-09-um-15.49.25.png\" title=\"Quantum Executive Search\" alt=\"\"><p class=\"\" style=\"text-align: left;\">\n<br><br>La contrataci\u00f3n activa en el sector inform\u00e1tico de nivel C es una de las competencias b\u00e1sicas de QUANTUM.&nbsp;<span style=\"font-weight: 700;\">m\u00e9todo altamente especializado<\/span> para identificar y dirigirse a los directivos del sector inform\u00e1tico. En este entorno din\u00e1mico, en el que los mejores talentos est\u00e1n muy buscados, <span style=\"font-weight: 700;\">Active Sourcing de QUANTUM<\/span> ofrece <span style=\"font-weight: 700;\">un enfoque estrat\u00e9gico<\/span> para atraer a directivos altamente cualificados para puestos exigentes.\n<br><br>\nNuestros exploradores de contrataci\u00f3n activa utilizan<span style=\"font-weight: 700;\"> mecanismos de b\u00fasqueda selectiva<\/span> para identificar candidatos de nivel C que quiz\u00e1 no est\u00e9n buscando trabajo activamente, pero que poseen <span style=\"font-weight: 700;\">aptitudes y experiencia excepcionales<\/span>. Permitimos a nuestros clientes <span style=\"font-weight: 700;\">encontrar directivos de primera clase para sus equipos inform\u00e1ticos<\/span> de forma discreta y <span style=\"font-weight: 700;\">eficaz<\/span> mediante un enfoque personalizado y una b\u00fasqueda encubierta.\n<br><br>\nLa atenci\u00f3n se centra <span style=\"font-weight: 700;\">no s\u00f3lo en las cualificaciones profesionales<\/span>, sino tambi\u00e9n en la perfecta<span style=\"font-weight: 700;\"> integraci\u00f3n en la cultura empresarial<\/span>. La contrataci\u00f3n activa en el sector de TI de nivel C no s\u00f3lo permite ahorrar tiempo en la contrataci\u00f3n, sino que tambi\u00e9n supone una <span style=\"font-weight: 700;\">clara ventaja competitiva<\/span> y <span style=\"font-weight: 700;\">refuerza la marca del empleador<\/span>.\n<br><br>\nDescubra con nosotros el mundo de la contrataci\u00f3n activa y consiga<span style=\"font-weight: 700;\"> los mejores talentos<\/span> que har\u00e1n avanzar a su empresa de TI.\n<\/p><h1 class=\"\" style=\"text-align: left;\">El efecto QUANTUM<\/h1><h3 class=\"\" style=\"text-align: left;\">1. identificaci\u00f3n selectiva de talentos de nivel C<\/h3><p class=\"\" style=\"text-align: left;\">Como parte de la identificaci\u00f3n selectiva de talentos de nivel C en la contrataci\u00f3n activa, nos centramos en contactar de forma proactiva con directivos cualificados de alto nivel. Esto incluye un enfoque estrat\u00e9gico de los candidatos que pueden no estar buscando trabajo activamente.  \n<br>\n<br>Nuestro objetivo es llegar a profesionales de nivel C que posean la experiencia y las competencias espec\u00edficas necesarias para ocupar con \u00e9xito puestos exigentes.<br>\n\n<br>Mediante el uso de mecanismos de b\u00fasqueda avanzados y un profundo conocimiento de los requisitos de TI, identificamos a los candidatos potenciales que pueden realizar una valiosa contribuci\u00f3n a su organizaci\u00f3n en funci\u00f3n de su experiencia.  \n<br><br>Nos centramos en atraer talentos que quiz\u00e1 no est\u00e9n activamente en el mercado laboral, pero que tienen potencial para marcar una diferencia significativa en su organizaci\u00f3n.<\/p><h3 class=\"\" style=\"text-align: left;\">2. un enfoque del candidato a nivel C adaptado con precisi\u00f3n<\/h3><p class=\"\" style=\"text-align: left;\">Como parte del enfoque personalizado del candidato de nivel C en la b\u00fasqueda activa, concedemos especial importancia a la adaptaci\u00f3n de la comunicaci\u00f3n a los requisitos espec\u00edficos de un puesto de nivel C. Este enfoque personalizado nos permite no s\u00f3lo identificar a candidatos altamente cualificados, sino tambi\u00e9n asegurarnos de que encajan perfectamente en la cultura de la empresa.\n<br><br>\nNuestros expertos entienden que cubrir puestos de nivel C va mucho m\u00e1s all\u00e1 de las cualificaciones t\u00e9cnicas. Analizamos detenidamente los requisitos espec\u00edficos de su empresa, teniendo en cuenta no s\u00f3lo las competencias t\u00e9cnicas, sino tambi\u00e9n factores como el estilo de gesti\u00f3n, los valores de la empresa y la din\u00e1mica del equipo. Al adoptar este enfoque diferenciado, nos aseguramos de que los candidatos de nivel C a los que nos dirigimos no s\u00f3lo tengan la experiencia necesaria, sino que tambi\u00e9n encajen perfectamente en su entorno corporativo.\n<br><br>\nEste ajuste preciso del planteamiento contribuye a garantizar que los candidatos propuestos no s\u00f3lo sean capaces de desempe\u00f1ar sus tareas profesionales de forma excelente, sino que tambi\u00e9n contribuyan de forma duradera al desarrollo positivo de la cultura corporativa. Nos basamos en un an\u00e1lisis en profundidad y en la alineaci\u00f3n para garantizar que los potenciales ejecutivos de nivel C no s\u00f3lo apoyan sus objetivos empresariales, sino que tambi\u00e9n armonizan con los valores y la din\u00e1mica de su empresa.<\/p><h3 class=\"\" style=\"text-align: left;\">3. b\u00fasqueda encubierta de la m\u00e1xima discreci\u00f3n<\/h3><p class=\"\" style=\"text-align: left;\">Nuestra experiencia se extiende tambi\u00e9n al arte de la b\u00fasqueda encubierta en la b\u00fasqueda activa, lo que nos permite garantizar a nuestros clientes la m\u00e1xima discreci\u00f3n. La b\u00fasqueda encubierta es un m\u00e9todo especialmente ingenioso que permite a las empresas identificar a los mejores talentos sin tener que hacer ellas mismas una aparici\u00f3n p\u00fablica. Este enfoque no s\u00f3lo garantiza la m\u00e1xima confidencialidad, sino tambi\u00e9n la protecci\u00f3n de la informaci\u00f3n sensible de la empresa.\n<br><br>\nLa b\u00fasqueda encubierta permite a nuestros clientes buscar talentos potenciales de nivel C en segundo plano sin revelar su identidad. Esto es especialmente importante en los sectores en los que hay competencia por los mejores talentos. Este enfoque discreto permite a las empresas pasar desapercibidas y llevar a cabo su b\u00fasqueda de ejecutivos altamente cualificados sin publicidad.\n<br><br>\nLa discreci\u00f3n absoluta es nuestra m\u00e1xima prioridad y utilizamos medidas de seguridad de \u00faltima generaci\u00f3n para garantizar la protecci\u00f3n de la informaci\u00f3n confidencial de la empresa. Nuestro objetivo es construir una asociaci\u00f3n de confianza en la que nuestros clientes puedan confiar para llevar a cabo su b\u00fasqueda de los mejores talentos de forma profesional, secreta y con \u00e9xito.<\/p><h3 class=\"\" style=\"text-align: left;\">4. eficacia del tiempo<\/h3><p class=\"\" style=\"text-align: left;\">En el \u00e1mbito de la eficiencia temporal en la b\u00fasqueda activa de personal para puestos de nivel C, hacemos especial hincapi\u00e9 en la identificaci\u00f3n proactiva de posibles candidatos. Este planteamiento nos permite acelerar considerablemente todo el proceso de contrataci\u00f3n y reducir dr\u00e1sticamente el tiempo de espera habitual de las candidaturas.\n<br><br>\nEn lugar de esperar pasivamente las candidaturas, entablamos un di\u00e1logo activo con candidatos de nivel C altamente cualificados que quiz\u00e1 no est\u00e9n buscando trabajo activamente. Al localizar e identificar el talento potencial en una fase temprana, podemos integrarlo m\u00e1s r\u00e1pidamente en el proceso de selecci\u00f3n. Esto no s\u00f3lo acorta todo el ciclo de contrataci\u00f3n, sino que tambi\u00e9n permite a nuestros clientes responder m\u00e1s r\u00e1pidamente a las din\u00e1micas condiciones del mercado y atraer a los mejores talentos para puestos clave.<br>\n\n<br>Nuestro enfoque proactivo para identificar candidatos de nivel C contribuye a minimizar los cuellos de botella en el proceso de contrataci\u00f3n y permite a las empresas cubrir sus puestos directivos con los mejores talentos disponibles en el momento oportuno. Entendemos que el tiempo es un factor cr\u00edtico para el \u00e9xito y hacemos todo lo posible para que el proceso de contrataci\u00f3n sea eficiente y espec\u00edfico.<\/p><h3 class=\"\" style=\"text-align: left;\">5. ventaja competitiva<\/h3><p class=\"\" style=\"text-align: left;\">En el contexto de la ventaja competitiva en la contrataci\u00f3n activa para puestos de nivel C, hacemos especial hincapi\u00e9 en el uso selectivo de Talent Scouts. Este enfoque estrat\u00e9gico permite a las empresas obtener una clara ventaja sobre sus competidores accediendo a candidatos de nivel C altamente cualificados en una fase temprana, especialmente en sectores altamente competitivos.\n<br><br>\nLa competencia por directivos de primera clase en el sector de las TI es intensa. Mediante el uso de cazatalentos experimentados, las empresas pueden actuar con antelaci\u00f3n en el mercado y asegurarse el acceso a los mejores talentos antes de que est\u00e9n disponibles p\u00fablicamente. Esta ventaja es crucial para imponerse en mercados altamente competitivos y atraer a las mejores mentes para los puestos clave.\n<br><br>\nLa experiencia de nuestros exploradores de talentos permite a las empresas no s\u00f3lo estar al d\u00eda de la situaci\u00f3n actual del mercado, sino tambi\u00e9n adoptar un papel proactivo en la identificaci\u00f3n y el acercamiento a los mejores talentos. Esta ventaja competitiva ayuda a las organizaciones no s\u00f3lo a atraer a los mejores candidatos disponibles de nivel C, sino tambi\u00e9n a ocupar una posici\u00f3n de liderazgo en su sector. Nuestro enfoque estrat\u00e9gico ayuda a las empresas a ir un paso por delante de la competencia y a asegurarse el talento que necesitan para triunfar.<\/p><h3 class=\"\" style=\"text-align: left;\">6. mejora de la marca empleador<\/h3><p class=\"\" style=\"text-align: left;\">En el contexto de la mejora de la marca de empleador a trav\u00e9s de la contrataci\u00f3n activa para puestos de nivel C, nos centramos en lograr un impacto duradero en la marca de empleador a trav\u00e9s de nuestra b\u00fasqueda activa de los mejores talentos y un enfoque espec\u00edfico. Este enfoque espec\u00edfico no s\u00f3lo refuerza el posicionamiento de su empresa, sino que tambi\u00e9n la hace m\u00e1s atractiva para los trabajadores cualificados y env\u00eda se\u00f1ales positivas a los posibles candidatos.\n<br><br>\nNuestra experiencia en b\u00fasqueda activa nos permite no s\u00f3lo identificar directivos cualificados, sino tambi\u00e9n acercarnos activamente a los candidatos potenciales y presentar su empresa como un empleador atractivo. El enfoque espec\u00edfico no s\u00f3lo tiene en cuenta las cualificaciones profesionales, sino que tambi\u00e9n hace hincapi\u00e9 en la cultura empresarial, los valores y las oportunidades de desarrollo profesional. Esto crea una imagen positiva que aumenta el atractivo de su empresa como empleador.<br>\n\n<br>La mejora de la marca de empleador ayudar\u00e1 a su organizaci\u00f3n no s\u00f3lo a atraer a los mejores talentos de nivel C, sino tambi\u00e9n a establecer relaciones a largo plazo con los profesionales. Este posicionamiento sostenible como empleador atractivo proporciona a su empresa una ventaja estrat\u00e9gica en el mercado laboral y fomenta el \u00e9xito a largo plazo en la contrataci\u00f3n de ejecutivos de nivel C altamente cualificados.<\/p><h3 class=\"\" style=\"text-align: left;\">7. desarrollo de una reserva de talentos<\/h3><p class=\"\" style=\"text-align: left;\">En el \u00e1mbito del desarrollo de reservas de talento como parte de la contrataci\u00f3n activa para puestos de nivel C, nos centramos en la creaci\u00f3n continua de una reserva de talento cualificado. Para ello, se identifican candidatos potenciales que pueden no estar disponibles en la actualidad, pero que tienen potencial para ocupar con \u00e9xito futuros puestos de nivel C.\n<br><br>\nNuestros expertos comprenden la importancia de la planificaci\u00f3n a largo plazo y la adquisici\u00f3n proactiva de talento. Mediante un enfoque espec\u00edfico y un planteamiento estrat\u00e9gico, identificamos a profesionales de nivel C que actualmente no est\u00e1n buscando trabajo de forma activa, pero cuya experiencia y competencias podr\u00edan convertirlos en recursos valiosos para su empresa. Estos talentos se a\u00f1aden a nuestra reserva de talentos para que podamos reaccionar con rapidez y eficacia a futuras necesidades en caso necesario.\n<br><br>\nEl desarrollo continuo de una reserva de talentos ofrece a las empresas la oportunidad de reaccionar con flexibilidad a los cambios en el equipo directivo y cubrir los puestos con candidatos cualificados en el momento oportuno. Esta perspectiva a largo plazo en la adquisici\u00f3n de talento ayuda a las empresas a crear un equipo directivo fuerte y din\u00e1mico que garantice el \u00e9xito futuro a largo plazo.<\/p><\/div> <\/div> <div class=\"row space-bottom text-center\" data-type=\"row\">   <div class=\"col-sm-4 col-padding-small\">  <\/div> <\/div> <div class=\"row center-xs middle-xs\"> <div class=\"col-sm-12\" data-type=\"column\">  <\/div><\/div> <\/div><\/div>","protected":false},"excerpt":{"rendered":"<p>B\u00daSQUEDA DE EJECUTIVOS DE TI&nbsp; Esta perspectiva a largo plazo en la adquisici\u00f3n de talento ayuda a las empresas a crear un equipo directivo fuerte y din\u00e1mico que garantice el \u00e9xito futuro a largo plazo. IDENTIFICACI\u00d3N La contrataci\u00f3n activa nos permite contratar activamente a personal altamente cualificado. Dir\u00edjase a candidatos de nivel C que quiz\u00e1&hellip; <br \/> <a class=\"read-more\" href=\"https:\/\/quantumtec.org\/es\/it-executive-search\/\">Read more<\/a><\/p>\n","protected":false},"author":13,"featured_media":0,"parent":0,"menu_order":13,"comment_status":"closed","ping_status":"closed","template":"pro\/page-templates\/full-width-page.php","meta":{"footnotes":""},"class_list":["post-7781","page","type-page","status-publish","hentry"],"_links":{"self":[{"href":"https:\/\/quantumtec.org\/es\/wp-json\/wp\/v2\/pages\/7781","targetHints":{"allow":["GET"]}}],"collection":[{"href":"https:\/\/quantumtec.org\/es\/wp-json\/wp\/v2\/pages"}],"about":[{"href":"https:\/\/quantumtec.org\/es\/wp-json\/wp\/v2\/types\/page"}],"author":[{"embeddable":true,"href":"https:\/\/quantumtec.org\/es\/wp-json\/wp\/v2\/users\/13"}],"replies":[{"embeddable":true,"href":"https:\/\/quantumtec.org\/es\/wp-json\/wp\/v2\/comments?post=7781"}],"version-history":[{"count":5,"href":"https:\/\/quantumtec.org\/es\/wp-json\/wp\/v2\/pages\/7781\/revisions"}],"predecessor-version":[{"id":7802,"href":"https:\/\/quantumtec.org\/es\/wp-json\/wp\/v2\/pages\/7781\/revisions\/7802"}],"wp:attachment":[{"href":"https:\/\/quantumtec.org\/es\/wp-json\/wp\/v2\/media?parent=7781"}],"curies":[{"name":"wp","href":"https:\/\/api.w.org\/{rel}","templated":true}]}}